{"id":6730,"date":"2024-11-16T14:31:31","date_gmt":"2024-11-16T14:31:31","guid":{"rendered":"https:\/\/chemicalstore.ee\/toode\/mikrofiiber-veljepuhastusharimicrofiber-rim-brush-foliatec\/"},"modified":"2024-11-16T14:31:42","modified_gmt":"2024-11-16T14:31:42","slug":"tootuli-panther-alpha-30-30w-4000k-purelux","status":"publish","type":"product","link":"https:\/\/chemicalstore.ee\/ru\/toode\/tootuli-panther-alpha-30-30w-4000k-purelux\/","title":{"rendered":"T\u00f6\u00f6tuli Panther Alpha 30, 30W 4000K &#8211; Purelux"},"content":{"rendered":"<p>Purelux Panther Alpha on suurejooneline uue p\u00f5lvkonna t\u00f6\u00f6valgustiseeria, mis on loodud v\u00e4ljakutsuvatesse oludesse. Alfalambid toovad t\u00f6\u00f6tulede turule midagi t\u00e4iesti uut oman\u00e4olise disaini, lisatuledest inspireeritud laia valgusmustri ja kahev\u00e4rvilise parkimis-\/ekstreemvalgustiga. Lisaks on valgustid saadaval kahe erineva v\u00e4rvitemperatuuriga, mis v\u00f5imaldab luua individuaalseid valguslahendusi. Madala profiiliga Panther Alpha 30 valgusv\u00f5imsus on 2800 lm ning t\u00e4nu t\u00e4iustatud reflektortehnoloogiale on selle valgusmuster horisontaalselt lai, kuid vertikaalselt pehmelt piiritletud, nii et valgus on suunatud maksimaalselt t\u00f6\u00f6alale, kuid pimestus. valgustatud ala \u00fcmbritsevast alast on oluliselt v\u00e4henenud. Oma suuruse t\u00f5ttu on Panther Alpha 30 suurep\u00e4rane valik n\u00e4iteks veoautodele ja veoautodele \u0161assii ja tagumise t\u00f6\u00f6tulena, t\u00f6\u00f6masinate \u00e4\u00e4ristulena ning kaubikute ja maasturite silmapaistmatute paigalduste jaoks. Panther Alpha 30 on varustatud R23, st tagurdustulede kinnitusega.Panther Alpha seeria tuled on saadaval nii 4000K kui ka 5000K v\u00e4rvitemperatuuriga versioonis, mis v\u00f5imaldab luua optimaalse valgustuse: neutraalne 5000 kelvini v\u00e4rvitemperatuur on parim valik masina \u00fcldvalgustuseks, kuid veidi soojem 4000K v\u00e4rvitemperatuur t\u00f6\u00f6tab paremini. nt. lumistes v\u00f5i tolmustes tingimustes, sest soojem v\u00e4rvitoon v\u00e4hendab pimestamist nt lumes v\u00f5i tolmus. Pimestamist hoiab \u00e4ra ka Alpha sarjas kasutatav valgusvihk: \u00fclalt ja alt piiratud valgusmuster tagab, et valgus ei ole suunatud tarbetule lumesajule v\u00f5i \u00f5hus h\u00f5ljuvale tolmule v\u00f5i udule, vaid valgus on suunatud ainult t\u00f6\u00f6objekt. Samuti saab valgusteid h\u00f5lpsalt suunata nii, et teiste l\u00e4heduses t\u00f6\u00f6tavate inimeste pimestamine oleks minimaalne.Lisaks suurep\u00e4rastele valgustusomadustele on Panther Alpha tuled ka \u00fclimalt stiilsed ning nende ainulaadne disainikeel erineb t\u00e4ielikult teistest turul leiduvatest t\u00f6\u00f6valgustitest. Suurep\u00e4rane disain koos tumeda profiiliga ja oran\u017ei v\u00f5i punase seisutulega raamita objektiivi allosas muudavad Alpha tuled ainulaadseks lisandiks igale s\u00f5idukile. Lisaks on need lambid loodud taluma ka keerulisi tingimusi, millest annab tunnistust nt. nende k\u00f5rgeim v\u00f5imalik tihedusaste (IP69K), vastupidavast alumiiniumist raam ja praktiliselt purunematust pol\u00fckarbonaadist l\u00e4\u00e4ts. Tuledel on ka intelligentne temperatuuri reguleerimise s\u00fcsteem, mis hoiab \u00e4ra \u00fclekuumenemise ka pikkadel t\u00f6\u00f6p\u00e4evadel ning garanteerib ohutu ja muretu t\u00f6\u00f6tamise ka hooajat\u00f6\u00f6del. Lai t\u00f6\u00f6pinge (9-36V) v\u00f5imaldab paigaldada nii 12V kui 24V s\u00fcsteemidesse.Panther Alpha seeria tuledel on juba toitejuhtmesse integreeritud DT-4 pistik, mis teeb paigaldamise lihtsamaks. Tarnitakse ka pistiku vastet. Panther Alpha 30 on kaitstud raadioh\u00e4irete eest vastavalt R10 ja CISPR25 klassi 3 klassifikatsioonidele. Kolmeaastane (36 kuud) garantii!<\/p>\n","protected":false},"excerpt":{"rendered":"<p>PureluxKohaletoimetamise sisu Purelux Panther Alpha 30,Tugev paigaldusjalg,Kinnituspolt,Toitekaabel DT-4 pistikuga, 50 cm,Pistiku vaste,\u00dchendus- ja paigaldusjuhised (EN, FI, SE, NO, DK)<\/p>\n","protected":false},"featured_media":6731,"comment_status":"closed","ping_status":"open","template":"","meta":{"_monsterinsights_skip_tracking":false,"_monsterinsights_sitenote_active":false,"_monsterinsights_sitenote_note":"","_monsterinsights_sitenote_category":0},"product_brand":[],"product_cat":[35],"product_tag":[],"class_list":{"0":"post-6730","1":"product","2":"type-product","3":"status-publish","4":"has-post-thumbnail","6":"product_cat-puhastusvahendid-autohooldustooted","7":"pa_brand-purelux","8":"pa_kasutusotstarve-lisatulede-paigaldus","9":"pa_uhiku-hind-69-90e-tk","10":"pa_voimsus-30w-4000k","12":"first","13":"onbackorder","14":"sale","15":"taxable","16":"shipping-taxable","17":"purchasable","18":"product-type-simple"},"_links":{"self":[{"href":"https:\/\/chemicalstore.ee\/ru\/wp-json\/wp\/v2\/product\/6730","targetHints":{"allow":["GET"]}}],"collection":[{"href":"https:\/\/chemicalstore.ee\/ru\/wp-json\/wp\/v2\/product"}],"about":[{"href":"https:\/\/chemicalstore.ee\/ru\/wp-json\/wp\/v2\/types\/product"}],"replies":[{"embeddable":true,"href":"https:\/\/chemicalstore.ee\/ru\/wp-json\/wp\/v2\/comments?post=6730"}],"wp:featuredmedia":[{"embeddable":true,"href":"https:\/\/chemicalstore.ee\/ru\/wp-json\/wp\/v2\/media\/6731"}],"wp:attachment":[{"href":"https:\/\/chemicalstore.ee\/ru\/wp-json\/wp\/v2\/media?parent=6730"}],"wp:term":[{"taxonomy":"product_brand","embeddable":true,"href":"https:\/\/chemicalstore.ee\/ru\/wp-json\/wp\/v2\/product_brand?post=6730"},{"taxonomy":"product_cat","embeddable":true,"href":"https:\/\/chemicalstore.ee\/ru\/wp-json\/wp\/v2\/product_cat?post=6730"},{"taxonomy":"product_tag","embeddable":true,"href":"https:\/\/chemicalstore.ee\/ru\/wp-json\/wp\/v2\/product_tag?post=6730"}],"curies":[{"name":"wp","href":"https:\/\/api.w.org\/{rel}","templated":true}]}}