{"id":6712,"date":"2024-11-16T14:31:31","date_gmt":"2024-11-16T14:31:31","guid":{"rendered":"https:\/\/chemicalstore.ee\/toode\/lulitipaneel-multi-switch-dashboard-controller-10-30v-purelux\/"},"modified":"2024-11-16T14:31:41","modified_gmt":"2024-11-16T14:31:41","slug":"lisatuli-black-boost-c1300-gen2-paneel-curve-127-cm-purelux-2","status":"publish","type":"product","link":"https:\/\/chemicalstore.ee\/ru\/toode\/lisatuli-black-boost-c1300-gen2-paneel-curve-127-cm-purelux-2\/","title":{"rendered":"Lisatuli Black Boost C1300 Gen2 Paneel &#8211; Curve 127 cm  &#8211; Purelux"},"content":{"rendered":"<p>Purelux Black Boost C1300 Gen2 kuulub selle tootja Black lisavalgustite sarja, mis toob tippkvaliteedi ja suure j\u00f5udluse taskukohasesse hinnaklassi. Tegemist on oma tooteperekonna suurima ja efektiivseima kumera lisavalguspaneeliga, mis on varustatud nt. kahev\u00e4rvilise parkimistulega (oran\u017e ja valge) ja kahe erineva toitere\u017eiimiga. T\u00e4nu kahele erinevale toitere\u017eiimile saab paneeli kasutada kasutajaliidesesse integreeritud unikaalse valikuga (vt l\u00e4hemalt allpool), et l\u00fclitada sisse kas maanteeliikluseks heakskiidetud m\u00f5\u00f5dukam energiare\u017eiim v\u00f5i v\u00e4ljal\u00fclitamiseks m\u00f5eldud v\u00f5imsam PowerBoost\u00ae re\u017eiim. &#8211; maanteekasutus. Maanteeliikluseks heakskiidetud toitere\u017eiimis pakub C1300 Gen2 m\u00f5\u00f5detud valgusv\u00f5imsust 12912 luumenit ja kui PowerBoost\u00ae re\u017eiim on aktiveeritud, t\u00f5useb paneelilt m\u00f5\u00f5detud valgusv\u00f5imsus uskumatult 30038 luumenini, mille ulatus on 480 meetrit @ 1 luks. Seega on tegu korraliku valguskahuriga, mis tagab parima v\u00f5imaliku n\u00e4htavuse k\u00f5ikides tingimustes!M\u00e4rkus! N\u00e4ete selgelt erinevust Purelux PowerBoost\u00ae ja maanteeliiklusre\u017eiimi vahel \u2013 PowerBoost\u00ae re\u017eiim on oluliselt t\u00f5husam ja seda ei tohiks kasutada tavalises maanteeliikluses s\u00f5ites, ainult maastikul.C1300 Gen2 pro\u017eektor \u00fchendab t\u00e4pselt need elemendid, mida vajate k\u00e4\u00e4nulistel ja pimedatel teedel: valgusmuster koosneb eredast ja laiast kaugtulest, mille keskel on laia valgusvihuga hele ja selge, pikka ulatust pakkuv peapunkt. k\u00fclgsuunas avanev tee \u00e4\u00e4rest otse v\u00f6\u00f6rist tee \u00e4\u00e4rde. Valgusvihk on kujundatud tasaseks, kasutades uuenduslikku reflektortehnoloogiat, nii et valgust ei suunata asjatult v\u00f6\u00f6ri ette v\u00f5i puude latvadesse. Suurim erinevus kumerate ja sirgete mudelite vahel on valgusvihu laius: kumer korpus hajutab valgusmustri horisontaalselt ning kaugvihk keskel on kaks korda laiem kui sirgel mudelil. Vastavalt sellele on sirgel paneelil kogu peamise pro\u017eektori valgusv\u00e4ljund suunatud otse ette, nii et valguse ulatust saab maksimeerida. Talade v\u00f5rdlemisel on laia valgusvihu otsimisel ja \u00fcldise n\u00e4htavuse parandamisel soovitatav valida kumer versioon, kuid kui auto enda tuled valgustavad esimesed ca 50-100 meetrit h\u00e4sti ja soovite rohkem panustada s\u00f5iduulatusse sirge mudel on \u00f5ige valik. Paneeli v\u00e4rvitemperatuur on 5700 kelvinit. T\u00e4nu oma suurusele sobib C1300 Gen2 k\u00f5ige paremini kas katusepaigaldiste v\u00f5i raskete seadmete kasutamiseks.Valgus on varustatud musta raami ja tumeda optikaga, mis ilmnevad juba nimes, mis annavad paneelile elegantse ja modernse v\u00e4limuse. Parktules on kasutusele v\u00f5etud ka tume optika, t\u00e4nu millele torkab objektiivi keskel jooksev seisutule riba valguse eest silma vaid selle p\u00f5lemisel, mist\u00f5ttu on paneel stiilne nii sisse- kui v\u00e4ljal\u00fclitatuna. Black seeria paneelide raamid on valmistatud pulberv\u00e4rvitud ja vastupidavast alumiiniumsulamist ning klaasid praktiliselt purunematust pol\u00fckarbonaadist, samuti on tuled t\u00e4ielikult kaitstud vee ja tolmu eest vastavalt IP69K reitingule. Tulede raamita esiosa takistab lume, j\u00e4\u00e4 ja mustuse kogunemist objektiivi ette, mist\u00f5ttu valgusvihk ei kata s\u00f5idu ajal nii lihtsalt kui raamiga varustatud lisatuled.Pakendiga kaasas olevad reguleeritava laiusega s\u00e4\u00e4re- ja otsajalad pakuvad rohkelt paigaldusv\u00f5imalusi ning lai t\u00f6\u00f6pinge (10-30V) v\u00f5imaldab paigaldada nii 12V kui 24V s\u00fcsteemidesse. Lamp on kaitstud raadioh\u00e4irete eest vastavalt standardile ECE R10. Kaheaastane (24 kuud) garantii!<\/p>\n","protected":false},"excerpt":{"rendered":"<p>PureluxTarnekomplekt (1 tk + juhtmestik) Tarne p\u00f5hisisu,Relee juhtmestiku komplekt Purelux HD, 12V (1 v\u00e4ljund)M\u00e4rkus! Suure v\u00f5imsuse t\u00f5ttu ei ole valgustis ega juhtmestikus pistikuid, seega tuleb \u00fchendus ise teha.<\/p>\n","protected":false},"featured_media":6713,"comment_status":"closed","ping_status":"open","template":"","meta":{"_monsterinsights_skip_tracking":false,"_monsterinsights_sitenote_active":false,"_monsterinsights_sitenote_note":"","_monsterinsights_sitenote_category":0},"product_brand":[],"product_cat":[708],"product_tag":[],"class_list":{"0":"post-6712","1":"product","2":"type-product","3":"status-publish","4":"has-post-thumbnail","6":"product_cat-lisatuled","7":"pa_brand-purelux","8":"pa_kasutusotstarve-lisatulede-paigaldus","9":"pa_uhiku-hind-559-80e-tk","10":"pa_voimsus-480w-ref-45-5700k","12":"first","13":"onbackorder","14":"sale","15":"taxable","16":"shipping-taxable","17":"purchasable","18":"product-type-simple"},"_links":{"self":[{"href":"https:\/\/chemicalstore.ee\/ru\/wp-json\/wp\/v2\/product\/6712","targetHints":{"allow":["GET"]}}],"collection":[{"href":"https:\/\/chemicalstore.ee\/ru\/wp-json\/wp\/v2\/product"}],"about":[{"href":"https:\/\/chemicalstore.ee\/ru\/wp-json\/wp\/v2\/types\/product"}],"replies":[{"embeddable":true,"href":"https:\/\/chemicalstore.ee\/ru\/wp-json\/wp\/v2\/comments?post=6712"}],"wp:featuredmedia":[{"embeddable":true,"href":"https:\/\/chemicalstore.ee\/ru\/wp-json\/wp\/v2\/media\/6713"}],"wp:attachment":[{"href":"https:\/\/chemicalstore.ee\/ru\/wp-json\/wp\/v2\/media?parent=6712"}],"wp:term":[{"taxonomy":"product_brand","embeddable":true,"href":"https:\/\/chemicalstore.ee\/ru\/wp-json\/wp\/v2\/product_brand?post=6712"},{"taxonomy":"product_cat","embeddable":true,"href":"https:\/\/chemicalstore.ee\/ru\/wp-json\/wp\/v2\/product_cat?post=6712"},{"taxonomy":"product_tag","embeddable":true,"href":"https:\/\/chemicalstore.ee\/ru\/wp-json\/wp\/v2\/product_tag?post=6712"}],"curies":[{"name":"wp","href":"https:\/\/api.w.org\/{rel}","templated":true}]}}