{"id":6700,"date":"2024-11-16T14:31:31","date_gmt":"2024-11-16T14:31:31","guid":{"rendered":"https:\/\/chemicalstore.ee\/toode\/tootuli-panther-alpha-90-90w-4000k-purelux\/"},"modified":"2024-11-16T14:31:40","modified_gmt":"2024-11-16T14:31:40","slug":"lisatuli-black-x-slim-s1300-gen2-paneel-sirge-128-cm-purelux-2","status":"publish","type":"product","link":"https:\/\/chemicalstore.ee\/ru\/toode\/lisatuli-black-x-slim-s1300-gen2-paneel-sirge-128-cm-purelux-2\/","title":{"rendered":"Lisatuli Black X-Slim S1300 Gen2 Paneel- Sirge ,128 cm  &#8211; Purelux"},"content":{"rendered":"<p>Purelux Black X-Slim S1300 Gen2 kuulub selle tootja Black X-Slim lisavalgustite seeriasse, mis toob tippkvaliteedi taskukohasesse hinnaklassi. Tegemist on oma seeria suurima ja efektiivseima lisavalguspaneeliga, mis on varustatud nt. kahev\u00e4rvilise parkimistulega (oran\u017e ja valge), kahe erineva v\u00f5imsusre\u017eiimi, laia kombinatsiooniga valgusvihuga ja p\u00f5hjamaa keerulistes tingimustes n\u00f5utavate kvaliteedistandarditega, nagu vee- ja tolmukindel struktuur ning suurep\u00e4rane korrosioonikindlus . Paneeli kaks erinevat toitere\u017eiimi v\u00f5imaldavad kasutada nii maanteel kasutamiseks heaks kiidetud m\u00f5\u00f5dukamat v\u00f5imsusre\u017eiimi kui ka v\u00f5imsamat, maastikul kasutamiseks m\u00f5eldud PowerBoost\u00ae re\u017eiimi, kasutades kasutajaliidesesse integreeritud ainulaadset valikut (vt l\u00e4hemalt allpool). Juba maanteeliikluseks heakskiidetud toitere\u017eiimis pakub S1300 m\u00f5\u00f5detud valgusv\u00f5imsust kuni peaaegu 10 000 luumenit ning PowerBoost\u00ae re\u017eiimi sissel\u00fclitamisel t\u00f5useb paneelilt m\u00f5\u00f5detud valgusv\u00f5imsus vahemikuga lausa 16 940 luumenini. 563 m 1 luksi juures.M\u00e4rkus! N\u00e4ete selgelt erinevust Purelux PowerBoost\u00ae ja maanteeliiklusre\u017eiimi vahel \u2013 PowerBoost\u00ae re\u017eiim on oluliselt t\u00f5husam ja seda ei tohiks kasutada tavalises maanteeliikluses s\u00f5ites, ainult maastikul.S1300 Gen2 pro\u017eektor \u00fchendab t\u00e4pselt need elemendid, mida vajate k\u00e4\u00e4nulistel ja pimedatel teedel: valgusmustri keskel on selge pikamaa nn p\u00f5hipunkt ehk ere kaugmaa valgusvihk. lisaks sellele laieneb m\u00f5lemalt k\u00fcljelt k\u00fclgmiselt lai valgusvihk, mis valgustab teed k\u00fcljelt k\u00fcljele otse v\u00f6\u00f6rist. Valgusvihk vormitakse helkurite abil tasaseks, nii et valgus ei l\u00e4he raisku v\u00f6\u00f6ri ette ega puude latvadesse. Suurim erinevus k\u00f5vera ja sirge kerega mudelite vahel on valgusvihu laius: kumer korpus hajutab valgusvihu horisontaalselt laiaks ning keskne kaugvihk on sirge mudeli omast kaks korda laiem. Vastavalt sellele on otseses versioonis kogu p\u00f5hipunkti valgusv\u00e4ljund suunatud otse ette, nii et valguse ulatust saab maksimeerida. Koonuste v\u00f5rdlemisel on seet\u00f5ttu soovitatav laia koonuse otsimisel ja \u00fcldise n\u00e4htavuse parandamisel valida kumer variant. Kui auto enda tuled valgustavad esimesed ca 50-100 meetrit h\u00e4sti ja soovite s\u00f5iduulatusse rohkem investeerida, on \u00f5ige valik otsemudel. Paneeli v\u00e4rvitemperatuur on 5700 kelvinit. S1300 Gen2 sobib oma suuruse t\u00f5ttu k\u00f5ige paremini kas katusepaigaldiste v\u00f5i raskete seadmete kasutamiseks.Paneeli disainikeel esindab juba nimest v\u00e4ljatulevat elegantsi, lisaks annavad sellele lisavalgusele elegantse v\u00e4limuse must korpus ja tume optika. Parktulesse on toodud ka tume optika, mis t\u00e4iendab valgusti moodsat v\u00e4limust, muutes S1300 stiilseks nii sisse- kui v\u00e4ljal\u00fclitamisel. T\u00e4nu madalale konstruktsioonile ja Siro raamile sulandub paneel praktiliselt igasse s\u00f5idukisse. Black X-Slim seeria paneelide raamid on valmistatud pulberv\u00e4rvitud ja vastupidavast alumiiniumsulamist ning klaasid praktiliselt purunematust pol\u00fckarbonaadist, samuti on tuled t\u00e4ielikult kaitstud vee ja tolmu eest vastavalt IP69K klassifikatsioonile. Tulede raamita l\u00e4\u00e4ts takistab lume, j\u00e4\u00e4 ja mustuse kogunemist objektiivi ette, t\u00e4nu millele ei kata valgusvihk nii lihtsalt kui raamiga varustatud lisatuledes.Paigaldamine on lihtne, kasutades valgusti toitejuhtme DTP-2 pistikut ning komplektiga kaasas olevad reguleeritava laiusega s\u00e4\u00e4red ja otsajalad pakuvad palju kinnitusv\u00f5imalusi. Lai t\u00f6\u00f6pinge (9-32V) v\u00f5imaldab paigaldada nii 12V kui 24V s\u00fcsteemidesse. Lamp on kaitstud raadioh\u00e4irete eest vastavalt standardile ECE R10. Kaheaastane (24 kuud) garantii!<\/p>\n","protected":false},"excerpt":{"rendered":"<p>PureluxTarnekomplekt (1 tk + juhtmestik) Tarne p\u00f5hisisu,Relee juhtmestiku komplekt Purelux Pro Serie 12V, HD DTP (1 v\u00e4ljund)<\/p>\n","protected":false},"featured_media":6701,"comment_status":"closed","ping_status":"open","template":"","meta":{"_monsterinsights_skip_tracking":false,"_monsterinsights_sitenote_active":false,"_monsterinsights_sitenote_note":"","_monsterinsights_sitenote_category":0},"product_brand":[],"product_cat":[708],"product_tag":[],"class_list":{"0":"post-6700","1":"product","2":"type-product","3":"status-publish","4":"has-post-thumbnail","6":"product_cat-lisatuled","7":"pa_brand-purelux","8":"pa_kasutusotstarve-lisatulede-paigaldus","9":"pa_uhiku-hind-457-80e-tk","10":"pa_voimsus-270w-ref-50-5700k","12":"first","13":"onbackorder","14":"sale","15":"taxable","16":"shipping-taxable","17":"purchasable","18":"product-type-simple"},"_links":{"self":[{"href":"https:\/\/chemicalstore.ee\/ru\/wp-json\/wp\/v2\/product\/6700","targetHints":{"allow":["GET"]}}],"collection":[{"href":"https:\/\/chemicalstore.ee\/ru\/wp-json\/wp\/v2\/product"}],"about":[{"href":"https:\/\/chemicalstore.ee\/ru\/wp-json\/wp\/v2\/types\/product"}],"replies":[{"embeddable":true,"href":"https:\/\/chemicalstore.ee\/ru\/wp-json\/wp\/v2\/comments?post=6700"}],"wp:featuredmedia":[{"embeddable":true,"href":"https:\/\/chemicalstore.ee\/ru\/wp-json\/wp\/v2\/media\/6701"}],"wp:attachment":[{"href":"https:\/\/chemicalstore.ee\/ru\/wp-json\/wp\/v2\/media?parent=6700"}],"wp:term":[{"taxonomy":"product_brand","embeddable":true,"href":"https:\/\/chemicalstore.ee\/ru\/wp-json\/wp\/v2\/product_brand?post=6700"},{"taxonomy":"product_cat","embeddable":true,"href":"https:\/\/chemicalstore.ee\/ru\/wp-json\/wp\/v2\/product_cat?post=6700"},{"taxonomy":"product_tag","embeddable":true,"href":"https:\/\/chemicalstore.ee\/ru\/wp-json\/wp\/v2\/product_tag?post=6700"}],"curies":[{"name":"wp","href":"https:\/\/api.w.org\/{rel}","templated":true}]}}