{"id":6688,"date":"2024-11-16T14:31:31","date_gmt":"2024-11-16T14:31:31","guid":{"rendered":"https:\/\/chemicalstore.ee\/toode\/tootuli-panther-alpha-60-60w-4000k-purelux\/"},"modified":"2024-11-16T14:31:38","modified_gmt":"2024-11-16T14:31:38","slug":"rehvi-kontrollimis-nuitire-checker-bat-purelux","status":"publish","type":"product","link":"https:\/\/chemicalstore.ee\/ru\/toode\/rehvi-kontrollimis-nuitire-checker-bat-purelux\/","title":{"rendered":"Rehvi kontrollimis nui,Tire Checker Bat &#8211; Purelux"},"content":{"rendered":"<p>Tire Checker Purelux Bat on alumiiniumist nui, mis on spetsiaalselt loodud rasketehnika rehvir\u00f5hu kontrollimiseks. Seda kasutatakse rehvi l\u00fc\u00fces ja selle tekitatava heli j\u00e4rgi saab kogenud juht eristada, kas rehvir\u00f5hk on korras v\u00f5i mitte. Loomulikult teeb nui oma t\u00f6\u00f6d ka lihtsa dekoratsioonina, n\u00e4iteks veoauto salongis!Nui on valmistatud tugevast ja vastupidavast alumiiniumist ning selle k\u00e4epidet \u00fcmbritseb nahast pide. Pikkus 50,8 cm.<\/p>\n","protected":false},"excerpt":{"rendered":"<p>PureluxAlumiiniumist nn Tire Checker spetsiaalselt raskeveokite rehvir\u00f5hu kontrollimiseks. Pureluxi logodega varustatud ja k\u00e4epidet \u00fcmbritseb nahk pide. Pikkus 50,8 cm.<\/p>\n","protected":false},"featured_media":6689,"comment_status":"closed","ping_status":"open","template":"","meta":{"_monsterinsights_skip_tracking":false,"_monsterinsights_sitenote_active":false,"_monsterinsights_sitenote_note":"","_monsterinsights_sitenote_category":0},"product_brand":[],"product_cat":[708],"product_tag":[],"class_list":{"0":"post-6688","1":"product","2":"type-product","3":"status-publish","4":"has-post-thumbnail","6":"product_cat-lisatuled","7":"pa_brand-purelux","8":"pa_kasutusotstarve-veoauto-rehvi-kontrollimine","9":"pa_uhiku-hind-19-90e-tk","11":"first","12":"onbackorder","13":"sale","14":"taxable","15":"shipping-taxable","16":"purchasable","17":"product-type-simple"},"_links":{"self":[{"href":"https:\/\/chemicalstore.ee\/ru\/wp-json\/wp\/v2\/product\/6688","targetHints":{"allow":["GET"]}}],"collection":[{"href":"https:\/\/chemicalstore.ee\/ru\/wp-json\/wp\/v2\/product"}],"about":[{"href":"https:\/\/chemicalstore.ee\/ru\/wp-json\/wp\/v2\/types\/product"}],"replies":[{"embeddable":true,"href":"https:\/\/chemicalstore.ee\/ru\/wp-json\/wp\/v2\/comments?post=6688"}],"wp:featuredmedia":[{"embeddable":true,"href":"https:\/\/chemicalstore.ee\/ru\/wp-json\/wp\/v2\/media\/6689"}],"wp:attachment":[{"href":"https:\/\/chemicalstore.ee\/ru\/wp-json\/wp\/v2\/media?parent=6688"}],"wp:term":[{"taxonomy":"product_brand","embeddable":true,"href":"https:\/\/chemicalstore.ee\/ru\/wp-json\/wp\/v2\/product_brand?post=6688"},{"taxonomy":"product_cat","embeddable":true,"href":"https:\/\/chemicalstore.ee\/ru\/wp-json\/wp\/v2\/product_cat?post=6688"},{"taxonomy":"product_tag","embeddable":true,"href":"https:\/\/chemicalstore.ee\/ru\/wp-json\/wp\/v2\/product_tag?post=6688"}],"curies":[{"name":"wp","href":"https:\/\/api.w.org\/{rel}","templated":true}]}}