{"id":6687,"date":"2024-11-16T14:31:31","date_gmt":"2024-11-16T14:31:31","guid":{"rendered":"https:\/\/chemicalstore.ee\/toode\/tootuli-panther-alpha-30-30w-5000k-purelux\/"},"modified":"2024-11-16T14:31:37","modified_gmt":"2024-11-16T14:31:37","slug":"lisatulede-komplekt-wrc-9-740w-49-000-lm-purelux","status":"publish","type":"product","link":"https:\/\/chemicalstore.ee\/ru\/toode\/lisatulede-komplekt-wrc-9-740w-49-000-lm-purelux\/","title":{"rendered":"Lisatulede komplekt WRC 9, 740W \/ 49 000 lm &#8211; Purelux"},"content":{"rendered":"<p>Purelux WRC 9 on lisavalgusti komplekt, mis koosneb neljast suure j\u00f5udlusega \u00fcmmargusest Pureluxi lisatulest, mille kogu- ja m\u00f5\u00f5detud valgusv\u00f5imsus on kuni uskumatu 49 064 luumenit! Komplekti on valitud mudelid, mis esindavad suuruse ja v\u00f5imsuse suhte poolest tootja \u00fcmarate lisatulede absoluutset tippu ja mis t\u00e4iendavad teineteise omadusi optimaalselt. Komplektis on kaks Pureluxi 9200 lisatuld ja sama tootja kaks lisatuld 9110, mille kombineeritud valgusvihk maksimeerib nii ulatuse kui laiuse ning n\u00e4htavus ei j\u00e4ta soovida ka k\u00f5ige keerulisemates oludes! Ainu\u00fcksi kahe 9110 tule v\u00e4ga kitsas ja t\u00e4pitaoline valgusvihk ulatub juba 1437 meetrini (1 luks) ning kui paketti lisada suurep\u00e4rase kombineeritud valgusvihuga varustatud 9200 tuled, t\u00f5useb kogu komplekti koguulatus. umbes 1530 meetrini 1 luksiga! T\u00e4nu suurele valgusv\u00f5imsusele ja 9110 tulede v\u00e4ga intensiivsele valgusvihule ei ole see komplekt maanteeliikluseks heaks kiidetud, vaid on m\u00f5eldud maastikus\u00f5iduks ja suletud radadel. Lisateavet tulede kohta leiate altpoolt.Komplekti tuled on paigutatavad nii, et kitsa valgusvihuga 9110 tuled asetsevad lisavalgustite statiivi keskel ja laiema valgusvihuga tuled 9200 on m\u00f5lemal pool, mist\u00f5ttu valgusvihud sulanduvad suurep\u00e4rane kombinatsioon nii kaugele ulatuvast kohast kui ka laiusest, mis valgustab teeservi ja pinke. Suunates \u00e4\u00e4rtele paigutatud tuled veidi k\u00fclgedele, saab valgusvihu laiust veelgi suurendada, samas kui k\u00f5iki tulesid otse ette suunates saab ulatuse maksimeerida. Nii et valgusteid paigutades saate t\u00e4psustada oma vajadustele k\u00f5ige paremini vastavat valgusvihku! Komplekti kuulub Pureluxi neljale lisatulele disainitud WRC numbrim\u00e4rgihoidik, millele saab tuled lihtsalt ja kenasti k\u00fclge paigaldada nii, et hoidik ise j\u00e4\u00e4b numbrim\u00e4rgi taha peidetuks ning n\u00e4htavale j\u00e4\u00e4vad vaid lisatuledele m\u00f5eldud k\u00f5rvad. . 9&#8243; tuled sobivad oma suuruse t\u00f5ttu suurep\u00e4raselt nt maasturitele ja teistele suurematele maastikus\u00f5idukitele, kuid loomulikult saab neid paigaldada ka tavalise s\u00f5iduauto ette.M\u00e4rkus! Komplekt on t\u00f5esti v\u00e4ga t\u00f5hus ja see pole maanteeliikluseks heaks kiidetud. Komplekti kasutaja vastutab m\u00f5istliku kasutamise eest ja selle eest, et teisi inimesi asjatult ei pimestataks. Lisaks on kogu komplekti sisendv\u00f5imsus 750 W, seega tuleb alguses j\u00e4lgida, et autolaadijast piisab!<\/p>\n","protected":false},"excerpt":{"rendered":"<p>PureluxTarne sisu Lisavalgusti Purelux 9200, 2 tk,Lisavalgusti Purelux 9110 UNLIMITED, 2 tk,Relee juhtmestiku komplekt Purelux Pro Series 12V, HD DTP, 4 v\u00e4ljundit,Reguleeritav tugiraudpaar Purelux Stabilisaator, 2 tk,Lisavalgustialus Purelux WRC, 4 tulele, 1 tk<\/p>\n","protected":false},"featured_media":6677,"comment_status":"closed","ping_status":"open","template":"","meta":{"_monsterinsights_skip_tracking":false,"_monsterinsights_sitenote_active":false,"_monsterinsights_sitenote_note":"","_monsterinsights_sitenote_category":0},"product_brand":[],"product_cat":[708],"product_tag":[],"class_list":{"0":"post-6687","1":"product","2":"type-product","3":"status-publish","4":"has-post-thumbnail","6":"product_cat-lisatuled","7":"pa_brand-purelux","8":"pa_kasutusotstarve-lisatulede-paigaldus","9":"pa_uhiku-hind-742-30e-tk","10":"pa_voimsus-740w-49000lm","12":"first","13":"onbackorder","14":"sale","15":"taxable","16":"shipping-taxable","17":"purchasable","18":"product-type-simple"},"_links":{"self":[{"href":"https:\/\/chemicalstore.ee\/ru\/wp-json\/wp\/v2\/product\/6687","targetHints":{"allow":["GET"]}}],"collection":[{"href":"https:\/\/chemicalstore.ee\/ru\/wp-json\/wp\/v2\/product"}],"about":[{"href":"https:\/\/chemicalstore.ee\/ru\/wp-json\/wp\/v2\/types\/product"}],"replies":[{"embeddable":true,"href":"https:\/\/chemicalstore.ee\/ru\/wp-json\/wp\/v2\/comments?post=6687"}],"wp:featuredmedia":[{"embeddable":true,"href":"https:\/\/chemicalstore.ee\/ru\/wp-json\/wp\/v2\/media\/6677"}],"wp:attachment":[{"href":"https:\/\/chemicalstore.ee\/ru\/wp-json\/wp\/v2\/media?parent=6687"}],"wp:term":[{"taxonomy":"product_brand","embeddable":true,"href":"https:\/\/chemicalstore.ee\/ru\/wp-json\/wp\/v2\/product_brand?post=6687"},{"taxonomy":"product_cat","embeddable":true,"href":"https:\/\/chemicalstore.ee\/ru\/wp-json\/wp\/v2\/product_cat?post=6687"},{"taxonomy":"product_tag","embeddable":true,"href":"https:\/\/chemicalstore.ee\/ru\/wp-json\/wp\/v2\/product_tag?post=6687"}],"curies":[{"name":"wp","href":"https:\/\/api.w.org\/{rel}","templated":true}]}}