{"id":6676,"date":"2024-11-16T14:31:31","date_gmt":"2024-11-16T14:31:31","guid":{"rendered":"https:\/\/chemicalstore.ee\/toode\/tootuli-panther-alpha-30-30w-4000k-purelux\/"},"modified":"2024-11-16T14:31:36","modified_gmt":"2024-11-16T14:31:36","slug":"lisatulede-komplekt-wrc-8-800w-41-000-lm-purelux","status":"publish","type":"product","link":"https:\/\/chemicalstore.ee\/ru\/toode\/lisatulede-komplekt-wrc-8-800w-41-000-lm-purelux\/","title":{"rendered":"Lisatulede komplekt WRC 8, 800W \/ 41 000 lm &#8211; Purelux"},"content":{"rendered":"<p>Purelux WRC 8 on kujuteldamatult v\u00f5imas lisavalgusti komplekt, mis koosneb neljast suurep\u00e4rase valgusvihuga varustatud Purelux 9200 lisatulest, mille kogu- ja m\u00f5\u00f5detud valgusv\u00f5imsus on kuni peaaegu 42 000 luumenit! 9200 esindab oma klassi tippu nii valgusv\u00f5imsuse kui ka muude tippomaduste poolest ning kui neli sellist valgustit k\u00f5rvuti asetada, loovad need v\u00e4ga laia ja \u00fchtlase valgusvihu, mis v\u00f5ib m\u00f5\u00f5ta kuni tubli 1100 meetrit @ 1 luks. Erinevalt paljudest teistest \u00fcmmargustest lisatuledest on 9200 valgusvihk tavap\u00e4rasest t\u00e4idlasem ning selle k\u00fclgmiselt laia kaugtule valgus langeb \u00fchtlaselt \u00fcle kogu tee laiuse. Nelja \u00fchesuguse kiire v\u00f5imsusega hajutatakse valgust ohtralt ka teeservadele, nii et n\u00e4iteks kurvilistel teedel v\u00f5i k\u00fclglibisemisel liikudes j\u00f5uab valgus kiiresti k\u00fclgedele ja kurvide taha. WRC 8 on ideaalne komplekt k\u00f5igile, kes otsivad maksimaalselt laia ja \u00fchtlast valgusvihku, mis ei j\u00e4ta vahemikku k\u00fclmaks. T\u00e4nu suurele valgusv\u00f5imsusele pole see komplekt maanteeliikluseks heaks kiidetud, vaid on m\u00f5eldud maastikus\u00f5iduks ja suletud radadel. Lisateavet tulede kohta leiate altpoolt.Komplektis olevad tuled on varustatud Purelux PowerBoost\u00ae tehnoloogiaga, mis t\u00e4hendab, et neid saab sisse l\u00fclitada kas m\u00f5\u00f5dukama v\u00f5imsusega re\u017eiimil, n\u00e4iteks osaliselt valgustatud tingimustes v\u00f5i siis saab sisse l\u00fclitada v\u00e4ljakutseteks loodud PowerBoost\u00ae re\u017eiimi. maastikus\u00f5idust ja suletud radadest, mis vabastab piiramatu valgusvoo, mille ees tundub pimedus l\u00f5putu alistumisena. Olenemata sellest, millist toitere\u017eiimi kasutatakse, moodustavad komplekti tuled laia ja kaugele ulatuva valgusvihu, mis valgustab ka laiemat teed kaldalt kaldale otse v\u00f6\u00f6rist. Kogu pakett on korralikult paigaldatud v\u00f6\u00f6rile \u00fche kronsteiniga, mis on paigaldatud numbrim\u00e4rgi taha\/asemele, mis v\u00f5imaldab tuledel ilusti numbrim\u00e4rgi \u00fcmber tulla. 9&#8243; tuled sobivad oma suuruse t\u00f5ttu suurep\u00e4raselt nt maasturitele ja teistele suurematele maastikus\u00f5idukitele, kuid loomulikult saab neid paigaldada ka tavalise s\u00f5iduauto ette.M\u00e4rkus! Komplekt on t\u00f5esti \u0161okeerivalt t\u00f5hus ja see pole maanteeliikluseks heaks kiidetud. Komplekti kasutaja vastutab m\u00f5istliku kasutamise eest ja selle eest, et teisi inimesi asjatult ei pimestataks. Lisaks on komplekti kombineeritud v\u00f5imsus 800 W, seega tuleb esmalt veenduda, et autolaadijast piisab!<\/p>\n","protected":false},"excerpt":{"rendered":"<p>PureluxTarne sisu Lisavalgusti Purelux 9200, 4 tk,Relee juhtmestiku komplekt Purelux Pro Serie 12V, HD DTP, 1 tk (4 v\u00e4ljundit),Reguleeritav tugiraudpaar Purelux Stabilisaator, 2 tk,Lisavalgustialus Purelux WRC, 4 tulele, 1 tk<\/p>\n","protected":false},"featured_media":6677,"comment_status":"closed","ping_status":"open","template":"","meta":{"_monsterinsights_skip_tracking":false,"_monsterinsights_sitenote_active":false,"_monsterinsights_sitenote_note":"","_monsterinsights_sitenote_category":0},"product_brand":[],"product_cat":[708],"product_tag":[],"class_list":{"0":"post-6676","1":"product","2":"type-product","3":"status-publish","4":"has-post-thumbnail","6":"product_cat-lisatuled","7":"pa_brand-purelux","8":"pa_kasutusotstarve-lisatulede-paigaldus","9":"pa_uhiku-hind-822-30e-tk","10":"pa_voimsus-800w-41000lm","12":"first","13":"onbackorder","14":"sale","15":"taxable","16":"shipping-taxable","17":"purchasable","18":"product-type-simple"},"_links":{"self":[{"href":"https:\/\/chemicalstore.ee\/ru\/wp-json\/wp\/v2\/product\/6676","targetHints":{"allow":["GET"]}}],"collection":[{"href":"https:\/\/chemicalstore.ee\/ru\/wp-json\/wp\/v2\/product"}],"about":[{"href":"https:\/\/chemicalstore.ee\/ru\/wp-json\/wp\/v2\/types\/product"}],"replies":[{"embeddable":true,"href":"https:\/\/chemicalstore.ee\/ru\/wp-json\/wp\/v2\/comments?post=6676"}],"wp:featuredmedia":[{"embeddable":true,"href":"https:\/\/chemicalstore.ee\/ru\/wp-json\/wp\/v2\/media\/6677"}],"wp:attachment":[{"href":"https:\/\/chemicalstore.ee\/ru\/wp-json\/wp\/v2\/media?parent=6676"}],"wp:term":[{"taxonomy":"product_brand","embeddable":true,"href":"https:\/\/chemicalstore.ee\/ru\/wp-json\/wp\/v2\/product_brand?post=6676"},{"taxonomy":"product_cat","embeddable":true,"href":"https:\/\/chemicalstore.ee\/ru\/wp-json\/wp\/v2\/product_cat?post=6676"},{"taxonomy":"product_tag","embeddable":true,"href":"https:\/\/chemicalstore.ee\/ru\/wp-json\/wp\/v2\/product_tag?post=6676"}],"curies":[{"name":"wp","href":"https:\/\/api.w.org\/{rel}","templated":true}]}}