{"id":6673,"date":"2024-11-16T14:31:31","date_gmt":"2024-11-16T14:31:31","guid":{"rendered":"https:\/\/chemicalstore.ee\/toode\/lisatuli-black-boost-c1300-gen2-paneel-curve-127-cm-purelux-2\/"},"modified":"2024-11-16T14:31:36","modified_gmt":"2024-11-16T14:31:36","slug":"lisatulede-komplekt-wrc-7-432w-26-000-lm-purelux","status":"publish","type":"product","link":"https:\/\/chemicalstore.ee\/ru\/toode\/lisatulede-komplekt-wrc-7-432w-26-000-lm-purelux\/","title":{"rendered":"Lisatulede komplekt WRC 7, 432W \/ 26 000 lm &#8211; Purelux"},"content":{"rendered":"<p>Purelux WRC 7 on t\u00f5eliselt v\u00f5imas lisavalgusti komplekt, mis koosneb neljast suurep\u00e4rase valgusvihuga varustatud Purelux 7200 lisatulest, mille kogu- ja m\u00f5\u00f5detud valgusv\u00f5imsus on kuni 26 000 luumenit. 7200 esindab oma klassi tippu nii valgusv\u00f5imsuse kui ka muude tippomaduste poolest ning kui neli sellist valgustit k\u00f5rvuti asetada, loovad need v\u00e4ga laia ja \u00fchtlase valgusvihu, mille pikkus v\u00f5ib ulatuda kuni tubli 930 meetrini @ 1 luks. Erinevalt paljudest teistest \u00fcmmargustest lisatuledest on 7200 valgusvihk tavap\u00e4rasest t\u00e4idlasem ning selle k\u00fclgmiselt laia kaugtule valgus langeb \u00fchtlaselt \u00fcle kogu tee laiuse. Nelja \u00fchesuguse kiire j\u00f5ul levib valgus ohtralt ka teeservadest algavate pinkide ja kraavide valgustuses, et n\u00e4iteks metsast teele jooksvad loomad ei j\u00e4\u00e4ks m\u00e4rkamatuks. autojuht. WRC 7 on ideaalne komplekt neile, kes otsivad maksimaalselt laia ja \u00fchtlast valgusvihku, mis ei j\u00e4ta k\u00fclmaks ka pikas perspektiivis! Lisateavet valgusti kohta saate allpool.Komplektis olevad tuled on varustatud Purelux PowerBoost\u00ae tehnoloogiaga, mis t\u00e4hendab, et neid saab sisse l\u00fclitada kas m\u00f5\u00f5dukama v\u00f5imsusega re\u017eiimil, n\u00e4iteks osaliselt valgustatud tingimustes v\u00f5i siis saab sisse l\u00fclitada v\u00e4ljakutseteks loodud PowerBoost\u00ae re\u017eiimi. maastikus\u00f5idust ja suletud radadest, mis vabastab piiramatu valgusvoo, mille ees tundub pimedus l\u00f5putu alistumisena. Olenemata sellest, millist toitere\u017eiimi kasutatakse, moodustavad komplekti tuled laia ja kaugele ulatuva valgusvihu, mis valgustab ka laiemat teed kaldalt kaldale otse v\u00f6\u00f6rist. Kogu pakett on korralikult paigaldatud v\u00f6\u00f6rile \u00fche kronsteiniga, mis on paigaldatud numbrim\u00e4rgi taha\/asemele, mis v\u00f5imaldab tuledel ilusti numbrim\u00e4rgi \u00fcmber tulla.M\u00e4rkus! Komplekti kuuluvate tulede kombineeritud ref on 100 (4 x 25), mis on maanteeliikluses kasutatavate kaugtulede kombineeritud maksimum. Seet\u00f5ttu saab komplekti lisatulesid liikluses loal kasutada ainult siis, kui auto enda kaugtuled ei ole kasutusel. Komplekti kasutaja vastutab m\u00f5istliku kasutamise eest ja selle eest, et teisi inimesi asjatult ei pimestataks!<\/p>\n","protected":false},"excerpt":{"rendered":"<p>PureluxTarne sisu Lisavalgusti Purelux 7200, 4 tk,Relee juhtmestiku komplekt Purelux Pro Serie 12V, HD DTP, 1 tk (4 v\u00e4ljundit),Reguleeritav tugiraudpaar Purelux Stabilisaator, 2 tk,Lisavalgustialus Purelux WRC, 4 tulele, 1 tk<\/p>\n","protected":false},"featured_media":6674,"comment_status":"closed","ping_status":"open","template":"","meta":{"_monsterinsights_skip_tracking":false,"_monsterinsights_sitenote_active":false,"_monsterinsights_sitenote_note":"","_monsterinsights_sitenote_category":0},"product_brand":[],"product_cat":[708],"product_tag":[],"class_list":{"0":"post-6673","1":"product","2":"type-product","3":"status-publish","4":"has-post-thumbnail","6":"product_cat-lisatuled","7":"pa_brand-purelux","8":"pa_kasutusotstarve-lisatulede-paigaldus","9":"pa_uhiku-hind-662-30e-tk","10":"pa_voimsus-432w-26000lm","12":"first","13":"onbackorder","14":"sale","15":"taxable","16":"shipping-taxable","17":"purchasable","18":"product-type-simple"},"_links":{"self":[{"href":"https:\/\/chemicalstore.ee\/ru\/wp-json\/wp\/v2\/product\/6673","targetHints":{"allow":["GET"]}}],"collection":[{"href":"https:\/\/chemicalstore.ee\/ru\/wp-json\/wp\/v2\/product"}],"about":[{"href":"https:\/\/chemicalstore.ee\/ru\/wp-json\/wp\/v2\/types\/product"}],"replies":[{"embeddable":true,"href":"https:\/\/chemicalstore.ee\/ru\/wp-json\/wp\/v2\/comments?post=6673"}],"wp:featuredmedia":[{"embeddable":true,"href":"https:\/\/chemicalstore.ee\/ru\/wp-json\/wp\/v2\/media\/6674"}],"wp:attachment":[{"href":"https:\/\/chemicalstore.ee\/ru\/wp-json\/wp\/v2\/media?parent=6673"}],"wp:term":[{"taxonomy":"product_brand","embeddable":true,"href":"https:\/\/chemicalstore.ee\/ru\/wp-json\/wp\/v2\/product_brand?post=6673"},{"taxonomy":"product_cat","embeddable":true,"href":"https:\/\/chemicalstore.ee\/ru\/wp-json\/wp\/v2\/product_cat?post=6673"},{"taxonomy":"product_tag","embeddable":true,"href":"https:\/\/chemicalstore.ee\/ru\/wp-json\/wp\/v2\/product_tag?post=6673"}],"curies":[{"name":"wp","href":"https:\/\/api.w.org\/{rel}","templated":true}]}}