{"id":6666,"date":"2024-11-16T14:31:31","date_gmt":"2024-11-16T14:31:31","guid":{"rendered":"https:\/\/chemicalstore.ee\/toode\/lisatuli-black-boost-c1300-gen2-paneel-curve-127-cm-purelux\/"},"modified":"2024-11-16T14:31:35","modified_gmt":"2024-11-16T14:31:35","slug":"lisatulede-komplekt-wrc-6-442w-36-000-lm-purelux","status":"publish","type":"product","link":"https:\/\/chemicalstore.ee\/ru\/toode\/lisatulede-komplekt-wrc-6-442w-36-000-lm-purelux\/","title":{"rendered":"Lisatulede komplekt WRC 6, 442W \/ 36 000 lm &#8211; Purelux"},"content":{"rendered":"<p>Purelux WRC 6 on lisavalgusti komplekt, mis koosneb neljast suure j\u00f5udlusega \u00fcmmargusest Pureluxi lisavalgustist, mille kogu- ja m\u00f5\u00f5detud valgusv\u00f5imsus on kuni 36 000 luumenit! Komplekti on valitud mudelid, mis esindavad suuruse ja v\u00f5imsuse suhte poolest tootja \u00fcmarate lisatulede absoluutset tippu ja mis t\u00e4iendavad teineteise omadusi optimaalselt. Komplektis on kaks Pureluxi 7200 lisatuld ja sama tootja kaks 770 lisatuld, mille kombineeritud valgusvihk maksimeerib nii ulatuse kui laiuse ning n\u00e4htavus ei j\u00e4ta soovida ka k\u00f5ige keerulisemates oludes! Kahe 770 tule v\u00e4ga kitsas ja t\u00e4piline valgusvihk katab juuksekarva alla 900 meetri ning kui lisada paketti ka suurep\u00e4rase kombineeritud valgusvihuga varustatud 7200 tuled, t\u00f5useb kogu komplekti koguulatus ca 1100-ni meetrit @ 1 luks! T\u00e4nu suurele valgusv\u00f5imsusele ja 770 tulede v\u00e4ga intensiivsele valgusvihule ei ole see komplekt maanteeliikluseks heaks kiidetud, vaid on m\u00f5eldud maastikus\u00f5iduks ja suletud radadel. Lisateavet tulede kohta leiate altpoolt.Komplekti tuled saab paigutada nii, et kitsa valgusvihuga 770 tuled asetsevad lisavalgustite statiivi keskel ja laiema valgusvihuga tuled 7200 on m\u00f5lemal pool, kusjuures valgusvihud sulanduvad suurep\u00e4rane kombinatsioon nii kaugele ulatuvast kohast kui ka laiusest, mis valgustab teeservi ja pinke. Suunates \u00e4\u00e4rtele paigutatud tuled veidi k\u00fclgedele, saab valgusvihu laiust veelgi suurendada, samas kui k\u00f5iki tulesid otse ette suunates saab ulatuse maksimeerida. Nii et valgusteid paigutades saate t\u00e4psustada oma vajadustele k\u00f5ige paremini vastavat valgusvihku! Komplekti kuulub Pureluxi neljale lisatulele disainitud WRC numbrim\u00e4rgihoidik, millele saab tuled lihtsalt ja kenasti k\u00fclge paigaldada nii, et hoidik ise j\u00e4\u00e4b numbrim\u00e4rgi taha peidetuks ning n\u00e4htavale j\u00e4\u00e4vad vaid lisatuledele m\u00f5eldud k\u00f5rvad.M\u00e4rkus! See komplekt ei ole maanteeliikluseks heaks kiidetud. Komplekti kasutaja vastutab m\u00f5istliku kasutamise eest ja selle eest, et teisi inimesi asjatult ei pimestataks!<\/p>\n","protected":false},"excerpt":{"rendered":"<p>PureluxTarne sisu Lisavalgusti Purelux 7200, 2tk,Lisavalgusti Purelux 770 UNLIMITED, 2 tk,Relee kaablikomplekt Purelux Pro Series 12V, HD DTP, 2 v\u00e4ljundit,Relee juhtmestiku komplekt Purelux Pro Series 12V, DT-2, 2 v\u00e4ljundit,Reguleeritav tugiraudpaar Purelux Stabilisaator, 2 tk,Lisavalgustialus Purelux WRC, 4 tulele, 1 tk<\/p>\n","protected":false},"featured_media":6667,"comment_status":"closed","ping_status":"open","template":"","meta":{"_monsterinsights_skip_tracking":false,"_monsterinsights_sitenote_active":false,"_monsterinsights_sitenote_note":"","_monsterinsights_sitenote_category":0},"product_brand":[],"product_cat":[708],"product_tag":[],"class_list":{"0":"post-6666","1":"product","2":"type-product","3":"status-publish","4":"has-post-thumbnail","6":"product_cat-lisatuled","7":"pa_brand-purelux","8":"pa_kasutusotstarve-lisatulede-paigaldus","9":"pa_uhiku-hind-580-10e-tk","10":"pa_voimsus-442w-36000lm","12":"first","13":"onbackorder","14":"sale","15":"taxable","16":"shipping-taxable","17":"purchasable","18":"product-type-simple"},"_links":{"self":[{"href":"https:\/\/chemicalstore.ee\/ru\/wp-json\/wp\/v2\/product\/6666","targetHints":{"allow":["GET"]}}],"collection":[{"href":"https:\/\/chemicalstore.ee\/ru\/wp-json\/wp\/v2\/product"}],"about":[{"href":"https:\/\/chemicalstore.ee\/ru\/wp-json\/wp\/v2\/types\/product"}],"replies":[{"embeddable":true,"href":"https:\/\/chemicalstore.ee\/ru\/wp-json\/wp\/v2\/comments?post=6666"}],"wp:featuredmedia":[{"embeddable":true,"href":"https:\/\/chemicalstore.ee\/ru\/wp-json\/wp\/v2\/media\/6667"}],"wp:attachment":[{"href":"https:\/\/chemicalstore.ee\/ru\/wp-json\/wp\/v2\/media?parent=6666"}],"wp:term":[{"taxonomy":"product_brand","embeddable":true,"href":"https:\/\/chemicalstore.ee\/ru\/wp-json\/wp\/v2\/product_brand?post=6666"},{"taxonomy":"product_cat","embeddable":true,"href":"https:\/\/chemicalstore.ee\/ru\/wp-json\/wp\/v2\/product_cat?post=6666"},{"taxonomy":"product_tag","embeddable":true,"href":"https:\/\/chemicalstore.ee\/ru\/wp-json\/wp\/v2\/product_tag?post=6666"}],"curies":[{"name":"wp","href":"https:\/\/api.w.org\/{rel}","templated":true}]}}