{"id":6663,"date":"2024-11-16T14:31:31","date_gmt":"2024-11-16T14:31:31","guid":{"rendered":"https:\/\/chemicalstore.ee\/toode\/lisatuli-black-x-slim-s1300-gen2-paneel-sirge-128-cm-purelux-2\/"},"modified":"2024-11-16T14:31:34","modified_gmt":"2024-11-16T14:31:34","slug":"lisatulede-komplekt-atv-hoiatustuledega-purelux","status":"publish","type":"product","link":"https:\/\/chemicalstore.ee\/ru\/toode\/lisatulede-komplekt-atv-hoiatustuledega-purelux\/","title":{"rendered":"Lisatulede komplekt ATV hoiatustuledega &#8211; Purelux"},"content":{"rendered":"<p>Lisaks t\u00f6\u00f6- ja lisatuledele on v\u00f5imalik komplekti valida v\u00e4ikesed, kuid eredad hoiatustuled, millega saab ATV n\u00e4htavust oluliselt parandada nt t\u00f6\u00f6kasutuses tegutsedes. Komplekti koguvalgusv\u00f5imsus on muljetavaldav 15 800 lm, mis tagab v\u00e4hemalt piisava valgustuse igas suunas. Komplektis on v\u00e4ike, kuid v\u00e4ga suure j\u00f5udlusega Purelux Panther Aero S300 lisavalguspaneel maanteeliikluseks ja olukordadeks, kus valgustus vajab ettepoole pikka distantsi. Lisaks on komplektis kaks t\u00f5husat laia valgusvihuga t\u00f6\u00f6tuld, mis paigaldatakse eesmisse p\u00f5rkeraua, mis suudavad valgustada ATV l\u00e4hedust 180\u00b0 laiusega otse v\u00f6\u00f6rist. Tagaosas on komplektis nii laia kui ka kitsa valgusvihuga lambid, millega saab valgustada tagumist k\u00fclge l\u00e4hedalt kaugelt. Kaasas on ka v\u00e4ga mitmek\u00fclgne kaheksa nupuga l\u00fclitipaneel, millega saab juhtida k\u00f5iki tulesid! See muudab juhtmestiku lihtsamaks ja muudab paigaldamise sujuvamaks!T\u00e4nu sihvakale raamile ja tumedale profiilile saab madala raamiga Aero S300 lisavalgusti ATV esik\u00fcljele v\u00e4ga korralikult paigaldada. Sihvakas raam v\u00f5imaldab paigaldada isegi pakiraami alumisele k\u00fcljele, kaitseraua taha, nii et valgus on kaitstud l\u00f6\u00f6kide ja okste kriimustuste eest. Pantheri valgusvihk on esiplaanil piiratud, mis tagab maksimaalse n\u00e4htavuse kaugele ette ning esiplaanile ei kogune liiga palju valgust. Lisaks on tulel stiilne parkimistuli, mida saab valgustada kas valge v\u00f5i oran\u017eina. Soovi korral saab oran\u017ei parkimistuld kasutada isegi \u00fche hoiatustulena, kui \u00fchendus toimub komplektis oleva l\u00fclitipaneeliga ja seisutulede l\u00fcliti on valitud vilkuma.Kompaktsete tumeda v\u00e4limusega Pureux Black Square 40 tulede v\u00e4ga laia valgusvihku saab kasutada lisavalgustuspaneeli ja ATV enda tulede valgustuse t\u00e4iendamiseks ATV esiserva l\u00e4histel aladel. Enamasti piisab t\u00e4iendavast valguspaneelist koos ATV enda tuledega, et valgustada ettepoole piisavalt eredalt, et t\u00f6\u00f6tuled saaks rohkem k\u00fclgedele suunata, et valgustada ka esiosa veidi k\u00fclje poole. Alternatiivina saab neid paigaldada ka nt tagumise kaubaraami esiservadesse ja sealt edasi suunata, kus need valgustavad ATV k\u00fclgi, teeservi ja kraave. Tuled tuleks asetada kaitseraua tagumisele k\u00fcljele, et need oleksid l\u00f6\u00f6kide eest kaitstud.V\u00e4ga madalad Terrain Black Slim t\u00f6\u00f6tuled saab paigutada ATV tagumisse p\u00f5rkeraua, j\u00e4llegi p\u00f5rkeraua sisek\u00fcljele, millest teine, laia valgusvihuga tuli valgustab pea 180\u00b0 sihikuga tagumist osa ning kitsam tala seevastu kaugemal taha. T\u00e4nu oma v\u00e4iksusele saab valgusteid paigaldada varjualusesse, et okstest tekkinud kriimud ja muud l\u00f6\u00f6gid ei tabaks tulesid.Komplektiga on kaasas ka kaheksakohaline Purelux Multi-Switch Panel, millega saab juhtida k\u00f5iki tulesid ja soovi korral ka muid seadmeid. Nii pole vaja \u00fcksikuid l\u00fcliteid, vaid k\u00f5iki tulesid juhitakse samalt paneelilt. See s\u00e4\u00e4stab paigaldamise ajal palju aega ja muudab \u00fchenduste loomise lihtsamaks. L\u00fclitipaneelilt saab panna k\u00f5ik selle taha \u00fchendatud tuled p\u00f5lema kas \u00fchtlaselt, hetkeliselt (vajutades all asuvat nuppu) v\u00f5i vilkuma. Nii ei ole tulede vilkumiseks eraldi vilkuri releed vaja, vaid n\u00e4iteks lisatule seisutuli saab panna vilkuma ja toimima \u00fchtse hoiatustulena.Lisaks komplektile on v\u00f5imalik valida v\u00e4ikesed (36 mm), kuid v\u00e4ga eredad hoiatustuled, mida saab paigaldada n\u00e4iteks poritiibadele (sise- v\u00f5i v\u00e4ljapoole) ja katetele nt esitulede k\u00f5rvale. Kaheksa vilkuriga on n\u00e4htavus igas suunas tagatud ning masin ei j\u00e4\u00e4 kindlasti m\u00e4rkamata.M\u00c4RKUS! Ei sisalda kinnitusklambreid, need tuleb eraldi osta.<\/p>\n","protected":false},"excerpt":{"rendered":"<p>PureluxTarnekomplekt (tulede komplekt koos hoiatustuledega) T\u00f6\u00f6valgusti Purelux Black Square 40 Flood, 40W, 2tk,T\u00f6\u00f6valgusti Purelux,Terrain Black Slim Flood, 30W, 1 tk,T\u00f6\u00f6valgusti Purelux Terrain Black Slim Spot, 30W, 1 tk,Lisavalgusti Purelux Panther Aero S300,L\u00fclitipaneel Purelux Multi-Switch Dashboard controller,Hoiatustuli Purelux Strobe, \u00fcmmargune, 36 mm, 8 tk<\/p>\n","protected":false},"featured_media":6664,"comment_status":"closed","ping_status":"open","template":"","meta":{"_monsterinsights_skip_tracking":false,"_monsterinsights_sitenote_active":false,"_monsterinsights_sitenote_note":"","_monsterinsights_sitenote_category":0},"product_brand":[],"product_cat":[708],"product_tag":[],"class_list":{"0":"post-6663","1":"product","2":"type-product","3":"status-publish","4":"has-post-thumbnail","6":"product_cat-lisatuled","7":"pa_brand-purelux","8":"pa_kasutusotstarve-lisatulede-paigaldus-atv-le","9":"pa_uhiku-hind-859-70e-tk","11":"first","12":"onbackorder","13":"sale","14":"taxable","15":"shipping-taxable","16":"purchasable","17":"product-type-simple"},"_links":{"self":[{"href":"https:\/\/chemicalstore.ee\/ru\/wp-json\/wp\/v2\/product\/6663","targetHints":{"allow":["GET"]}}],"collection":[{"href":"https:\/\/chemicalstore.ee\/ru\/wp-json\/wp\/v2\/product"}],"about":[{"href":"https:\/\/chemicalstore.ee\/ru\/wp-json\/wp\/v2\/types\/product"}],"replies":[{"embeddable":true,"href":"https:\/\/chemicalstore.ee\/ru\/wp-json\/wp\/v2\/comments?post=6663"}],"wp:featuredmedia":[{"embeddable":true,"href":"https:\/\/chemicalstore.ee\/ru\/wp-json\/wp\/v2\/media\/6664"}],"wp:attachment":[{"href":"https:\/\/chemicalstore.ee\/ru\/wp-json\/wp\/v2\/media?parent=6663"}],"wp:term":[{"taxonomy":"product_brand","embeddable":true,"href":"https:\/\/chemicalstore.ee\/ru\/wp-json\/wp\/v2\/product_brand?post=6663"},{"taxonomy":"product_cat","embeddable":true,"href":"https:\/\/chemicalstore.ee\/ru\/wp-json\/wp\/v2\/product_cat?post=6663"},{"taxonomy":"product_tag","embeddable":true,"href":"https:\/\/chemicalstore.ee\/ru\/wp-json\/wp\/v2\/product_tag?post=6663"}],"curies":[{"name":"wp","href":"https:\/\/api.w.org\/{rel}","templated":true}]}}