{"id":6640,"date":"2024-11-16T14:31:31","date_gmt":"2024-11-16T14:31:31","guid":{"rendered":"https:\/\/chemicalstore.ee\/toode\/lisatulede-komplekt-wrc-9-740w-49-000-lm-purelux\/"},"modified":"2024-11-16T14:31:32","modified_gmt":"2024-11-16T14:31:32","slug":"lisatuli-black-boost-c1070-gen2-paneel-curve-107-cm-purelux","status":"publish","type":"product","link":"https:\/\/chemicalstore.ee\/ru\/toode\/lisatuli-black-boost-c1070-gen2-paneel-curve-107-cm-purelux\/","title":{"rendered":"Lisatuli Black Boost C1070 Gen2 Paneel &#8211; Curve 107 cm &#8211; Purelux"},"content":{"rendered":"<p>Purelux Black Boost C1070 Gen2 kuulub selle tootja uuendatud Black lisavalgustite seeriasse, mis toob tippkvaliteedi ja suure j\u00f5udluse taskukohasesse hinnaklassi. V\u00e4rskendatud C1070 Gen2 on saanud nii v\u00e4lise kui ka sisemise n\u00e4oilu, kuna nt. kahev\u00e4rviline parkimistuli (oran\u017e ja valge) ning kaks erinevat v\u00f5imsusre\u017eiimi, lisaks on valgusmuster veelgi paremini uuendatud. T\u00e4nu kahele erinevale toitere\u017eiimile saab paneeli kasutada kasutajaliidesesse integreeritud unikaalse valikuga (vt l\u00e4hemalt allpool), et l\u00fclitada sisse kas maanteeliikluseks heakskiidetud m\u00f5\u00f5dukam energiare\u017eiim v\u00f5i v\u00e4ljal\u00fclitamiseks m\u00f5eldud v\u00f5imsam PowerBoost\u00ae re\u017eiim. &#8211; maanteekasutus. Maanteeliikluseks heakskiidetud toitere\u017eiimis pakub C1070 Gen2 m\u00f5\u00f5detud valgusv\u00f5imsust 11417 luumenit ja kui PowerBoost\u00ae on sisse l\u00fclitatud, suureneb paneeli m\u00f5\u00f5detud valgusv\u00f5imsus kuni 24336 luumenini, kusjuures m\u00f5\u00f5detud ulatus on muljetavaldav. 580 meetrit 1 luksiga. Nii et see on p\u00f6\u00f6rane kerge kahur, mis n\u00e4itab teed \u00e4\u00e4rmise valguse rohkusega!M\u00e4rkus! N\u00e4ete selgelt erinevust Purelux PowerBoost\u00ae ja maanteeliiklusre\u017eiimi vahel \u2013 PowerBoost\u00ae re\u017eiim on oluliselt t\u00f5husam ja seda ei tohiks kasutada tavalises maanteeliikluses s\u00f5ites, ainult maastikul.C1070 Gen2 pro\u017eektor \u00fchendab t\u00e4pselt need elemendid, mida vajate kurvilisel ja pimedal teel: valgusmustri keskel on hele ja selge p\u00f5hipunkt, mis pakub pika ulatuse ning laia valgusvihuga, mis avaneb k\u00fclgsuunas tee servast. tee \u00e4\u00e4rde \u2013 otse v\u00f6\u00f6rist. Valgusvihk on vormitud tasaseks uuendatud helkuritega, et valgust ei suunataks asjatult v\u00f6\u00f6ri ette v\u00f5i puude latvadesse. Suurim erinevus kumerate ja sirgete mudelite vahel on valgusvihu laius: kumer korpus hajutab valgusmustri horisontaalselt ning kaugvihk keskel on kaks korda laiem kui sirgel mudelil. Vastavalt sellele on sirgel paneelil kogu p\u00f5hipunkti valgusv\u00e4ljund suunatud otse ette, nii et valguse ulatust saab maksimeerida. Talade v\u00f5rdlemisel on seet\u00f5ttu soovitav laia valgusvihu otsimisel ja \u00fcldise n\u00e4htavuse parandamisel valida kumer versioon, kuid kui auto enda tuled valgustavad esimesed ca 50-100 meetrit h\u00e4sti ning soovitakse rohkem panustada s\u00f5iduulatusse. sirge mudel on \u00f5ige valik. Paneeli v\u00e4rvitemperatuur on 5700 kelvinit. T\u00e4nu oma suurusele sobib C1070 Gen2 k\u00f5ige paremini nii lakke kui ka raskete seadmete kasutamiseks.Valgus on s\u00e4ilitanud must raam ja tume optika, mis on juba nimes n\u00e4ha, mis annavad paneelile elegantse ja modernse v\u00e4limuse. Gen2 versioonis on seisutulele toodud ka tume optika, t\u00e4nu millele torkab objektiivi keskel jooksev seisutule riba valguse eest silma ainult siis, kui see p\u00f5leb, nii et tuli on stiilne nii sissel\u00fclitatuna ja v\u00e4lja. Black seeria paneelide raamid on valmistatud pulberv\u00e4rvitud ja vastupidavast alumiiniumsulamist ning klaasid praktiliselt purunematust pol\u00fckarbonaadist, samuti on tuled t\u00e4ielikult kaitstud vee ja tolmu eest vastavalt IP69K klassifikatsioonile. Tulede raamita esiosa takistab lume, j\u00e4\u00e4 ja mustuse kogunemist objektiivi ette, t\u00e4nu millele ei varja valguskiir nii lihtsalt kui raamiga varustatud lisatulede puhul.Pakendiga kaasas olevad reguleeritava laiusega s\u00e4\u00e4re- ja otsajalad pakuvad rohkelt paigaldusv\u00f5imalusi ning lai t\u00f6\u00f6pinge (9-32V) v\u00f5imaldab paigaldada nii 12V kui 24V s\u00fcsteemidesse. Lamp on kaitstud raadioh\u00e4irete eest vastavalt standardile ECE R10. Kaheaastane (24 kuud) garantii!<\/p>\n","protected":false},"excerpt":{"rendered":"<p>PureluxTarne p\u00f5hisisu,Purelux Black Boost C1070 Gen2,2 x reguleeritava laiusega s\u00e4\u00e4red,2 x otsajalad,Toitekaabli vaste,\u00dchendus- ja paigaldusjuhised (FI\/SE\/NO\/DK\/EN)<\/p>\n","protected":false},"featured_media":6641,"comment_status":"closed","ping_status":"open","template":"","meta":{"_monsterinsights_skip_tracking":false,"_monsterinsights_sitenote_active":false,"_monsterinsights_sitenote_note":"","_monsterinsights_sitenote_category":0},"product_brand":[],"product_cat":[708],"product_tag":[],"class_list":{"0":"post-6640","1":"product","2":"type-product","3":"status-publish","4":"has-post-thumbnail","6":"product_cat-lisatuled","7":"pa_brand-purelux","8":"pa_kasutusotstarve-lisatulede-paigaldus","9":"pa_uhiku-hind-429-90e-tk","10":"pa_voimsus-400w-ref-50-5700k","12":"first","13":"onbackorder","14":"sale","15":"taxable","16":"shipping-taxable","17":"purchasable","18":"product-type-simple"},"_links":{"self":[{"href":"https:\/\/chemicalstore.ee\/ru\/wp-json\/wp\/v2\/product\/6640","targetHints":{"allow":["GET"]}}],"collection":[{"href":"https:\/\/chemicalstore.ee\/ru\/wp-json\/wp\/v2\/product"}],"about":[{"href":"https:\/\/chemicalstore.ee\/ru\/wp-json\/wp\/v2\/types\/product"}],"replies":[{"embeddable":true,"href":"https:\/\/chemicalstore.ee\/ru\/wp-json\/wp\/v2\/comments?post=6640"}],"wp:featuredmedia":[{"embeddable":true,"href":"https:\/\/chemicalstore.ee\/ru\/wp-json\/wp\/v2\/media\/6641"}],"wp:attachment":[{"href":"https:\/\/chemicalstore.ee\/ru\/wp-json\/wp\/v2\/media?parent=6640"}],"wp:term":[{"taxonomy":"product_brand","embeddable":true,"href":"https:\/\/chemicalstore.ee\/ru\/wp-json\/wp\/v2\/product_brand?post=6640"},{"taxonomy":"product_cat","embeddable":true,"href":"https:\/\/chemicalstore.ee\/ru\/wp-json\/wp\/v2\/product_cat?post=6640"},{"taxonomy":"product_tag","embeddable":true,"href":"https:\/\/chemicalstore.ee\/ru\/wp-json\/wp\/v2\/product_tag?post=6640"}],"curies":[{"name":"wp","href":"https:\/\/api.w.org\/{rel}","templated":true}]}}