{"id":6592,"date":"2024-11-16T14:31:13","date_gmt":"2024-11-16T14:31:13","guid":{"rendered":"https:\/\/chemicalstore.ee\/toode\/lisatuli-black-boost-c1070-gen2-paneel-curve-107-cm-purelux\/"},"modified":"2024-11-16T14:31:25","modified_gmt":"2024-11-16T14:31:25","slug":"lisatuli-black-boost-s1070-gen2-paneel-sirge-107-cm-purelux","status":"publish","type":"product","link":"https:\/\/chemicalstore.ee\/ru\/toode\/lisatuli-black-boost-s1070-gen2-paneel-sirge-107-cm-purelux\/","title":{"rendered":"Lisatuli Black Boost S1070 Gen2 Paneel &#8211; Sirge 107 cm &#8211; Purelux"},"content":{"rendered":"<p>Purelux Black Boost S1070 Gen2 kuulub selle tootja uuendatud Black lisavalgustite seeriasse, mis toob tippkvaliteedi ja suure j\u00f5udluse taskukohasesse hinnaklassi. Uuendatud S1070 Gen2 on saanud nii v\u00e4lise kui ka sisemise facelift, kuna nt. kahev\u00e4rviline parkimistuli (oran\u017e ja valge) ning kaks erinevat v\u00f5imsusre\u017eiimi, lisaks on valgusmuster veelgi paremini uuendatud. T\u00e4nu kahele erinevale toitere\u017eiimile saab paneeli kasutada kasutajaliidesesse integreeritud unikaalse valikuga (vt l\u00e4hemalt allpool), et l\u00fclitada sisse kas maanteeliikluseks heakskiidetud m\u00f5\u00f5dukam energiare\u017eiim v\u00f5i v\u00e4ljal\u00fclitamiseks m\u00f5eldud v\u00f5imsam PowerBoost\u00ae re\u017eiim. &#8211; maanteekasutus. Maanteeliikluseks heakskiidetud toitere\u017eiimis pakub S1070 Gen2 m\u00f5\u00f5detud valgusv\u00f5imsust 11 658 luumenit ja kui PowerBoost\u00ae on sisse l\u00fclitatud, t\u00f5useb paneeli m\u00f5\u00f5detud valgusv\u00f5imsus uskumatult 24 600 luumenini, mille m\u00f5\u00f5detud ulatus on muljetavaldav. 660 meetrit 1 luksiga. Nii et see on p\u00f6\u00f6rane kerge kahur, mis n\u00e4itab teed \u00e4\u00e4rmise valguse rohkusega!M\u00e4rkus! N\u00e4ete selgelt erinevust Purelux PowerBoost\u00ae ja maanteeliiklusre\u017eiimi vahel \u2013 PowerBoost\u00ae re\u017eiim on oluliselt t\u00f5husam ja seda ei tohiks kasutada tavalises maanteeliikluses s\u00f5ites, ainult maastikul.Mudeli S1070 Gen2 pro\u017eektor \u00fchendab t\u00e4pselt need elemendid, mida vajate kurvilisel ja pimedal teel: valgusmustri keskel on hele ja selge p\u00f5hipunkt, mis pakub pika ulatuse ning laia valgusvihuga, mis avaneb k\u00fcljelt k\u00fcljelt. tee tee \u00e4\u00e4rde &#8211; otse v\u00f6\u00f6rist. Valgusvihk on vormitud tasaseks uuendatud helkuritega, et valgust ei suunataks asjatult v\u00f6\u00f6ri ette v\u00f5i puude latvadesse. Suurim erinevus kumerate ja sirgete mudelite vahel on valgusvihu laius: kumer korpus hajutab valgusmustri horisontaalselt ning kaugvihk keskel on kaks korda laiem kui sirgel mudelil. Vastavalt sellele on sirgel paneelil kogu p\u00f5hipunkti valgusv\u00e4ljund suunatud otse ette, nii et valguse ulatust saab maksimeerida. Talade v\u00f5rdlemisel on seet\u00f5ttu soovitav laia valgusvihu otsimisel ja \u00fcldise n\u00e4htavuse parandamisel valida kumer versioon, kuid kui auto enda tuled valgustavad esimesed ca 50-100 meetrit h\u00e4sti ning soovitakse rohkem panustada s\u00f5iduulatusse. sirge mudel on \u00f5ige valik. Paneeli v\u00e4rvitemperatuur on 5700 kelvinit. S1070 Gen2 sobib oma suuruse t\u00f5ttu k\u00f5ige paremini nii lakke kui ka raskete seadmete kasutamiseks.Valgus on s\u00e4ilitanud must raam ja tume optika, mis on juba nimes n\u00e4ha, mis annavad paneelile elegantse ja modernse v\u00e4limuse. Gen2 versioonis on seisutulele toodud ka tume optika, t\u00e4nu millele torkab objektiivi keskel jooksev seisutule riba valguse eest silma ainult siis, kui see p\u00f5leb, nii et tuli on stiilne nii sissel\u00fclitatuna ja v\u00e4lja. Black seeria paneelide raamid on valmistatud pulberv\u00e4rvitud ja vastupidavast alumiiniumsulamist ning klaasid praktiliselt purunematust pol\u00fckarbonaadist, samuti on tuled t\u00e4ielikult kaitstud vee ja tolmu eest vastavalt IP69K klassifikatsioonile. Tulede raamita esiosa takistab lume, j\u00e4\u00e4 ja mustuse kogunemist objektiivi ette, t\u00e4nu millele ei varja valguskiir nii lihtsalt kui raamiga varustatud lisatulede puhul.Pakendiga kaasas olevad reguleeritava laiusega s\u00e4\u00e4re- ja otsajalad pakuvad rohkelt paigaldusv\u00f5imalusi ning lai t\u00f6\u00f6pinge (9-32V) v\u00f5imaldab paigaldada nii 12V kui 24V s\u00fcsteemidesse. Lamp on kaitstud raadioh\u00e4irete eest vastavalt standardile ECE R10. Kaheaastane (24 kuud) garantii!<\/p>\n","protected":false},"excerpt":{"rendered":"<p>PureluxTarne p\u00f5hisisu Purelux Black Boost S1070 Gen2,2 x reguleeritava laiusega s\u00e4\u00e4red,2 x otsajalad,Toitekaabli vaste,\u00dchendus- ja paigaldusjuhised (FI\/SE\/NO\/DK\/EN)<\/p>\n","protected":false},"featured_media":6593,"comment_status":"closed","ping_status":"open","template":"","meta":{"_monsterinsights_skip_tracking":false,"_monsterinsights_sitenote_active":false,"_monsterinsights_sitenote_note":"","_monsterinsights_sitenote_category":0},"product_brand":[],"product_cat":[708],"product_tag":[],"class_list":{"0":"post-6592","1":"product","2":"type-product","3":"status-publish","4":"has-post-thumbnail","6":"product_cat-lisatuled","7":"pa_brand-purelux","8":"pa_kasutusotstarve-lisatulede-paigaldus","9":"pa_uhiku-hind-399-90e-tk","10":"pa_voimsus-400w-ref-50-5700k","12":"first","13":"onbackorder","14":"sale","15":"taxable","16":"shipping-taxable","17":"purchasable","18":"product-type-simple"},"_links":{"self":[{"href":"https:\/\/chemicalstore.ee\/ru\/wp-json\/wp\/v2\/product\/6592","targetHints":{"allow":["GET"]}}],"collection":[{"href":"https:\/\/chemicalstore.ee\/ru\/wp-json\/wp\/v2\/product"}],"about":[{"href":"https:\/\/chemicalstore.ee\/ru\/wp-json\/wp\/v2\/types\/product"}],"replies":[{"embeddable":true,"href":"https:\/\/chemicalstore.ee\/ru\/wp-json\/wp\/v2\/comments?post=6592"}],"wp:featuredmedia":[{"embeddable":true,"href":"https:\/\/chemicalstore.ee\/ru\/wp-json\/wp\/v2\/media\/6593"}],"wp:attachment":[{"href":"https:\/\/chemicalstore.ee\/ru\/wp-json\/wp\/v2\/media?parent=6592"}],"wp:term":[{"taxonomy":"product_brand","embeddable":true,"href":"https:\/\/chemicalstore.ee\/ru\/wp-json\/wp\/v2\/product_brand?post=6592"},{"taxonomy":"product_cat","embeddable":true,"href":"https:\/\/chemicalstore.ee\/ru\/wp-json\/wp\/v2\/product_cat?post=6592"},{"taxonomy":"product_tag","embeddable":true,"href":"https:\/\/chemicalstore.ee\/ru\/wp-json\/wp\/v2\/product_tag?post=6592"}],"curies":[{"name":"wp","href":"https:\/\/api.w.org\/{rel}","templated":true}]}}