{"id":6559,"date":"2024-11-16T14:31:13","date_gmt":"2024-11-16T14:31:13","guid":{"rendered":"https:\/\/chemicalstore.ee\/toode\/lisatuli-black-boost-s360-gen2-paneel-sirge-36-cm-purelux-3\/"},"modified":"2024-11-16T14:31:20","modified_gmt":"2024-11-16T14:31:20","slug":"lisatuli-black-boost-s360-gen2-paneel-sirge-36-cm-purelux-3","status":"publish","type":"product","link":"https:\/\/chemicalstore.ee\/ru\/toode\/lisatuli-black-boost-s360-gen2-paneel-sirge-36-cm-purelux-3\/","title":{"rendered":"Lisatuli Black Boost S360 Gen2 Paneel &#8211; Sirge 36 cm &#8211; Purelux"},"content":{"rendered":"<p>Purelux Black Boost S360 Gen2 on osa selle tootja uuendatud Black lisatulede seeriast, mis toob tippkvaliteedi ja k\u00f5va j\u00f5udluse taskukohasesse hinnavahemikku. V\u00e4rskendatud S360 Gen2 on saanud nii v\u00e4lise kui ka sisemise facelifti, kuna nt. kahev\u00e4rviline parkimistuli (oran\u017e ja valge) ning kaks erinevat v\u00f5imsusre\u017eiimi, lisaks on valgusmuster veelgi paremini uuendatud. T\u00e4nu kahele erinevale toitere\u017eiimile saab paneeli kasutada kasutajaliidesesse integreeritud unikaalse valikuga (vt l\u00e4hemalt allpool), et l\u00fclitada sisse kas maanteeliikluseks heakskiidetud m\u00f5\u00f5dukam energiare\u017eiim v\u00f5i v\u00e4ljal\u00fclitamiseks m\u00f5eldud v\u00f5imsam PowerBoost\u00ae re\u017eiim. &#8211; maanteekasutus. Maanteeliikluseks heakskiidetud toitere\u017eiimis pakub S360 Gen2 m\u00f5\u00f5detud valgusv\u00f5imsust 3650 luumenit ning piiramatu PowerBoost\u00ae sissel\u00fclitamisel suureneb paneeli m\u00f5\u00f5detud valgusv\u00f5imsus kuni 7723 luumenini m\u00f5\u00f5detud ulatusega 558 meetrit. @ 1 luks, mis on selle suurusega paneeli jaoks muljetavaldav j\u00f5udlus. N\u00e4ete selgelt erinevust Purelux PowerBoost\u00ae ja maanteeliiklusre\u017eiimi vahel \u2013 PowerBoost\u00ae re\u017eiim on oluliselt t\u00f5husam ja seda ei tohiks kasutada tavalises maanteeliikluses s\u00f5ites, vaid maastikul S360 Gen2 pro\u017eektor \u00fchendab endas t\u00e4pselt teie vajadus k\u00e4\u00e4nulisel ja pimedal teel: fotopildi keskelt on hele ja selge p\u00f5hipunkt, mis pakub pikka leviulatust, laia koonusega, mis avaneb k\u00fclgsuunas m\u00f5lemalt poolt teed \u2013 otse v\u00f6\u00f6rist. Valgusvihk on vormitud tasaseks uuendatud helkuritega, et valgust ei suunataks asjatult v\u00f6\u00f6ri ette v\u00f5i puude latvadesse. Paneeli v\u00e4rvitemperatuur on 5700 kelvinit. S360 Gen2 on oma suuruse kohta nii t\u00f5hus, et t\u00f6\u00f6tab h\u00e4sti ka s\u00f5iduki ainsa lisavalgusena, kuid t\u00e4nu kompaktsele suurusele saab neid paigaldada ka n\u00e4iteks kaks paralleelselt, mille puhul saab valgusv\u00f5imsust kahekordistada ja moodne v\u00e4limus. Gen2 versioonis on seisutulele toodud ka tume optika, t\u00e4nu millele torkab objektiivi keskel jooksev seisutule riba valguse eest silma ainult siis, kui see p\u00f5leb, nii et tuli on stiilne nii sissel\u00fclitatuna ja v\u00e4lja. Black seeria paneelide raamid on valmistatud pulberv\u00e4rvitud ja vastupidavast alumiiniumsulamist ning klaasid praktiliselt purunematust pol\u00fckarbonaadist, samuti on tuled t\u00e4ielikult kaitstud vee ja tolmu eest vastavalt IP69K klassifikatsioonile. Tulede raamita esiosa takistab lume, j\u00e4\u00e4 ja mustuse kogunemist objektiivi ette, t\u00e4nu millele ei kata valgusvihk s\u00f5idul nii lihtsalt kui raamiga varustatud lisatuledes v\u00e4lja, kasutades valgusti toitejuhtme DT-2 pistikut ning komplekti kuuluvad reguleeritava laiusega s\u00e4\u00e4red ja otsajalad. Lai t\u00f6\u00f6pinge (9-32V) v\u00f5imaldab paigaldada nii 12V kui 24V s\u00fcsteemidesse. Lamp on kaitstud raadioh\u00e4irete eest vastavalt standardile ECE R10. Kaheaastane (24 kuud) garantii!<\/p>\n","protected":false},"excerpt":{"rendered":"<p>PureluxTarne sisu (1 tk \u2013 t\u00e4ielik komplekt Otsakinnitus) Tarne p\u00f5hisisu,Lisavalgusti kronstein Purelux Twisted Single Bracket, 2 tk,Relee juhtmestiku komplekt,Purelux Pro Serie 12V, DT-2 (1 v\u00e4ljund),Klambrid, 2 tk<\/p>\n","protected":false},"featured_media":6560,"comment_status":"closed","ping_status":"open","template":"","meta":{"_monsterinsights_skip_tracking":false,"_monsterinsights_sitenote_active":false,"_monsterinsights_sitenote_note":"","_monsterinsights_sitenote_category":0},"product_brand":[],"product_cat":[708],"product_tag":[],"class_list":{"0":"post-6559","1":"product","2":"type-product","3":"status-publish","4":"has-post-thumbnail","6":"product_cat-lisatuled","7":"pa_brand-purelux","8":"pa_kasutusotstarve-lisatulede-paigaldus","9":"pa_uhiku-hind-202-60e-tk","10":"pa_voimsus-120w-ref-37-5-5700k","12":"first","13":"onbackorder","14":"sale","15":"taxable","16":"shipping-taxable","17":"purchasable","18":"product-type-simple"},"_links":{"self":[{"href":"https:\/\/chemicalstore.ee\/ru\/wp-json\/wp\/v2\/product\/6559","targetHints":{"allow":["GET"]}}],"collection":[{"href":"https:\/\/chemicalstore.ee\/ru\/wp-json\/wp\/v2\/product"}],"about":[{"href":"https:\/\/chemicalstore.ee\/ru\/wp-json\/wp\/v2\/types\/product"}],"replies":[{"embeddable":true,"href":"https:\/\/chemicalstore.ee\/ru\/wp-json\/wp\/v2\/comments?post=6559"}],"wp:featuredmedia":[{"embeddable":true,"href":"https:\/\/chemicalstore.ee\/ru\/wp-json\/wp\/v2\/media\/6560"}],"wp:attachment":[{"href":"https:\/\/chemicalstore.ee\/ru\/wp-json\/wp\/v2\/media?parent=6559"}],"wp:term":[{"taxonomy":"product_brand","embeddable":true,"href":"https:\/\/chemicalstore.ee\/ru\/wp-json\/wp\/v2\/product_brand?post=6559"},{"taxonomy":"product_cat","embeddable":true,"href":"https:\/\/chemicalstore.ee\/ru\/wp-json\/wp\/v2\/product_cat?post=6559"},{"taxonomy":"product_tag","embeddable":true,"href":"https:\/\/chemicalstore.ee\/ru\/wp-json\/wp\/v2\/product_tag?post=6559"}],"curies":[{"name":"wp","href":"https:\/\/api.w.org\/{rel}","templated":true}]}}