{"id":6544,"date":"2024-11-16T14:31:13","date_gmt":"2024-11-16T14:31:13","guid":{"rendered":"https:\/\/chemicalstore.ee\/toode\/lisatuli-black-boost-s200-gen2-paneel-sirge-20-cm-purelux-5\/"},"modified":"2024-11-16T14:31:18","modified_gmt":"2024-11-16T14:31:18","slug":"lisatuli-black-boost-s200-gen2-paneel-sirge-20-cm-purelux-5","status":"publish","type":"product","link":"https:\/\/chemicalstore.ee\/ru\/toode\/lisatuli-black-boost-s200-gen2-paneel-sirge-20-cm-purelux-5\/","title":{"rendered":"Lisatuli Black Boost S200 Gen2 Paneel &#8211; Sirge 20 cm &#8211; Purelux"},"content":{"rendered":"<p>Purelux Black Boost S200 Gen2 on osa selle tootja uuendatud Black lisavalgustite seeriast, mis toob tippkvaliteedi ja k\u00f5va j\u00f5udluse suurep\u00e4rasesse hinnavahemikku. S200 Gen2 on saanud nii v\u00e4lise kui ka sisemise ilme: uuenenud S200 Gen2 versioonis on kasutusele v\u00f5etud kaks erinevat v\u00f5imsusre\u017eiimi ning veelgi paremaks on uuendatud ka valgusmustrit. T\u00e4nu kahele erinevale toitere\u017eiimile saab paneeli kasutada kasutajaliidesesse integreeritud unikaalse valikuga (vt l\u00e4hemalt allpool), et l\u00fclitada sisse kas maanteeliikluseks heakskiidetud m\u00f5\u00f5dukam energiare\u017eiim v\u00f5i v\u00e4ljal\u00fclitamiseks m\u00f5eldud v\u00f5imsam PowerBoost\u00ae re\u017eiim. &#8211; maanteekasutus. Maanteeliikluseks heakskiidetud toitere\u017eiimis pakub S200 Gen2 m\u00f5\u00f5detud valgusv\u00f5imsust 1747 luumenit ning piiramatu PowerBoost\u00ae sissel\u00fclitamisel t\u00f5useb paneelilt m\u00f5\u00f5detud valgusv\u00f5imsus kuni 3726 luumenini m\u00f5\u00f5detud ulatusega 403 meetrit. @ 1 luks, mis on selle suurusklassi paneeli jaoks muljetavaldav. N\u00e4ete selgelt erinevust Purelux PowerBoost\u00ae ja maanteeliiklusre\u017eiimi vahel \u2013 PowerBoost\u00ae re\u017eiim on oluliselt t\u00f5husam ja seda ei tohiks kasutada tavaliikluses s\u00f5ites, vaid maastikul S200 Gen2 pro\u017eektor \u00fchendab endas t\u00e4pselt need elemendid, mida te vajadus k\u00e4\u00e4nulisel ja pimedal teel: fotopildi keskelt on hele ja selge p\u00f5hipunkt, mis pakub pikka leviulatust, laia koonusega, mis avaneb k\u00fclgsuunas m\u00f5lemalt poolt teed \u2013 otse v\u00f6\u00f6rist. Valgusvihk on vormitud tasaseks uuendatud helkuritega, et valgust ei suunataks asjatult v\u00f6\u00f6ri ette v\u00f5i puude latvadesse. Paneeli v\u00e4rvitemperatuur on 5700 kelvinit. S200 Gen2 v\u00e4iksus teeb sellest suurep\u00e4rase valiku nt. maskipaigaldiste ja kilbipaigaldiste jaoks, kus soovitakse panna k\u00f5rvuti kaks v\u00e4ikest paneeli Valgus on s\u00e4ilitanud musta raami ja tumeda optika, mis on juba nimes selgelt n\u00e4ha, mis annavad paneelile elegantse ja modernse v\u00e4limuse. Black seeria paneelide raamid on valmistatud pulberv\u00e4rvitud ja vastupidavast alumiiniumsulamist ning klaasid praktiliselt purunematust pol\u00fckarbonaadist, samuti on tuled t\u00e4ielikult kaitstud vee ja tolmu eest vastavalt IP69K klassifikatsioonile. Tulede raamita esiosa takistab lume, j\u00e4\u00e4 ja mustuse kogunemist objektiivi ette, t\u00e4nu millele ei kata valgusvihk s\u00f5idul nii lihtsalt kui raamiga varustatud lisatuledes v\u00e4lja, kasutades valgusti toitejuhtme DT-2 pistikut ning komplekti kuuluvad reguleeritava laiusega s\u00e4\u00e4red ja otsajalad. Lai t\u00f6\u00f6pinge (9-32V) v\u00f5imaldab paigaldada nii 12V kui 24V s\u00fcsteemidesse. Lamp on kaitstud raadioh\u00e4irete eest vastavalt standardile ECE R10. Kaheaastane (24 kuud) garantii!<\/p>\n","protected":false},"excerpt":{"rendered":"<p>PureluxTarne sisu (2 tk &#8211; T\u00e4ielik komplekt p\u00f5hjakinnitus) 2 x Tarne p\u00f5hisisu,Lisatulehoidik EU numbrim\u00e4rgile, Purelux Relee juhtmestiku komplekt Purelux Pro Series 12V, DT-2 (2 v\u00e4ljundit)<\/p>\n","protected":false},"featured_media":6545,"comment_status":"closed","ping_status":"open","template":"","meta":{"_monsterinsights_skip_tracking":false,"_monsterinsights_sitenote_active":false,"_monsterinsights_sitenote_note":"","_monsterinsights_sitenote_category":0},"product_brand":[],"product_cat":[708],"product_tag":[],"class_list":{"0":"post-6544","1":"product","2":"type-product","3":"status-publish","4":"has-post-thumbnail","6":"product_cat-lisatuled","7":"pa_brand-purelux","8":"pa_kasutusotstarve-lisatulede-paigaldus","9":"pa_uhiku-hind-123-30e-tk","10":"pa_voimsus-60w-ref-25-5700k","12":"first","13":"onbackorder","14":"sale","15":"taxable","16":"shipping-taxable","17":"purchasable","18":"product-type-simple"},"_links":{"self":[{"href":"https:\/\/chemicalstore.ee\/ru\/wp-json\/wp\/v2\/product\/6544","targetHints":{"allow":["GET"]}}],"collection":[{"href":"https:\/\/chemicalstore.ee\/ru\/wp-json\/wp\/v2\/product"}],"about":[{"href":"https:\/\/chemicalstore.ee\/ru\/wp-json\/wp\/v2\/types\/product"}],"replies":[{"embeddable":true,"href":"https:\/\/chemicalstore.ee\/ru\/wp-json\/wp\/v2\/comments?post=6544"}],"wp:featuredmedia":[{"embeddable":true,"href":"https:\/\/chemicalstore.ee\/ru\/wp-json\/wp\/v2\/media\/6545"}],"wp:attachment":[{"href":"https:\/\/chemicalstore.ee\/ru\/wp-json\/wp\/v2\/media?parent=6544"}],"wp:term":[{"taxonomy":"product_brand","embeddable":true,"href":"https:\/\/chemicalstore.ee\/ru\/wp-json\/wp\/v2\/product_brand?post=6544"},{"taxonomy":"product_cat","embeddable":true,"href":"https:\/\/chemicalstore.ee\/ru\/wp-json\/wp\/v2\/product_cat?post=6544"},{"taxonomy":"product_tag","embeddable":true,"href":"https:\/\/chemicalstore.ee\/ru\/wp-json\/wp\/v2\/product_tag?post=6544"}],"curies":[{"name":"wp","href":"https:\/\/api.w.org\/{rel}","templated":true}]}}