{"id":6454,"date":"2024-11-16T14:30:53","date_gmt":"2024-11-16T14:30:53","guid":{"rendered":"https:\/\/chemicalstore.ee\/toode\/lisatuli-black-x-slim-c520-gen2-paneel-curve-52-cm-purelux-2\/"},"modified":"2024-11-16T14:31:07","modified_gmt":"2024-11-16T14:31:07","slug":"lisatuli-black-x-slim-c520-gen2-paneel-curve-52-cm-purelux-2","status":"publish","type":"product","link":"https:\/\/chemicalstore.ee\/ru\/toode\/lisatuli-black-x-slim-c520-gen2-paneel-curve-52-cm-purelux-2\/","title":{"rendered":"Lisatuli Black X-Slim C520 Gen2 Paneel &#8211; Curve  52 cm  &#8211; Purelux"},"content":{"rendered":"<p>Purelux Black X-Slim C520 Gen2 kuulub selle tootja uuendatud Black X-Slim lisavalgustite seeriasse, mis toob tippkvaliteedi taskukohasesse hinnaklassi. Paneel on saanud nii v\u00e4lise kui ka sisemise ilme: uuendatud C520 Gen2 versioonil on kahev\u00e4rviline seisutuli (oran\u017e ja valge) ning kaks erinevat v\u00f5imsusre\u017eiimi, samuti on uuendatud veelgi paremaks valgusmuster. T\u00e4nu kahele erinevale toitere\u017eiimile saab paneeli kasutada kasutajaliidesesse integreeritud unikaalse valikuga (vt l\u00e4hemalt allpool), et l\u00fclitada sisse kas maanteeliikluseks heakskiidetud m\u00f5\u00f5dukam energiare\u017eiim v\u00f5i v\u00e4ljal\u00fclitamiseks m\u00f5eldud v\u00f5imsam PowerBoost\u00ae re\u017eiim. &#8211; maanteekasutus. Juba maanteeliikluseks heakskiidetud j\u00f5ure\u017eiimis pakub C520 Gen2 m\u00f5\u00f5detud valgusv\u00f5imsust peaaegu poole v\u00e4hem kui eelmine mudel (4012 lm) ning PowerBoost\u00ae re\u017eiimi sissel\u00fclitamisel t\u00f5useb paneelilt m\u00f5\u00f5detud valgusv\u00f5imsus \u00fclespoole. 6857 luumenit, m\u00f5\u00f5detud ulatus on muljetavaldav 419 meetrit 1 luksi juures. N\u00e4ete selgelt erinevust Purelux PowerBoost\u00ae ja maanteeliiklusre\u017eiimi vahel \u2013 PowerBoost\u00ae re\u017eiim on oluliselt t\u00f5husam ja seda ei tohiks kasutada tavalises maanteeliikluses s\u00f5ites, vaid maastikul C520 Gen2 pro\u017eektor \u00fchendab endas t\u00e4pselt teie vajadus kurvilisel, pimedal teel: fotopildi keskelt on selge pikamaa nn p\u00f5hipunkt ehk hele kaugele ulatuv kaugvihk, millele lisaks laieneb m\u00f5lemal k\u00fclgsuunas lai valgusvihk. k\u00fcljed, et valgustada teed k\u00fcljelt k\u00fcljele otse v\u00f6\u00f6rist. Valgusvihk on vormitud tasaseks uuendatud helkuritega, et valgus ei l\u00e4heks raisku v\u00f6\u00f6ri ette ega puude latvadesse. Suurim erinevus kumera versiooni ja sirge kerega mudeli vahel on valgusvihu laius: kumer kere hajutab valgusvihu horisontaalselt laiale ja kaugvihk keskelt umbes kaks korda laiemalt kui sirge mudel. Vastavalt sellele on otseses versioonis kogu p\u00f5hipunkti valgusv\u00e4ljund suunatud otse ette, nii et valguse ulatust saab maksimeerida. Koonuste v\u00f5rdlemisel on seet\u00f5ttu soovitatav laia koonuse otsimisel ja \u00fcldise n\u00e4htavuse parandamisel valida kumer variant. Kui auto enda tuled valgustavad esimesed ca 50-100 meetrit h\u00e4sti ja soovite s\u00f5iduulatusse rohkem investeerida, on \u00f5ige valik otsemudel. Paneeli v\u00e4rvitemperatuur on 5700 kelvinit. T\u00e4nu oma suurusele on C520 Gen2 suurep\u00e4rane valik n\u00e4iteks traditsioonilise kilbihoidiku paigaldamiseks v\u00f5i n\u00e4iteks \u00f5huv\u00f5tuavasse. samuti must korpus ja tume optika, mis annavad paneelile stiilse ja kaasaegse v\u00e4limuse. Gen2 versioonis on n\u00fc\u00fcdseks toodud ka seisutulele tume optika, t\u00e4nu millele paistab piki paneeli alumist serva jooksev seisutule riba valguse eest silma vaid siis, kui seisutuli p\u00f5leb, seega on tuli stiilne nii sisse- kui v\u00e4ljal\u00fclitamisel. Black X-Slim seeria paneelide raamid on valmistatud pulberv\u00e4rvitud ja vastupidavast alumiiniumsulamist ning klaasid praktiliselt purunematust pol\u00fckarbonaadist, samuti on tuled t\u00e4ielikult kaitstud vee ja tolmu eest vastavalt IP69K klassifikatsioonile. Tulede raamita l\u00e4\u00e4ts takistab lume, j\u00e4\u00e4 ja mustuse kogunemist l\u00e4\u00e4tse ette, t\u00e4nu millele ei kata valguskiirt nii lihtsalt kui raamiga varustatud lisavalgustites DT-2 pistik valgusti toitejuhtmel ning reguleeritava laiusega s\u00e4\u00e4red ja otsajalad annavad palju kinnitusv\u00f5imalusi. Lai t\u00f6\u00f6pinge (9-32V) v\u00f5imaldab paigaldada nii 12V kui 24V s\u00fcsteemidesse. Lamp on kaitstud raadioh\u00e4irete eest vastavalt standardile ECE R10. Kaheaastane (24 kuud) garantii!<\/p>\n","protected":false},"excerpt":{"rendered":"<p>PureluxTarne sisu (1 tk \u2013 t\u00e4ielik komplekt) Tarne p\u00f5hisisu,Lisatulehoidik EU numbrim\u00e4rgile, Purelux,Relee juhtmestiku komplekt Purelux Pro Serie 12V, DT-2 (1 v\u00e4ljund),Klambrid, 2 tk<\/p>\n","protected":false},"featured_media":6778,"comment_status":"closed","ping_status":"open","template":"","meta":{"_monsterinsights_skip_tracking":false,"_monsterinsights_sitenote_active":false,"_monsterinsights_sitenote_note":"","_monsterinsights_sitenote_category":0},"product_brand":[],"product_cat":[708],"product_tag":[],"class_list":{"0":"post-6454","1":"product","2":"type-product","3":"status-publish","4":"has-post-thumbnail","6":"product_cat-lisatuled","7":"pa_brand-purelux","8":"pa_kasutusotstarve-lisatulede-paigaldus","9":"pa_uhiku-hind-222-60e-tk","10":"pa_voimsus-105w-ref-37-5-5700k","12":"first","13":"onbackorder","14":"sale","15":"taxable","16":"shipping-taxable","17":"purchasable","18":"product-type-simple"},"_links":{"self":[{"href":"https:\/\/chemicalstore.ee\/ru\/wp-json\/wp\/v2\/product\/6454","targetHints":{"allow":["GET"]}}],"collection":[{"href":"https:\/\/chemicalstore.ee\/ru\/wp-json\/wp\/v2\/product"}],"about":[{"href":"https:\/\/chemicalstore.ee\/ru\/wp-json\/wp\/v2\/types\/product"}],"replies":[{"embeddable":true,"href":"https:\/\/chemicalstore.ee\/ru\/wp-json\/wp\/v2\/comments?post=6454"}],"wp:featuredmedia":[{"embeddable":true,"href":"https:\/\/chemicalstore.ee\/ru\/wp-json\/wp\/v2\/media\/6778"}],"wp:attachment":[{"href":"https:\/\/chemicalstore.ee\/ru\/wp-json\/wp\/v2\/media?parent=6454"}],"wp:term":[{"taxonomy":"product_brand","embeddable":true,"href":"https:\/\/chemicalstore.ee\/ru\/wp-json\/wp\/v2\/product_brand?post=6454"},{"taxonomy":"product_cat","embeddable":true,"href":"https:\/\/chemicalstore.ee\/ru\/wp-json\/wp\/v2\/product_cat?post=6454"},{"taxonomy":"product_tag","embeddable":true,"href":"https:\/\/chemicalstore.ee\/ru\/wp-json\/wp\/v2\/product_tag?post=6454"}],"curies":[{"name":"wp","href":"https:\/\/api.w.org\/{rel}","templated":true}]}}