{"id":6222,"date":"2024-11-16T14:30:53","date_gmt":"2024-11-16T14:30:53","guid":{"rendered":"https:\/\/chemicalstore.ee\/toode\/lisatulede-komplekt-wrc-5-432w-30-000-lm-purelux\/"},"modified":"2024-11-16T14:30:59","modified_gmt":"2024-11-16T14:30:59","slug":"lisatulede-komplekt-wrc-5-432w-30-000-lm-purelux","status":"publish","type":"product","link":"https:\/\/chemicalstore.ee\/ru\/toode\/lisatulede-komplekt-wrc-5-432w-30-000-lm-purelux\/","title":{"rendered":"Lisatulede komplekt WRC 5, 432W \/ 30 000 lm,  &#8211; Purelux"},"content":{"rendered":"<p>Purelux WRC 5 on lisavalgusti komplekt, mis koosneb kolmest Pureluxi poolt \u00fclipopulaarseks saanud Pantheri seeria lisavalgustipaneelist, mille kombineeritud valgusv\u00f5imsus on kuni 30 000 luumenit! Komplekti on valitud lisavalguspaneelid, mis esindavad suuruse ja v\u00f5imsuse suhte poolest oma tootja parimat, millest m\u00f5lemad mudelid on \u00fcksinda oma suurusklassi tipus. Kui samasse paketti kombineerida 1 Pureluxi Panther S540 Gen2 ja 2 Pureluxi Panther S300 Gen2 lisavalgustit, ei kahtle ka k\u00f5ige n\u00f5udlikum kasutaja, et see konfiguratsioon n\u00e4eb tulevikku! Need kerged kahurid on varustatud nii m\u00f5\u00f5dukama v\u00f5imsusre\u017eiimi kui ka PowerBoost\u00ae tehnoloogiaga, mis eemaldab k\u00f5ik piirangud, viimast kasutades m\u00f5\u00f5detakse paneelide kombineeritud valgusv\u00f5imsuseks lausa 30 142 luumenit! Suurema paneeli ulatus on PowerBoost\u00ae re\u017eiimis m\u00f5\u00f5detud kuni 645 m @ 1 luksi ja kui komplekti lisada 2 v\u00e4iksemat S300 Gen2, suureneb tulede kombineeritud ulatus ca 930 m @ 1 luksi! T\u00e4nu suurele valgusv\u00f5imsusele pole see komplekt maanteeliikluseks heaks kiidetud, vaid on m\u00f5eldud maastikus\u00f5iduks ja suletud radadel. Valgusti kohta saad lisainfot alt. Komplekti tuled saab paigaldada kas nii, et need on suunatud otse ette, v\u00f5i alternatiivina saab v\u00e4iksemaid S300 Gen2 paneele paigutada nii, et nende kiired on suunatud veidi k\u00fclgedele. Kui k\u00f5ik kiired on suunatud otse ette, saab teele suunatud valguse hulka maksimeerida, samas kui v\u00e4iksemate paneelide valgusvihku veidi k\u00fclgedele suunates, kaugele ette valgustav koht veidi kitseneb, kuid valgus hajub veelgi enam. k\u00fclgedele, st valgusmuster laieneb tunduvalt. Nii saate h\u00f5lpsalt paigutada tuled, et luua teie vajadustele k\u00f5ige paremini vastav valgusvihk! Komplekti kuulub Pureluxi neljale lisatulele disainitud WRC numbrim\u00e4rgihoidik, millele saab tuled lihtsalt ja kenasti k\u00fclge paigaldada nii, et hoidik ise j\u00e4\u00e4b numbrim\u00e4rgi taha peidetuks ning n\u00e4htavale j\u00e4\u00e4vad vaid lisatuledele m\u00f5eldud k\u00f5rvad. . Statiivi saab paigaldada ka tagurpidi, nii et v\u00e4ikesed tuled tulevad kilbi kohale ja suurem paneel kilbi alla. Komplekti kuuluvate tulede viitenumber kokku on 110 (1 x 50 + 2 x 30), seega pole see maanteeliikluseks lubatud. Komplekti kasutaja vastutab m\u00f5istliku kasutamise eest ja selle eest, et teisi inimesi asjatult ei pimestataks.<\/p>\n","protected":false},"excerpt":{"rendered":"<p>PureluxTarne sisu Lisavalgusti Purelux Panther S540 Gen2, 1 tk,Lisavalgusti Purelux Panther S300 Gen2, 2 tk,Relee kaablikomplekt Purelux Pro Serie 12V, HD DTP, 1-v\u00e4ljund,Relee juhtmestiku komplekt Purelux Pro Series 12V, DT-2, 2 v\u00e4ljundit,Tugiraudade paar Purelux Stabilizer, 2 tk,Lisavalgustialus Purelux WRC, 4 tulele, 1 tk<\/p>\n","protected":false},"featured_media":6223,"comment_status":"closed","ping_status":"open","template":"","meta":{"_monsterinsights_skip_tracking":false,"_monsterinsights_sitenote_active":false,"_monsterinsights_sitenote_note":"","_monsterinsights_sitenote_category":0},"product_brand":[],"product_cat":[708],"product_tag":[],"class_list":{"0":"post-6222","1":"product","2":"type-product","3":"status-publish","4":"has-post-thumbnail","6":"product_cat-lisatuled","7":"pa_brand-purelux","8":"pa_kasutusotstarve-lisatulede-paigaldus","9":"pa_uhiku-hind-715-30e-tk","10":"pa_voimsus-432w-28-000lm","12":"first","13":"onbackorder","14":"sale","15":"taxable","16":"shipping-taxable","17":"purchasable","18":"product-type-simple"},"_links":{"self":[{"href":"https:\/\/chemicalstore.ee\/ru\/wp-json\/wp\/v2\/product\/6222","targetHints":{"allow":["GET"]}}],"collection":[{"href":"https:\/\/chemicalstore.ee\/ru\/wp-json\/wp\/v2\/product"}],"about":[{"href":"https:\/\/chemicalstore.ee\/ru\/wp-json\/wp\/v2\/types\/product"}],"replies":[{"embeddable":true,"href":"https:\/\/chemicalstore.ee\/ru\/wp-json\/wp\/v2\/comments?post=6222"}],"wp:featuredmedia":[{"embeddable":true,"href":"https:\/\/chemicalstore.ee\/ru\/wp-json\/wp\/v2\/media\/6223"}],"wp:attachment":[{"href":"https:\/\/chemicalstore.ee\/ru\/wp-json\/wp\/v2\/media?parent=6222"}],"wp:term":[{"taxonomy":"product_brand","embeddable":true,"href":"https:\/\/chemicalstore.ee\/ru\/wp-json\/wp\/v2\/product_brand?post=6222"},{"taxonomy":"product_cat","embeddable":true,"href":"https:\/\/chemicalstore.ee\/ru\/wp-json\/wp\/v2\/product_cat?post=6222"},{"taxonomy":"product_tag","embeddable":true,"href":"https:\/\/chemicalstore.ee\/ru\/wp-json\/wp\/v2\/product_tag?post=6222"}],"curies":[{"name":"wp","href":"https:\/\/api.w.org\/{rel}","templated":true}]}}