{"id":6204,"date":"2024-11-16T14:30:53","date_gmt":"2024-11-16T14:30:53","guid":{"rendered":"https:\/\/chemicalstore.ee\/toode\/lisatulede-komplekt-wrc-4-432w-28-000-lm-purelux\/"},"modified":"2024-11-16T14:30:58","modified_gmt":"2024-11-16T14:30:58","slug":"lisatulede-komplekt-wrc-4-432w-28-000-lm-purelux","status":"publish","type":"product","link":"https:\/\/chemicalstore.ee\/ru\/toode\/lisatulede-komplekt-wrc-4-432w-28-000-lm-purelux\/","title":{"rendered":"Lisatulede komplekt WRC 4, 432W \/ 28 000 lm,  &#8211; Purelux"},"content":{"rendered":"<p>Purelux WRC 4 on kahest \u00fcmmargusest ja \u00fchest paneelist koosnev lisavalgusti komplekt, mille j\u00f5udlus ja h\u00e4mmastav valgusvoog sulatab isegi j\u00e4\u00e4mehe enda! Komplektis on kaks \u00fcmmargust 7200 lisavalgustit Pureluxilt ja sama tootja Panther S540 Gen2 paneel ning loomulikult ka paigaldustarvikud alates kilbikinnitustest ja juhtmestikust kuni tugiklambriteni v\u00e4lja. Komplekti kuuluvad tuled on ilma valeta 2023. aasta hooaja populaarseimad Pureluxi lisavalgustid, mille kombineeritud valgusv\u00f5imsus on \u00fcle 30 000 luumeni, valgusvihu ulatusest ja laiusest r\u00e4\u00e4kimata! Nii 7200 kui ka Panther on varustatud kahe erineva v\u00f5imsusre\u017eiimiga, millest m\u00f5\u00f5dukam on maanteeliikluseks heaks kiidetud, samas kui nupuga aktiveeritav Purelux PowerBoost\u00ae tehnoloogia eemaldab k\u00f5ik piirangud, nii et tulede koguvalgusv\u00f5imsuseks on m\u00f5\u00f5detud 28144. luumeneid! Kahe 7200 tule ulatus on 662 meetrit (1 luks) ja kui komplekti lisada energias\u00e4\u00e4stlik Panther S540 Gen2, suureneb tulede kombineeritud t\u00f6\u00f6ulatus ca 850 meetrini (1 luks)! T\u00e4psemat infot tulede kohta saad alt. Kui k\u00f5ik valgusvihud on suunatud otse ette, saab teele suunatud valguse hulka maksimeerida, samas kui \u00fcmartulede valgusvihku veidi k\u00fclgedele suunates aheneb kaugele ette valgustav koht veidi, kuid valgus hajub veelgi enam. kallastele ja metsaservadele ehk valgusmuster laieneb tunduvalt. Komplekti kuulub Pureluxi neljale lisatulele m\u00f5eldud WRC numbrim\u00e4rgi hoidik, millele saab tuled lihtsalt ja korralikult paigaldada nii, et hoidik ise j\u00e4\u00e4b numbrim\u00e4rgi taha peidetuks ning n\u00e4htavale j\u00e4\u00e4vad vaid lisatuledele m\u00f5eldud k\u00f5rvad. Komplekti kuuluvate tulede kombineeritud viitenumber on 100 (1 x 50 + 2 x 25), mis on maanteeliikluses kasutatavate kaugtulede kombineeritud maksimum. Seet\u00f5ttu saab komplekti lisatulesid liikluses loal kasutada ainult siis, kui auto enda kaugtuled ei ole kasutusel.<\/p>\n","protected":false},"excerpt":{"rendered":"<p>PureluxTarne sisu Lisavalgusti Purelux Panther S540 Gen2, 1 tk,Lisavalgusti Purelux 7200, 2tk,Relee kaablikomplekt Purelux Pro Serie 12V, HD DTP, 1 tk 2-v\u00e4ljund, 1 tk 1-v\u00e4ljund,Paar konsoolid Purelux Stabilizer RST &#8211; Lisavalguspaneeli jaoks, 1 tk,Paar konsoolid Purelux Stabilizer RST &#8211; \u00fcmmargune lisavalgustuse jaoks, 1 tk,Lisavalgustialus Purelux WRC, 4 tulele, 1 tk<\/p>\n","protected":false},"featured_media":6205,"comment_status":"closed","ping_status":"open","template":"","meta":{"_monsterinsights_skip_tracking":false,"_monsterinsights_sitenote_active":false,"_monsterinsights_sitenote_note":"","_monsterinsights_sitenote_category":0},"product_brand":[],"product_cat":[708],"product_tag":[],"class_list":{"0":"post-6204","1":"product","2":"type-product","3":"status-publish","4":"has-post-thumbnail","6":"product_cat-lisatuled","7":"pa_brand-purelux","8":"pa_kasutusotstarve-lisatulede-paigaldus","9":"pa_uhiku-hind-686-20e-tk","10":"pa_voimsus-432w-30-000lm","12":"first","13":"onbackorder","14":"sale","15":"taxable","16":"shipping-taxable","17":"purchasable","18":"product-type-simple"},"_links":{"self":[{"href":"https:\/\/chemicalstore.ee\/ru\/wp-json\/wp\/v2\/product\/6204","targetHints":{"allow":["GET"]}}],"collection":[{"href":"https:\/\/chemicalstore.ee\/ru\/wp-json\/wp\/v2\/product"}],"about":[{"href":"https:\/\/chemicalstore.ee\/ru\/wp-json\/wp\/v2\/types\/product"}],"replies":[{"embeddable":true,"href":"https:\/\/chemicalstore.ee\/ru\/wp-json\/wp\/v2\/comments?post=6204"}],"wp:featuredmedia":[{"embeddable":true,"href":"https:\/\/chemicalstore.ee\/ru\/wp-json\/wp\/v2\/media\/6205"}],"wp:attachment":[{"href":"https:\/\/chemicalstore.ee\/ru\/wp-json\/wp\/v2\/media?parent=6204"}],"wp:term":[{"taxonomy":"product_brand","embeddable":true,"href":"https:\/\/chemicalstore.ee\/ru\/wp-json\/wp\/v2\/product_brand?post=6204"},{"taxonomy":"product_cat","embeddable":true,"href":"https:\/\/chemicalstore.ee\/ru\/wp-json\/wp\/v2\/product_cat?post=6204"},{"taxonomy":"product_tag","embeddable":true,"href":"https:\/\/chemicalstore.ee\/ru\/wp-json\/wp\/v2\/product_tag?post=6204"}],"curies":[{"name":"wp","href":"https:\/\/api.w.org\/{rel}","templated":true}]}}