{"id":6192,"date":"2024-11-16T14:30:53","date_gmt":"2024-11-16T14:30:53","guid":{"rendered":"https:\/\/chemicalstore.ee\/toode\/listuli-black-x-slim-s250-gen2-straight-25-cm-purelux-3\/"},"modified":"2024-11-16T14:30:56","modified_gmt":"2024-11-16T14:30:56","slug":"lisatuli-black-x-slim-s250-gen2-straight-25-cm-purelux-3","status":"publish","type":"product","link":"https:\/\/chemicalstore.ee\/ru\/toode\/lisatuli-black-x-slim-s250-gen2-straight-25-cm-purelux-3\/","title":{"rendered":"Lisatuli Black X-Slim S250 Gen2 &#8211; Straight  25 cm &#8211; Purelux"},"content":{"rendered":"<p>Purelux Black X-Slim S250 Gen2 kuulub selle tootja uuendatud Black X-Slim lisavalgustite seeriasse, mis toob tippkvaliteedi taskukohasesse hinnaklassi. Paneel on saanud nii v\u00e4lise kui ka sisemise ilme: uuendatud S250 Gen2 versioonil on kahev\u00e4rviline seisutuli (oran\u017e ja valge) ja kaks erinevat v\u00f5imsusre\u017eiimi, samuti on uuendatud veelgi paremaks valgusmustrit. T\u00e4nu kahele erinevale toitere\u017eiimile saab paneeli kasutada kasutajaliidesesse integreeritud unikaalse valikuga (vt l\u00e4hemalt allpool), et l\u00fclitada sisse kas maanteeliikluseks heakskiidetud m\u00f5\u00f5dukam energiare\u017eiim v\u00f5i v\u00e4ljal\u00fclitamiseks m\u00f5eldud v\u00f5imsam PowerBoost\u00ae re\u017eiim. &#8211; maanteekasutus. Juba maanteeliikluseks heakskiidetud j\u00f5ure\u017eiimis pakub S250 Gen2 oluliselt suuremat valgusv\u00f5imsust kui eelmine mudel ning PowerBoost\u00ae re\u017eiimi sissel\u00fclitamisel t\u00f5useb paneelilt m\u00f5\u00f5detud valgusv\u00f5imsus kuni 2906 luumenini, kusjuures m\u00f5\u00f5detud muljetavaldav vahemik 370 meetrit @ 1 luks sellise suurusega paneeli puhul. N\u00e4ete selgelt erinevust Purelux PowerBoost\u00ae ja maanteeliiklusre\u017eiimi vahel \u2013 PowerBoost\u00ae re\u017eiim on oluliselt t\u00f5husam ja seda ei tohiks kasutada tavalises maanteeliikluses s\u00f5ites, vaid maastikul S250 Gen2 pro\u017eektor \u00fchendab endas t\u00e4pselt need elemendid, mis teie vajadus kurvilisel, pimedal teel: fotopildi keskelt on selge pikamaa nn p\u00f5hipunkt ehk hele kaugele ulatuv kaugvihk, millele lisaks laieneb m\u00f5lemal k\u00fclgsuunas lai valgusvihk. k\u00fcljed, et valgustada teed k\u00fcljelt k\u00fcljele otse v\u00f6\u00f6rist. Valgusvihk on vormitud tasaseks uuendatud helkuritega, et valgus ei l\u00e4heks raisku v\u00f6\u00f6ri ette ega puude latvadesse. Paneeli v\u00e4rvitemperatuur on 5700 kelvinit. T\u00e4nu oma v\u00e4iksusele on S250 Gen2 hetkel nt maski sisse v\u00f5i maski taha peidetud paigaldustesse. Lisaks sobib see eriti h\u00e4sti olukordadeks, kus traditsioonilise kilbipaigaldusega tuleb paigaldada k\u00f5rvuti kaks v\u00e4iksemat paneeli optika, mis annab paneelile elegantse ja kaasaegse v\u00e4limuse. Gen2 versioonis on n\u00fc\u00fcdseks toodud ka seisutulele tume optika, t\u00e4nu millele paistab piki paneeli alumist serva jooksev seisutule riba valguse eest silma vaid siis, kui seisutuli p\u00f5leb, seega on tuli stiilne nii sisse- kui v\u00e4ljal\u00fclitamisel. Black X-Slim seeria paneelide raamid on valmistatud pulberv\u00e4rvitud ja vastupidavast alumiiniumsulamist ning klaasid praktiliselt purunematust pol\u00fckarbonaadist, samuti on tuled t\u00e4ielikult kaitstud vee ja tolmu eest vastavalt IP69K klassifikatsioonile. Tulede raamita l\u00e4\u00e4ts hoiab \u00e4ra lume, j\u00e4\u00e4 ja mustuse kogunemise l\u00e4\u00e4tse ette, t\u00e4nu millele ei kata valgusvihku nii lihtsalt kui raamiga varustatud lisatuledel Paigaldamist on lihtne teostada kasutades valgusti toitejuhtme DT-2 pistikut ning komplekti kuuluvad reguleeritava laiusega s\u00e4\u00e4red ja otsajalad. Lai t\u00f6\u00f6pinge (9-32V) v\u00f5imaldab paigaldada nii 12V kui 24V s\u00fcsteemidesse. Lamp on kaitstud raadioh\u00e4irete eest vastavalt standardile ECE R10. Kaheaastane (24 kuud) garantii!<\/p>\n","protected":false},"excerpt":{"rendered":"<p>PureluxTarne sisu 1x Tarne p\u00f5hisisu,Lisavalgusti kronstein Purelux Twisted Single Bracket, 2 tk,Relee juhtmestiku komplekt Purelux Pro Serie 12V, DT-2 (1 v\u00e4ljund)<\/p>\n","protected":false},"featured_media":6193,"comment_status":"closed","ping_status":"open","template":"","meta":{"_monsterinsights_skip_tracking":false,"_monsterinsights_sitenote_active":false,"_monsterinsights_sitenote_note":"","_monsterinsights_sitenote_category":0},"product_brand":[],"product_cat":[708],"product_tag":[],"class_list":{"0":"post-6192","1":"product","2":"type-product","3":"status-publish","4":"has-post-thumbnail","6":"product_cat-lisatuled","7":"pa_brand-purelux","8":"pa_kasutusotstarve-lisatulede-paigaldus","9":"pa_uhiku-hind-144-70e-tk","10":"pa_voimsus-45w-ref-20-5700k","12":"first","13":"onbackorder","14":"sale","15":"taxable","16":"shipping-taxable","17":"purchasable","18":"product-type-simple"},"_links":{"self":[{"href":"https:\/\/chemicalstore.ee\/ru\/wp-json\/wp\/v2\/product\/6192","targetHints":{"allow":["GET"]}}],"collection":[{"href":"https:\/\/chemicalstore.ee\/ru\/wp-json\/wp\/v2\/product"}],"about":[{"href":"https:\/\/chemicalstore.ee\/ru\/wp-json\/wp\/v2\/types\/product"}],"replies":[{"embeddable":true,"href":"https:\/\/chemicalstore.ee\/ru\/wp-json\/wp\/v2\/comments?post=6192"}],"wp:featuredmedia":[{"embeddable":true,"href":"https:\/\/chemicalstore.ee\/ru\/wp-json\/wp\/v2\/media\/6193"}],"wp:attachment":[{"href":"https:\/\/chemicalstore.ee\/ru\/wp-json\/wp\/v2\/media?parent=6192"}],"wp:term":[{"taxonomy":"product_brand","embeddable":true,"href":"https:\/\/chemicalstore.ee\/ru\/wp-json\/wp\/v2\/product_brand?post=6192"},{"taxonomy":"product_cat","embeddable":true,"href":"https:\/\/chemicalstore.ee\/ru\/wp-json\/wp\/v2\/product_cat?post=6192"},{"taxonomy":"product_tag","embeddable":true,"href":"https:\/\/chemicalstore.ee\/ru\/wp-json\/wp\/v2\/product_tag?post=6192"}],"curies":[{"name":"wp","href":"https:\/\/api.w.org\/{rel}","templated":true}]}}