{"id":6166,"date":"2024-11-16T14:30:53","date_gmt":"2024-11-16T14:30:53","guid":{"rendered":"https:\/\/chemicalstore.ee\/toode\/listulede-komplekt-purelux-wrc-3-432w-30-000-lm-purelux\/"},"modified":"2024-11-16T14:30:54","modified_gmt":"2024-11-16T14:30:54","slug":"lisatulede-komplekt-purelux-wrc-3-432w-30-000-lm-purelux","status":"publish","type":"product","link":"https:\/\/chemicalstore.ee\/ru\/toode\/lisatulede-komplekt-purelux-wrc-3-432w-30-000-lm-purelux\/","title":{"rendered":"Lisatulede komplekt Purelux WRC 3, 432W \/ 30 000 lm &#8211; Purelux"},"content":{"rendered":"<p>Purelux WRC 3 on kahest Pureluxi \u00fclipopulaarsest ja t\u00f5husast lisavalgusti paneelist koosnev lisavalgustite komplekt, mille valgusv\u00f5imsus paneb isegi talvise l\u00f5putu pimeduse auto \u00f5ue viimiseks ideaalse ilmana tunduma! Komplekti kuulub kaks Pureluxi Panther S540 Gen2 paneeli, mis isegi \u00fcksinda on oma suurusklassi tipus oma h\u00e4mmastava suuruse ja v\u00f5imsuse suhtega ning kui need \u00fchte paketti kombineerida, on vabanev valgusv\u00f5imsus meeletu. ! Need paneelid on varustatud kahe erineva v\u00f5imsusre\u017eiimiga, millest m\u00f5\u00f5dukam on maanteeliikluseks heaks kiidetud, samas kui nupuga aktiveeritav Purelux PowerBoost\u00ae tehnoloogia eemaldab k\u00f5ik piirangud, seega on paneelide kombineeritud valgusv\u00f5imsus lausa 30 040 luumenit! \u00dche valgustiga m\u00f5\u00f5detakse ulatust PowerBoost\u00ae re\u017eiimis kuni 645 m @ 1 luksi ja kahe paneeli v\u00f5imsusega suureneb see kuni 912 m @ 1 luksiga, seega pole see kindlasti meeleoluvalgusti! T\u00e4psemat infot valgusti kohta leiate alt. Valgustite kinnitusavad on s\u00fcgavuse suunas pikad, mis v\u00f5imaldab paneele kinnitada n\u00e4iteks kinnitades \u00fche nurga augu esiosa k\u00fclge ja teise tagumise osa k\u00fclge. Sel juhul saab pro\u017eektoreid veidi k\u00fclgedele suunata, muutes valgusmustri veelgi laiemaks, samas suurendab ka kahe keskel paikneva paneeli \u00fchine valgusvihk tunduvalt. Hoidik ise on lihtne paigaldada numbrim\u00e4rgi taha, muutes paigalduse korralikuks ja m\u00e4rkamatuks kaitseraua osaks. Komplekti kuuluvate tulede kombineeritud viitenumber on 100 (2 x 50), mis on maanteeliikluses kasutatavate kaugtulede kombineeritud maksimum. Seet\u00f5ttu saab komplekti lisatulesid liikluses loal kasutada ainult siis, kui auto enda kaugtuled ei ole kasutusel. S\u00f5iduki enda esituledega saab kasutada \u00fchte paneeli, kui tulede kombineeritud viitenumber ei \u00fcleta 100.<\/p>\n","protected":false},"excerpt":{"rendered":"<p>PureluxTarne sisu Lisavalgusti Purelux Panther S540 Gen2, 2 tk, Relee kaablikomplekt Purelux Pro Serie 12V, HD DTP, 2 v\u00e4ljundit, 1 tk, Paar konsoolid Purelux Stabilizer RST &#8211; Lisavalgusti paneelile, 1 tk, Lisavalgusti hoidja Purelux HD, 2 paneeli jaoks, 1 tk<\/p>\n","protected":false},"featured_media":6167,"comment_status":"closed","ping_status":"open","template":"","meta":{"_monsterinsights_skip_tracking":false,"_monsterinsights_sitenote_active":false,"_monsterinsights_sitenote_note":"","_monsterinsights_sitenote_category":0},"product_brand":[],"product_cat":[708],"product_tag":[],"class_list":{"0":"post-6166","1":"product","2":"type-product","3":"status-publish","4":"has-post-thumbnail","6":"product_cat-lisatuled","7":"pa_brand-purelux","8":"pa_kasutusotstarve-lisatulede-paigaldus","9":"pa_uhiku-hind-658-40e-tk","10":"pa_voimsus-432w-30000-luumenit","12":"first","13":"onbackorder","14":"sale","15":"taxable","16":"shipping-taxable","17":"purchasable","18":"product-type-simple"},"_links":{"self":[{"href":"https:\/\/chemicalstore.ee\/ru\/wp-json\/wp\/v2\/product\/6166","targetHints":{"allow":["GET"]}}],"collection":[{"href":"https:\/\/chemicalstore.ee\/ru\/wp-json\/wp\/v2\/product"}],"about":[{"href":"https:\/\/chemicalstore.ee\/ru\/wp-json\/wp\/v2\/types\/product"}],"replies":[{"embeddable":true,"href":"https:\/\/chemicalstore.ee\/ru\/wp-json\/wp\/v2\/comments?post=6166"}],"wp:featuredmedia":[{"embeddable":true,"href":"https:\/\/chemicalstore.ee\/ru\/wp-json\/wp\/v2\/media\/6167"}],"wp:attachment":[{"href":"https:\/\/chemicalstore.ee\/ru\/wp-json\/wp\/v2\/media?parent=6166"}],"wp:term":[{"taxonomy":"product_brand","embeddable":true,"href":"https:\/\/chemicalstore.ee\/ru\/wp-json\/wp\/v2\/product_brand?post=6166"},{"taxonomy":"product_cat","embeddable":true,"href":"https:\/\/chemicalstore.ee\/ru\/wp-json\/wp\/v2\/product_cat?post=6166"},{"taxonomy":"product_tag","embeddable":true,"href":"https:\/\/chemicalstore.ee\/ru\/wp-json\/wp\/v2\/product_tag?post=6166"}],"curies":[{"name":"wp","href":"https:\/\/api.w.org\/{rel}","templated":true}]}}