{"id":6158,"date":"2024-11-16T14:30:36","date_gmt":"2024-11-16T14:30:36","guid":{"rendered":"https:\/\/chemicalstore.ee\/toode\/lisatuli-black-x-slim-s180-gen2-sirge-18-cm-24w-ref-25-2-tk-purelux\/"},"modified":"2024-11-16T14:30:49","modified_gmt":"2024-11-16T14:30:49","slug":"lisatuli-black-x-slim-s180-gen2-sirge-18-cm-24w-ref-25-2-tk-purelux","status":"publish","type":"product","link":"https:\/\/chemicalstore.ee\/ru\/toode\/lisatuli-black-x-slim-s180-gen2-sirge-18-cm-24w-ref-25-2-tk-purelux\/","title":{"rendered":"Lisatuli Black X-Slim S180 Gen2 &#8211; sirge  18 cm  24W \/ Ref. 25, 2 tk &#8211; Purelux"},"content":{"rendered":"<p>Purelux Black X-Slim S180 Gen2 kuulub selle tootja uuendatud Black X-Slim lisavalgustite seeriasse, mis toob tippkvaliteedi taskukohasesse hinnaklassi. Paneel on saanud nii v\u00e4lise kui ka sisemise facelifti: uuenenud S180 Gen2 versioonis on kasutusele v\u00f5etud kaks erinevat v\u00f5imsusre\u017eiimi ning ka valgusmuster on uuendatud veelgi paremaks. T\u00e4nu kahele erinevale toitere\u017eiimile saab paneeli kasutada kasutajaliidesesse integreeritud unikaalse valikuga (vt l\u00e4hemalt allpool), et l\u00fclitada sisse kas maanteeliikluseks heakskiidetud m\u00f5\u00f5dukam energiare\u017eiim v\u00f5i v\u00e4ljal\u00fclitamiseks m\u00f5eldud v\u00f5imsam PowerBoost\u00ae re\u017eiim. &#8211; maanteekasutus. Juba maanteeliikluseks heakskiidetud j\u00f5ure\u017eiimis pakub S180 Gen2 eelmisest mudelist oluliselt suuremat valgusv\u00f5imsust ning PowerBoost\u00ae re\u017eiimi sissel\u00fclitamisel t\u00f5useb paneelilt m\u00f5\u00f5detud valgusv\u00f5imsus kuni 1751 luumenini, kusjuures m\u00f5\u00f5detud muljetavaldav vahemik 356 meetrit @ 1 luks sellise suurusega paneeli puhul. N\u00e4ete selgelt erinevust Purelux PowerBoost\u00ae ja maanteeliiklusre\u017eiimi vahel &#8211; PowerBoost\u00ae re\u017eiim on oluliselt t\u00f5husam ja seda ei tohiks kasutada tavalises maanteeliikluses s\u00f5ites, vaid maastikul S180 Gen2 pro\u017eektor \u00fchendab endas t\u00e4pselt teie vajadus kurvilisel, pimedal teel: fotopildi keskelt on selge pikamaa nn p\u00f5hipunkt ehk hele kaugele ulatuv kaugvihk, millele lisaks laieneb m\u00f5lemal k\u00fclgsuunas lai valgusvihk. k\u00fcljed, et valgustada teed k\u00fcljelt k\u00fcljele otse v\u00f6\u00f6rist. Valgusvihk on vormitud tasaseks uuendatud helkuritega, et valgus ei l\u00e4heks raisku v\u00f6\u00f6ri ette ega puude latvadesse. Paneeli v\u00e4rvitemperatuur on 5700 kelvinit. T\u00e4nu oma v\u00e4iksusele on S180 Gen2 hetkel nt maski sisse v\u00f5i maski taha peidetud paigaldustesse. Lisaks sobib see eriti h\u00e4sti olukordadeks, kus traditsioonilise kilbipaigaldusega k\u00f5rvuti paigaldatakse kaks v\u00e4iksemat paneeli.<\/p>\n","protected":false},"excerpt":{"rendered":"<p>PureluxTarne sisu 2xTarne p\u00f5hisisu,Lisavalgusti alus Purelux Single Bracket, 4 tk,Relee juhtmestiku komplekt Purelux Pro Serie 12V, DT-4(1 v\u00e4ljund2)<\/p>\n","protected":false},"featured_media":6159,"comment_status":"closed","ping_status":"open","template":"","meta":{"_monsterinsights_skip_tracking":false,"_monsterinsights_sitenote_active":false,"_monsterinsights_sitenote_note":"","_monsterinsights_sitenote_category":0},"product_brand":[],"product_cat":[708],"product_tag":[],"class_list":{"0":"post-6158","1":"product","2":"type-product","3":"status-publish","4":"has-post-thumbnail","6":"product_cat-lisatuled","7":"pa_brand-purelux","8":"pa_kasutusotstarve-lisatulede-paigaldus","9":"pa_uhiku-hind-74-90e-tk","10":"pa_voimsus-24w-ref-25-5700k","12":"first","13":"onbackorder","14":"sale","15":"taxable","16":"shipping-taxable","17":"purchasable","18":"product-type-simple"},"_links":{"self":[{"href":"https:\/\/chemicalstore.ee\/ru\/wp-json\/wp\/v2\/product\/6158","targetHints":{"allow":["GET"]}}],"collection":[{"href":"https:\/\/chemicalstore.ee\/ru\/wp-json\/wp\/v2\/product"}],"about":[{"href":"https:\/\/chemicalstore.ee\/ru\/wp-json\/wp\/v2\/types\/product"}],"replies":[{"embeddable":true,"href":"https:\/\/chemicalstore.ee\/ru\/wp-json\/wp\/v2\/comments?post=6158"}],"wp:featuredmedia":[{"embeddable":true,"href":"https:\/\/chemicalstore.ee\/ru\/wp-json\/wp\/v2\/media\/6159"}],"wp:attachment":[{"href":"https:\/\/chemicalstore.ee\/ru\/wp-json\/wp\/v2\/media?parent=6158"}],"wp:term":[{"taxonomy":"product_brand","embeddable":true,"href":"https:\/\/chemicalstore.ee\/ru\/wp-json\/wp\/v2\/product_brand?post=6158"},{"taxonomy":"product_cat","embeddable":true,"href":"https:\/\/chemicalstore.ee\/ru\/wp-json\/wp\/v2\/product_cat?post=6158"},{"taxonomy":"product_tag","embeddable":true,"href":"https:\/\/chemicalstore.ee\/ru\/wp-json\/wp\/v2\/product_tag?post=6158"}],"curies":[{"name":"wp","href":"https:\/\/api.w.org\/{rel}","templated":true}]}}