{"id":6124,"date":"2024-11-16T14:30:36","date_gmt":"2024-11-16T14:30:36","guid":{"rendered":"https:\/\/chemicalstore.ee\/toode\/lisatulede-komplekt-9110-unlimited-gen3-12-tk-purelux\/"},"modified":"2024-11-16T14:30:45","modified_gmt":"2024-11-16T14:30:45","slug":"lisatulede-komplekt-9110-unlimited-gen3-12-tk-purelux","status":"publish","type":"product","link":"https:\/\/chemicalstore.ee\/ru\/toode\/lisatulede-komplekt-9110-unlimited-gen3-12-tk-purelux\/","title":{"rendered":"Lisatulede komplekt 9110 UNLIMITED Gen3, 12 tk &#8211; Purelux"},"content":{"rendered":"<p>Pureluxi populaarseima maastikus\u00f5iduks m\u00f5eldud \u00fcmmarguse lisavalgusti \u00fcmber kokku pandud metsikud massikomplektid, millega saab korraga fikseerida ka suurema grupi s\u00f5idukite valgustuse! Valige oma vajadustele k\u00f5ige paremini sobivad 12 tk, 24 tk, 48 tk v\u00f5i 96 tk komplektid Purelux 9110 UNLIMITED Gen3 on tootekomplekt, mis sisaldab 12 tk, 24 tk, 48 tk v\u00f5i 96 tk \u00fcmmargust lisavalgustit! , mis hoolitseb korraga isegi suurema tehnikaarsenali valgustusvajaduse eest! Komplektid on kokku pandud Pureluxi populaarseima \u00fcmmarguse lisavalgusti \u00fcmber Off-Road kasutamiseks ja see valguskahur ei j\u00e4ta kedagi k\u00fclmaks. Oma enam kui 13 400 luumenise valgusv\u00f5imsusega \u00fcletab valgusti kitsas punktvihk imeliselt kilomeetri ulatuse piiri ning m\u00f5\u00f5detud ulatus \u00fche valgustiga on kuni 1013 m @ 1 luksi. T\u00e4nu suurele valgusv\u00f5imsusele ja intensiivsele valgusmustrile ei ole see latern maanteeliikluseks heaks kiidetud, kuid praegu on see n\u00e4iteks maastikus\u00f5iduki esiosas v\u00f5i suletud radadel, kus selle metsik j\u00f5udlus tuleb omaette. parimal v\u00f5imalikul viisil. Tootevalikute hulgast saad valida kas 12, 24, 48 v\u00f5i 96 lisavalgustit v\u00f5i t\u00e4iskomplekti, mis sisaldab lisaks tuledele ka \u00fchendamiseks sobivaid DT-2 juhtmestiku. Komplektid kasutavad 2-v\u00e4ljundiga Pureluxi Pro Serie releekaablikomplekte.<\/p>\n","protected":false},"excerpt":{"rendered":"<p>PureluxTarne sisu (12 \/ 24 \/ 48 \/ 96 tk.),Purelux 9110 UNLIMITED Gen3,Paigaldusjalg,Kinnitustarvikud,Vibratsioonivastane padi<\/p>\n","protected":false},"featured_media":6125,"comment_status":"closed","ping_status":"open","template":"","meta":{"_monsterinsights_skip_tracking":false,"_monsterinsights_sitenote_active":false,"_monsterinsights_sitenote_note":"","_monsterinsights_sitenote_category":0},"product_brand":[],"product_cat":[708],"product_tag":[],"class_list":{"0":"post-6124","1":"product","2":"type-product","3":"status-publish","4":"has-post-thumbnail","6":"product_cat-lisatuled","7":"pa_brand-purelux","8":"pa_kasutusotstarve-lisatulede-paigaldus","9":"pa_sobivus-autod-raskeveo-autod-tehnika","10":"pa_uhiku-hind-149-00e-tk","12":"first","13":"onbackorder","14":"sale","15":"taxable","16":"shipping-taxable","17":"purchasable","18":"product-type-simple"},"_links":{"self":[{"href":"https:\/\/chemicalstore.ee\/ru\/wp-json\/wp\/v2\/product\/6124","targetHints":{"allow":["GET"]}}],"collection":[{"href":"https:\/\/chemicalstore.ee\/ru\/wp-json\/wp\/v2\/product"}],"about":[{"href":"https:\/\/chemicalstore.ee\/ru\/wp-json\/wp\/v2\/types\/product"}],"replies":[{"embeddable":true,"href":"https:\/\/chemicalstore.ee\/ru\/wp-json\/wp\/v2\/comments?post=6124"}],"wp:featuredmedia":[{"embeddable":true,"href":"https:\/\/chemicalstore.ee\/ru\/wp-json\/wp\/v2\/media\/6125"}],"wp:attachment":[{"href":"https:\/\/chemicalstore.ee\/ru\/wp-json\/wp\/v2\/media?parent=6124"}],"wp:term":[{"taxonomy":"product_brand","embeddable":true,"href":"https:\/\/chemicalstore.ee\/ru\/wp-json\/wp\/v2\/product_brand?post=6124"},{"taxonomy":"product_cat","embeddable":true,"href":"https:\/\/chemicalstore.ee\/ru\/wp-json\/wp\/v2\/product_cat?post=6124"},{"taxonomy":"product_tag","embeddable":true,"href":"https:\/\/chemicalstore.ee\/ru\/wp-json\/wp\/v2\/product_tag?post=6124"}],"curies":[{"name":"wp","href":"https:\/\/api.w.org\/{rel}","templated":true}]}}