{"id":6113,"date":"2024-11-16T14:30:36","date_gmt":"2024-11-16T14:30:36","guid":{"rendered":"https:\/\/chemicalstore.ee\/toode\/lisatulede-komplekt-wrc-2-816-w-46-000-lm-purelux\/"},"modified":"2024-11-16T14:30:45","modified_gmt":"2024-11-16T14:30:45","slug":"lisatulede-komplekt-wrc-2-816-w-46-000-lm-purelux","status":"publish","type":"product","link":"https:\/\/chemicalstore.ee\/ru\/toode\/lisatulede-komplekt-wrc-2-816-w-46-000-lm-purelux\/","title":{"rendered":"Lisatulede komplekt WRC 2, 816 W \/ 46 000 lm &#8211; Purelux"},"content":{"rendered":"<p>Purelux WRC 2 on meeletult v\u00f5imas lisavalgusti komplekt, mis koosneb kolmest \u00fcmmargusest suurep\u00e4rase valgusvihuga lisatulest ja ekstreemset j\u00f5udlust pakkuvast lisavalguspaneelist, mis koos moodustavad valgusvihu, mis pakub maksimaalset n\u00e4htavust igas olukorras ja tingimustes. Komplektis on kolm \u00fcmmargust Purelux 9200 lisavalgustit, mille valgusv\u00f5imsus on \u00fche valgustiga m\u00f5\u00f5detuna \u00fcle 10 000 luumeni ja t\u00f6\u00f6ulatus \u00fcle poole kilomeetri (1 luks). Kolme tulega kasvab ainu\u00fcksi \u00fcmartulede m\u00f5\u00f5detud ulatus 954 meetrini (@ 1 luks) ja kui lisada suuruse ja v\u00f5imsuse suhte poolest oma klassi tipus olev Purelux Panther S540 Gen2. pakendile t\u00f5useb komplekti m\u00f5\u00f5detud koguvalgus 46481 luumenini, mis t\u00e4hendab, et tegemist on t\u00f5eliselt ereda ja t\u00f5husa paketiga. K\u00f5ik tuled on varustatud Purelux PowerBoost\u00ae tehnoloogiaga, st neid saab kasutada kas m\u00f5\u00f5dukama v\u00f5imsusega re\u017eiim nt osaliselt valgustatud olude jaoks v\u00f5i sisse l\u00fclitada maastikus\u00f5idu ja suletud radade v\u00e4ljakutseteks loodud PowerBoost\u00ae re\u017eiim, mis vabastab piiramatu valgusvoo, mille ees alistub l\u00f5putuna n\u00e4iv pimedus. Olenemata sellest, millist toitere\u017eiimi kasutatakse, moodustavad komplekti tuled laia ja kaugele ulatuva valgusvihu, mis valgustab ka laiemat teed kaldalt kaldale otse v\u00f6\u00f6rist. Vajadusel saab \u00fcmmarguste tulede valgusvihu suunata ka rohkem kattuma v\u00f5i k\u00fclgedele suunama, et valgust saaks suunata t\u00e4pselt sinna, kuhu seda k\u00f5ige rohkem vaja on. Kogu paketi saab paigaldada kenasti v\u00f6\u00f6rile \u00fche kronsteiniga, mis on paigaldatud numbrim\u00e4rgi taha\/asemele, mis v\u00f5imaldab \u00fcmarad tuled tulla numbrim\u00e4rgi peale ja paneel numbrim\u00e4rgi alla M\u00e4rkus! Komplekt on t\u00f5esti \u0161okeerivalt t\u00f5hus ja see pole kuidagi maanteeliikluseks heaks kiidetud. Komplekti kasutaja vastutab m\u00f5istliku kasutamise eest ja selle eest, et teisi inimesi asjatult ei pimestataks. Lisaks on komplekti kombineeritud v\u00f5imsus 816 W, seega tuleb esmalt veenduda, et autolaadijast piisab!<\/p>\n","protected":false},"excerpt":{"rendered":"<p>PureluxTarne sisu Lisavalgusti Purelux Panther S540 Gen2, 1 tk., Lisavalgusti Purelux 9200, 3 tk., Relee kaablikomplekt Purelux Pro Serie 12V, HD DTP, 2 tk Lisavalgusti alus Purelux WRC, 3 + 1 tulele, 1 tk,Tukiraud 3tk<\/p>\n","protected":false},"featured_media":6114,"comment_status":"closed","ping_status":"open","template":"","meta":{"_monsterinsights_skip_tracking":false,"_monsterinsights_sitenote_active":false,"_monsterinsights_sitenote_note":"","_monsterinsights_sitenote_category":0},"product_brand":[],"product_cat":[708],"product_tag":[],"class_list":{"0":"post-6113","1":"product","2":"type-product","3":"status-publish","4":"has-post-thumbnail","6":"product_cat-lisatuled","7":"pa_brand-purelux","8":"pa_kasutusotstarve-lisatulede-paigaldus","9":"pa_sobivus-maastiku-tehnika-ralliautod","10":"pa_uhiku-hind-959-00e-tk","12":"first","13":"onbackorder","14":"sale","15":"taxable","16":"shipping-taxable","17":"purchasable","18":"product-type-simple"},"_links":{"self":[{"href":"https:\/\/chemicalstore.ee\/ru\/wp-json\/wp\/v2\/product\/6113","targetHints":{"allow":["GET"]}}],"collection":[{"href":"https:\/\/chemicalstore.ee\/ru\/wp-json\/wp\/v2\/product"}],"about":[{"href":"https:\/\/chemicalstore.ee\/ru\/wp-json\/wp\/v2\/types\/product"}],"replies":[{"embeddable":true,"href":"https:\/\/chemicalstore.ee\/ru\/wp-json\/wp\/v2\/comments?post=6113"}],"wp:featuredmedia":[{"embeddable":true,"href":"https:\/\/chemicalstore.ee\/ru\/wp-json\/wp\/v2\/media\/6114"}],"wp:attachment":[{"href":"https:\/\/chemicalstore.ee\/ru\/wp-json\/wp\/v2\/media?parent=6113"}],"wp:term":[{"taxonomy":"product_brand","embeddable":true,"href":"https:\/\/chemicalstore.ee\/ru\/wp-json\/wp\/v2\/product_brand?post=6113"},{"taxonomy":"product_cat","embeddable":true,"href":"https:\/\/chemicalstore.ee\/ru\/wp-json\/wp\/v2\/product_cat?post=6113"},{"taxonomy":"product_tag","embeddable":true,"href":"https:\/\/chemicalstore.ee\/ru\/wp-json\/wp\/v2\/product_tag?post=6113"}],"curies":[{"name":"wp","href":"https:\/\/api.w.org\/{rel}","templated":true}]}}