{"id":6109,"date":"2024-11-16T14:30:36","date_gmt":"2024-11-16T14:30:36","guid":{"rendered":"https:\/\/chemicalstore.ee\/toode\/lisatule-kate-7200-7200-heatmust-purelux-2\/"},"modified":"2024-11-16T14:30:44","modified_gmt":"2024-11-16T14:30:44","slug":"lisatule-kate-7200-7200-heatmust-purelux-2","status":"publish","type":"product","link":"https:\/\/chemicalstore.ee\/ru\/toode\/lisatule-kate-7200-7200-heatmust-purelux-2\/","title":{"rendered":"Lisatule kate 7200 &#038; 7200 Heat,Must &#8211; Purelux"},"content":{"rendered":"<p>Vastupidav musta kivi l\u00f6\u00f6gikaitse, mis on m\u00f5eldud Purelux 7200 ja 7200 Heat mudelitele. Kivikaitsega saab valgusti l\u00e4\u00e4tsi suvisel ajal kaitsta liivatolmu, kriimustavate okste, kivil\u00f6\u00f6kide ja muude objektiivi kulutavate tegurite eest, et l\u00e4\u00e4tsed p\u00fcsiksid s\u00fcgis-talvisteks v\u00e4ljakutseteks parimas v\u00f5imalikus korras.M\u00c4RKUS! Ei sisalda pildil olevaid tulesid<\/p>\n","protected":false},"excerpt":{"rendered":"<p>Purelux<\/p>\n","protected":false},"featured_media":6110,"comment_status":"closed","ping_status":"open","template":"","meta":{"_monsterinsights_skip_tracking":false,"_monsterinsights_sitenote_active":false,"_monsterinsights_sitenote_note":"","_monsterinsights_sitenote_category":0},"product_brand":[],"product_cat":[708],"product_tag":[],"class_list":{"0":"post-6109","1":"product","2":"type-product","3":"status-publish","4":"has-post-thumbnail","6":"product_cat-lisatuled","7":"pa_brand-purelux","8":"pa_kasutusotstarve-lisatule-kate-kivikaitse","9":"pa_sobivus-7200-7200-heat-tuledele","10":"pa_uhiku-hind-17-90e-tk","12":"first","13":"onbackorder","14":"sale","15":"taxable","16":"shipping-taxable","17":"purchasable","18":"product-type-simple"},"_links":{"self":[{"href":"https:\/\/chemicalstore.ee\/ru\/wp-json\/wp\/v2\/product\/6109","targetHints":{"allow":["GET"]}}],"collection":[{"href":"https:\/\/chemicalstore.ee\/ru\/wp-json\/wp\/v2\/product"}],"about":[{"href":"https:\/\/chemicalstore.ee\/ru\/wp-json\/wp\/v2\/types\/product"}],"replies":[{"embeddable":true,"href":"https:\/\/chemicalstore.ee\/ru\/wp-json\/wp\/v2\/comments?post=6109"}],"wp:featuredmedia":[{"embeddable":true,"href":"https:\/\/chemicalstore.ee\/ru\/wp-json\/wp\/v2\/media\/6110"}],"wp:attachment":[{"href":"https:\/\/chemicalstore.ee\/ru\/wp-json\/wp\/v2\/media?parent=6109"}],"wp:term":[{"taxonomy":"product_brand","embeddable":true,"href":"https:\/\/chemicalstore.ee\/ru\/wp-json\/wp\/v2\/product_brand?post=6109"},{"taxonomy":"product_cat","embeddable":true,"href":"https:\/\/chemicalstore.ee\/ru\/wp-json\/wp\/v2\/product_cat?post=6109"},{"taxonomy":"product_tag","embeddable":true,"href":"https:\/\/chemicalstore.ee\/ru\/wp-json\/wp\/v2\/product_tag?post=6109"}],"curies":[{"name":"wp","href":"https:\/\/api.w.org\/{rel}","templated":true}]}}