{"id":6089,"date":"2024-11-16T14:30:36","date_gmt":"2024-11-16T14:30:36","guid":{"rendered":"https:\/\/chemicalstore.ee\/toode\/lisatule-kate-9200-9200-heatlabipaistev-purelux\/"},"modified":"2024-11-16T14:30:41","modified_gmt":"2024-11-16T14:30:41","slug":"lisatule-kate-9200-9200-heatlabipaistev-purelux","status":"publish","type":"product","link":"https:\/\/chemicalstore.ee\/ru\/toode\/lisatule-kate-9200-9200-heatlabipaistev-purelux\/","title":{"rendered":"Lisatule kate 9200 &#038; 9200 Heat,L\u00e4bipaistev &#8211; Purelux"},"content":{"rendered":"<p>Vastupidav kivikaitse Purelux 9200 ja 9200 Heat mudelitele. Saadaval l\u00e4bipaistva v\u00f5i mustana Vastupidav kivikaitse, mis on m\u00f5eldud Purelux 9200 ja 9200 Heat mudelitele. Kivikaitsega saab valgusti l\u00e4\u00e4tsi suvisel ajal kaitsta liivatolmu, kriimustavate okste, kivil\u00f6\u00f6kide ja muude objektiivi kulutavate tegurite eest, et l\u00e4\u00e4tsed p\u00fcsiksid s\u00fcgis-talvisteks v\u00e4ljakutseteks parimas v\u00f5imalikus korras. Saadaval must v\u00f5i l\u00e4bipaistev, vali tootevalikutest sobiv M\u00c4RKUS! Ei sisalda pildil olevaid tulesid<\/p>\n","protected":false},"excerpt":{"rendered":"<p>Purelux<\/p>\n","protected":false},"featured_media":6090,"comment_status":"closed","ping_status":"open","template":"","meta":{"_monsterinsights_skip_tracking":false,"_monsterinsights_sitenote_active":false,"_monsterinsights_sitenote_note":"","_monsterinsights_sitenote_category":0},"product_brand":[],"product_cat":[708],"product_tag":[],"class_list":{"0":"post-6089","1":"product","2":"type-product","3":"status-publish","4":"has-post-thumbnail","6":"product_cat-lisatuled","7":"pa_brand-purelux","8":"pa_kasutusotstarve-lisatule-kate-kivikaitse","9":"pa_sobivus-9200-ja-9200-heat-lisatuledele","10":"pa_uhiku-hind-19-90e-tk","12":"first","13":"onbackorder","14":"sale","15":"taxable","16":"shipping-taxable","17":"purchasable","18":"product-type-simple"},"_links":{"self":[{"href":"https:\/\/chemicalstore.ee\/ru\/wp-json\/wp\/v2\/product\/6089","targetHints":{"allow":["GET"]}}],"collection":[{"href":"https:\/\/chemicalstore.ee\/ru\/wp-json\/wp\/v2\/product"}],"about":[{"href":"https:\/\/chemicalstore.ee\/ru\/wp-json\/wp\/v2\/types\/product"}],"replies":[{"embeddable":true,"href":"https:\/\/chemicalstore.ee\/ru\/wp-json\/wp\/v2\/comments?post=6089"}],"wp:featuredmedia":[{"embeddable":true,"href":"https:\/\/chemicalstore.ee\/ru\/wp-json\/wp\/v2\/media\/6090"}],"wp:attachment":[{"href":"https:\/\/chemicalstore.ee\/ru\/wp-json\/wp\/v2\/media?parent=6089"}],"wp:term":[{"taxonomy":"product_brand","embeddable":true,"href":"https:\/\/chemicalstore.ee\/ru\/wp-json\/wp\/v2\/product_brand?post=6089"},{"taxonomy":"product_cat","embeddable":true,"href":"https:\/\/chemicalstore.ee\/ru\/wp-json\/wp\/v2\/product_cat?post=6089"},{"taxonomy":"product_tag","embeddable":true,"href":"https:\/\/chemicalstore.ee\/ru\/wp-json\/wp\/v2\/product_tag?post=6089"}],"curies":[{"name":"wp","href":"https:\/\/api.w.org\/{rel}","templated":true}]}}