{"id":6060,"date":"2024-11-16T14:30:36","date_gmt":"2024-11-16T14:30:36","guid":{"rendered":"https:\/\/chemicalstore.ee\/toode\/lisatulede-komplekt-atv-standard-purelux\/"},"modified":"2024-11-16T14:30:39","modified_gmt":"2024-11-16T14:30:39","slug":"lisatulede-komplekt-atv-standard-purelux","status":"publish","type":"product","link":"https:\/\/chemicalstore.ee\/ru\/toode\/lisatulede-komplekt-atv-standard-purelux\/","title":{"rendered":"Lisatulede komplekt ATV Standard &#8211; Purelux"},"content":{"rendered":"<p>Purelux ATV Basic on valmis tulekomplekt, mis \u00fchendab endas v\u00f5imsad ja kvaliteetsed lisa- ja t\u00f6\u00f6tuled firmalt Purelux, mis sobivad eelk\u00f5ige ATV vajadustele. Komplekti koguvalgusv\u00f5imsus on \u00fc\u00fcratu 7600 lm, mis tagab v\u00e4hemalt piisava valgustuse. Lisaks on k\u00f5igi tulede koguvoolutarve vaid 100W, mis t\u00e4hendab, et laadija ega voolu piisavusega ei tohiks praktiliselt \u00fchelgi ATV-l probleemi tekkida. Komplekti kuulub kompaktne ja sihvakas Purelux Black X-Slim Gen2 lisavalgustipaneel ning kolm Pureluxi laia valgusvihuga ja suure j\u00f5udlusega t\u00f6\u00f6valgustit. Lisaks on kaasas paigalduseks vajalikud juhtmestikud ja l\u00fcliti ehk k\u00f5ik \u00fchendamiseks vajalik! See tervik sobib nii oma v\u00e4limuse kui ka praktilisuse poolest praktiliselt k\u00f5ikidele ATV-dele. Basic komplekti abil saab efektiivselt valgustada k\u00f5iki kriitilisi kohti, mis garanteerib s\u00f5idu- ja t\u00f6\u00f6ohutuse p\u00f5hjapimeduses ning annab rohkem reaktsiooniaega \u00fcmberringi toimuvate muutuste tuvastamiseks. K\u00f5ikjal valgustatud ATV suurendab ka t\u00f6\u00f6tamise ajal turvalisust, kuna \u00fcmberringi ei ole tumedaid nurki Black X-Slim S250 Gen2 lisavalgusti saab t\u00e4nu sihvakale raamile ja tumedale profiilile kenasti ATV esik\u00fcljele paigaldada. Sihvakas raam v\u00f5imaldab paigaldada isegi koormariiuli alumisele k\u00fcljele, nii et valgus on kaitstud l\u00f6\u00f6kide ja okstest tulenevate kriimustuste eest. Relee juhtmestiku abil on v\u00f5imalik paigaldada lisavalgusti, mis t\u00f6\u00f6taks samaaegselt ATV enda tuledega, maksimeerides seel\u00e4bi valgustust v\u00f6\u00f6rist kaugemale. Soovi korral saab masina v\u00e4limuse ja n\u00e4htavuse suurendamiseks sisse l\u00fclitada kahev\u00e4rvilise pargi. Komplektis olevad ristk\u00fclikukujulised Terrain Black Mini tuled saab paigaldada n\u00e4iteks ATV esinurkadesse, et valgustada eesmist kaldus k\u00fclge, v\u00f5imaldades kogu esisektorit v\u00e4ga laialt valgustada. Tuled on v\u00f5imalik paigaldada ka n\u00e4iteks tagumise pakiraami esiservadesse, mille puhul neist piisab nii ATV k\u00fclgede kui ka tee\u00e4\u00e4rte ja kraavide valgustamiseks. Paneeli stiilis Terrain Black Slim on m\u00f5eldud paigaldamiseks ATV taha, kust selle lai valgusvihk valgustab t\u00f5husalt kogu seljaosa. Lisateavet tulede kohta leiate altpoolt!Komplektiga on kaasas \u00fcks 4 pistikupesa ja \u00fcks 1 pistikupesaga DT-2 juhtmestik. Lisavalgustipaneelil Black X-Slim S250 ja t\u00f6\u00f6tuledel Terrain Black Slim on DT-2 pistiku valmidus, kuid Terrain Black Mini t\u00f6\u00f6tuledel pole pistikut, seega tuleb \u00fchendused ise teha. Kokku on juhtmestikes viis v\u00e4ljundit, mis t\u00e4hendab, et ATV-sse saab p\u00e4rast vajaduse korral paigaldada lisaks viis tuld. Komplekti lisavalgusti saab \u00fchendada t\u00f6\u00f6tama koos ATV enda esituledega, seega saab seda kasutada ka maanteeliikluses ning t\u00f6\u00f6tuled saab \u00fchendada kaasasoleva l\u00fcliti taha, et t\u00f6\u00f6tuled saaksid sisse l\u00fclitada ainult siis, kui need on vaja.<\/p>\n","protected":false},"excerpt":{"rendered":"<p>PureluxTarne sisu Lisavalgusti Purelux Black X-Slim S250 Gen2, 1 tk, t\u00f6\u00f6valgusti Purelux Terrain Black Slim, 1 tk, t\u00f6\u00f6valgusti Purelux Terrain Black Mini, 2 tk, l\u00fcliti Purelux sisse\/v\u00e4lja\/sisse HD l\u00fcliti, 1 tk. DT-2, 4 v\u00e4ljundit ja 1 v\u00e4ljund<\/p>\n","protected":false},"featured_media":6061,"comment_status":"closed","ping_status":"open","template":"","meta":{"_monsterinsights_skip_tracking":false,"_monsterinsights_sitenote_active":false,"_monsterinsights_sitenote_note":"","_monsterinsights_sitenote_category":0},"product_brand":[],"product_cat":[708],"product_tag":[],"class_list":{"0":"post-6060","1":"product","2":"type-product","3":"status-publish","4":"has-post-thumbnail","6":"product_cat-lisatuled","7":"pa_brand-purelux","8":"pa_kasutusotstarve-lisatulede-paigaldus-atv","9":"pa_sobivus-maastiku-tehnika","10":"pa_uhiku-hind-252-30e-tk","12":"first","13":"onbackorder","14":"sale","15":"taxable","16":"shipping-taxable","17":"purchasable","18":"product-type-simple"},"_links":{"self":[{"href":"https:\/\/chemicalstore.ee\/ru\/wp-json\/wp\/v2\/product\/6060","targetHints":{"allow":["GET"]}}],"collection":[{"href":"https:\/\/chemicalstore.ee\/ru\/wp-json\/wp\/v2\/product"}],"about":[{"href":"https:\/\/chemicalstore.ee\/ru\/wp-json\/wp\/v2\/types\/product"}],"replies":[{"embeddable":true,"href":"https:\/\/chemicalstore.ee\/ru\/wp-json\/wp\/v2\/comments?post=6060"}],"wp:featuredmedia":[{"embeddable":true,"href":"https:\/\/chemicalstore.ee\/ru\/wp-json\/wp\/v2\/media\/6061"}],"wp:attachment":[{"href":"https:\/\/chemicalstore.ee\/ru\/wp-json\/wp\/v2\/media?parent=6060"}],"wp:term":[{"taxonomy":"product_brand","embeddable":true,"href":"https:\/\/chemicalstore.ee\/ru\/wp-json\/wp\/v2\/product_brand?post=6060"},{"taxonomy":"product_cat","embeddable":true,"href":"https:\/\/chemicalstore.ee\/ru\/wp-json\/wp\/v2\/product_cat?post=6060"},{"taxonomy":"product_tag","embeddable":true,"href":"https:\/\/chemicalstore.ee\/ru\/wp-json\/wp\/v2\/product_tag?post=6060"}],"curies":[{"name":"wp","href":"https:\/\/api.w.org\/{rel}","templated":true}]}}