{"id":6036,"date":"2024-11-16T14:30:36","date_gmt":"2024-11-16T14:30:36","guid":{"rendered":"https:\/\/chemicalstore.ee\/toode\/listulede-komplekt-wrc-1-696-w-56-000-lm-purelux\/"},"modified":"2024-11-16T14:30:37","modified_gmt":"2024-11-16T14:30:37","slug":"lisatulede-komplekt-wrc-1-696-w-56-000-lm-purelux","status":"publish","type":"product","link":"https:\/\/chemicalstore.ee\/ru\/toode\/lisatulede-komplekt-wrc-1-696-w-56-000-lm-purelux\/","title":{"rendered":"Lisatulede komplekt WRC 1, 696 W \/ 56 000 lm &#8211; Purelux"},"content":{"rendered":"<p>Purelux WRC 1 on meeletult t\u00f5hus kolmest \u00fcmmargusest ja \u00fchest paneelt\u00fc\u00fcpi lisatulest koosnev komplekt t\u00f5eliselt v\u00e4ljakutsuvateks oludeks ja neile, kes igas olukorras t\u00f5esti n\u00e4ha tahavad. Komplektis on kolm Purelux 9110 Gen3 \u00fcmmargust lisavalgustit, mille valgusv\u00f5imsus on juba \u00fche valgustiga m\u00f5\u00f5detuna \u00fcle 13400 luumeni ja ulatus 1013 m @1 luksi. Kolme tulega kerkib ainu\u00fcksi \u00fcmartulede m\u00f5\u00f5detud ulatus 1755 meetrini (@ 1 luks). Lisaks on komplektil kilbi alla paigaldatud Purelux Major S530, mist\u00f5ttu komplekti m\u00f5\u00f5detud koguvalgusv\u00f5imsus t\u00f5useb metsikult \u00fcle 56 000 luumeni. T\u00e4nu paneeli laiale valgusvihule ja \u00fcmmarguste tulede arvule saab tulesid suunata nii, et kogu maastik eestpoolt valgustub tee \u00e4\u00e4rest k\u00fcljele, olenemata sellest, kas s\u00f5idate \u00f6\u00f6sel v\u00f5i ajal. p\u00e4eval. Lisaks saab nt \u00e4\u00e4rmised \u00fcmmargused tuled suunata veidi k\u00f5rvale kalduma, et kurvis v\u00f5i k\u00fclglibisemisel s\u00f5ites saaks valgust keerata ka k\u00fclje peale ja kurvi taha. Kogu paketi saab paigaldada kenasti v\u00f6\u00f6rile \u00fche kronsteiniga, mis on paigaldatud numbrim\u00e4rgi taha\/asemele, mis v\u00f5imaldab \u00fcmmargustel tuledel tulla numbrim\u00e4rgi peale ja paneel numbrim\u00e4rgi alla M\u00c4RKUS! Komplekt on t\u00f5esti \u0161okeerivalt t\u00f5hus ja see pole kuidagi maanteeliikluseks heaks kiidetud. Komplekti kasutaja vastutab m\u00f5istliku kasutamise eest ja selle eest, et teisi inimesi asjatult ei pimestataks. Lisaks on komplekti sisendv\u00f5imsus ligi 700W (696W), seega tuleb alguses j\u00e4lgida, et autolaadijast piisab!<\/p>\n","protected":false},"excerpt":{"rendered":"<p>PureluxTarne sisu 3 x Purelux 9110 UNLIMITED Gen3 lisavalgusti, 2 x Purelux DT-2 kaablikomplekt, 2 x 2 tk Purelux tugirauda, \u200b\u200b1 x Purelux Major S530 lisavalguspaneel, 1 x Purelux DTP kaablikomplekt, 1 x Purelux WRC 3 + 1 lisavalgusti alus<\/p>\n","protected":false},"featured_media":6037,"comment_status":"closed","ping_status":"open","template":"","meta":{"_monsterinsights_skip_tracking":false,"_monsterinsights_sitenote_active":false,"_monsterinsights_sitenote_note":"","_monsterinsights_sitenote_category":0},"product_brand":[],"product_cat":[708],"product_tag":[],"class_list":{"0":"post-6036","1":"product","2":"type-product","3":"status-publish","4":"has-post-thumbnail","6":"product_cat-lisatuled","7":"pa_brand-purelux","8":"pa_kasutusotstarve-lisatulede-paigaldus","9":"pa_sobivus-maastiku-tehnika","10":"pa_uhiku-hind-802-40e-tk","12":"first","13":"onbackorder","14":"sale","15":"taxable","16":"shipping-taxable","17":"purchasable","18":"product-type-simple"},"_links":{"self":[{"href":"https:\/\/chemicalstore.ee\/ru\/wp-json\/wp\/v2\/product\/6036","targetHints":{"allow":["GET"]}}],"collection":[{"href":"https:\/\/chemicalstore.ee\/ru\/wp-json\/wp\/v2\/product"}],"about":[{"href":"https:\/\/chemicalstore.ee\/ru\/wp-json\/wp\/v2\/types\/product"}],"replies":[{"embeddable":true,"href":"https:\/\/chemicalstore.ee\/ru\/wp-json\/wp\/v2\/comments?post=6036"}],"wp:featuredmedia":[{"embeddable":true,"href":"https:\/\/chemicalstore.ee\/ru\/wp-json\/wp\/v2\/media\/6037"}],"wp:attachment":[{"href":"https:\/\/chemicalstore.ee\/ru\/wp-json\/wp\/v2\/media?parent=6036"}],"wp:term":[{"taxonomy":"product_brand","embeddable":true,"href":"https:\/\/chemicalstore.ee\/ru\/wp-json\/wp\/v2\/product_brand?post=6036"},{"taxonomy":"product_cat","embeddable":true,"href":"https:\/\/chemicalstore.ee\/ru\/wp-json\/wp\/v2\/product_cat?post=6036"},{"taxonomy":"product_tag","embeddable":true,"href":"https:\/\/chemicalstore.ee\/ru\/wp-json\/wp\/v2\/product_tag?post=6036"}],"curies":[{"name":"wp","href":"https:\/\/api.w.org\/{rel}","templated":true}]}}