{"id":6015,"date":"2024-11-16T14:30:14","date_gmt":"2024-11-16T14:30:14","guid":{"rendered":"https:\/\/chemicalstore.ee\/toode\/lisatuli-panther-s1050-gen2-paneel-sirge-103-cm-juhtmekomplekt-purelux\/"},"modified":"2024-11-16T14:30:31","modified_gmt":"2024-11-16T14:30:31","slug":"lisatuli-panther-s1050-gen2-paneel-sirge-103-cm-juhtmekomplekt-purelux","status":"publish","type":"product","link":"https:\/\/chemicalstore.ee\/ru\/toode\/lisatuli-panther-s1050-gen2-paneel-sirge-103-cm-juhtmekomplekt-purelux\/","title":{"rendered":"Lisatuli Panther S1050 Gen2 Paneel &#8211; Sirge  103 cm + Juhtmekomplekt &#8211; Purelux"},"content":{"rendered":"<p>Purelux Panther S1050 Gen2 on \u00fclipopulaarse Pantheri seeria suurima lisavalgustipaneeli uuendatud versioon. Algne S1050 andis s\u00f5nale &#8220;power&#8221; t\u00e4iesti uue t\u00e4henduse ning uuendatud Gen2 versioon suurendab muudele seatud pesavahet uuendatud helkuritehnoloogia ja pro\u017eektori abil veelgi. T\u00e4nu helkuritele on paneeli valgusmuster n\u00fc\u00fcd varasemast laiem ehk teisis\u00f5nu valgustab see laiemat teel\u00f5igu \u00fchtlaselt k\u00fcljelt k\u00fcljele kohe v\u00f6\u00f6rist. K\u00f5ik Pantheri seeria paneelid on varustatud Purelux PowerBoost\u00ae tehnoloogiaga, t\u00e4nu millele saab valgust nupuvajutusega sisse l\u00fclitada kas maanteeliikluseks lubatud piiratud v\u00f5imsusega re\u017eiimis v\u00f5i maastikus\u00f5iduks m\u00f5eldud PowerBoost re\u017eiimis. . Piiramatu PowerBoost\u00ae eemaldab valguselt k\u00f5ik piirangud ja vallandab s\u00f5natu 28 900 luumenise valgusv\u00f5imsuse, millega v\u00f5ib ulatuda kuni peaaegu 900 meetrini (1 @ luks)! T\u00e4nu kahele erinevale j\u00f5ure\u017eiimile saab kamuflaa\u017eihooaja l\u00f5putut pimedust taltsutada nii pimedatel teel\u00f5ikudel kui ka t\u00e4iesti valgustamata maastikuradadel See lisavalguskahur katab eredalt k\u00f5rvuti asetatud laternad, olgu v\u00f5rdluspunktiks on valgusv\u00f5imsus, valgusmuster, ulatus, v\u00e4rvitemperatuur v\u00f5i m\u00f5ni muu omadus. Kui n\u00fc\u00fcd t\u00f5siselt r\u00e4\u00e4kida, siis Purelux Panther S1050 on v\u00e4ljakutseteks v\u00e4lja t\u00f6\u00f6tatud lisavalgusti, mille valgusfunktsioonid ei j\u00e4ta k\u00fclmaks isegi j\u00e4\u00e4meest. Seda valgustit julgeme soovitada ka k\u00f5ige n\u00f5udlikumaks kasutuseks ning pikkuse t\u00f5ttu soovitame paigaldada eelk\u00f5ige rasketehnikasse, suurematesse linnamaasturitesse ja kaubikutesse. Julgemad saavad selle muidugi ka autosse paigaldada Erinevalt tavap\u00e4rasest ei pea valgusti erinevate toitere\u017eiimide aktiveerimiseks lisajuhet \u00fchendama ega lahti \u00fchendama, kuid PowerBoost\u00ae ja liiklusre\u017eiimi vahel l\u00fclitumine on enneolematult lihtne! vajutades tule otsas olevat nuppu. Viimati kasutatud v\u00f5imsusre\u017eiim j\u00e4\u00e4b lambi &#8220;m\u00e4llu&#8221; ja seega ei pea te muretsema nt maanteel s\u00f5ites, et lamp l\u00fclitub alati maksimaalse v\u00f5imsusega sisse, kui toide on v\u00e4lja l\u00fclitatud ja auto vahel hakkab uuesti liikuma. Selgelt on n\u00e4ha erinevus Purelux PowerBoost\u00ae ja maanteeliiklusre\u017eiimi vahel &#8211; PowerBoost re\u017eiim on oluliselt efektiivsem ja seda ei tohiks kasutada tavaliikluses s\u00f5ites, ainult maastikul Gen2 mudeli Panther S1050 valgusmuster on oluliselt erinev oma eelk\u00e4ijast. Sellel mudelil on valgusvihk k\u00fclgmiselt laiem ning see valgustab t\u00f5husalt ka s\u00f5iduki \u00fcmbrust, tekitamata h\u00e4irivat valguskera otse esiosa ette. Lisaks on valgusvihk vertikaalselt madalam, t\u00e4nu millele on olnud v\u00f5imalik suunata \u00fcha rohkem valgust tee- ja kallaste \u00e4\u00e4rde, kuid see on siiski piisavalt k\u00f5rge ka k\u00fcnklikul maastikul, mis v\u00e4hendab teravate varjude teke, nt lumevallide taga. Vaatamata eelmise versiooniga v\u00f5rreldes selgelt laiemale valgusvihule on Purelux PowerBoost re\u017eiimis valgusvihu m\u00f5\u00f5detud ulatus kuni 880 m @ 1 luksi ja isegi piiratud re\u017eiimis 362 m @ 1 luksi Valgusvihku kirjeldab k\u00f5ige paremini s\u00f5na ovaalne, mis on pehmelt \u00fcles-alla piiritletud, mist\u00f5ttu Panther S1050 Gen2 sobib n\u00fc\u00fcd ka sellistesse paigalduskohtadesse, kus soovitakse lisaks paremale ulatusele ka efektiivset \u00fcmbritsevate alade valgustamist! T\u00e4pselt viimistletud valgusmuster on m\u00f5eldud teenindama veelgi suuremat osa lisavalgustite kasutajaskonnast ning see toimib v\u00e4ga h\u00e4sti nt. katusepaigaldistel, olenemata s\u00f5iduki suurusest, koos t\u00e4pselt viimistletud valgusvihuga on veel \u00fcks s\u00f5idukogemust oluliselt parandav omadus tule neutraalne v\u00e4rvitemperatuur 5000 kelvinit. Neutraalne v\u00e4rvitemperatuur on maanteeliikluseks optimaalne, kuna h\u00f5lbustab nt. maastikukujude ja takistuste vaatlemine ning see ei peegelda juhi silmadesse looduse valge lumikatte pimestavat heledust ega moonuta sihtm\u00e4rgi v\u00e4rve. Lisaks toimib neutraalne v\u00e4rvitemperatuur halbades ilmastikutingimustes paremini kui jahedad toonid ning see aitab l\u00f5putulna n\u00e4ivas pimeduses silmad teravana hoida. 5000K v\u00e4rvitemperatuur sobib mugavalt isegi uuematesse tavaliste LED- v\u00f5i ksenoontuledega autodesse. Kui paigaldusvahe m\u00f5\u00f5t on piisav, saab kahe lambiga ehitada ka \u00fclipeene ja efektse ansambli nt veoauto katusele! T\u00e4nu PowerBoost re\u017eiimile on Purelux Panther S1050 Gen2 nupuvalik ka suletud radadel v\u00f5i ainult maastikul s\u00f5itvatele s\u00f5idukitele, nt ralliautodele ja teistele kiiretele motospordis\u00f5idukitele.<\/p>\n","protected":false},"excerpt":{"rendered":"<p>PureluxPurelux Panther S1050 Gen2, 2 x reguleeritava laiusega s\u00e4\u00e4red, 2 x otsajalad, \u00dchendus- ja paigaldusjuhend (FI\/SE\/NO\/DK\/EN) Kinnitus, 2 tk, Relee kaabli komplekt Purelux HD, 500W M\u00e4rkus! Suure v\u00f5imsuse t\u00f5ttu ei ole valgustis ega juhtmestikus pistikuid, seega tuleb \u00fchendus ise teha.<\/p>\n","protected":false},"featured_media":6016,"comment_status":"closed","ping_status":"open","template":"","meta":{"_monsterinsights_skip_tracking":false,"_monsterinsights_sitenote_active":false,"_monsterinsights_sitenote_note":"","_monsterinsights_sitenote_category":0},"product_brand":[],"product_cat":[708],"product_tag":[],"class_list":{"0":"post-6015","1":"product","2":"type-product","3":"status-publish","4":"has-post-thumbnail","6":"product_cat-lisatuled","7":"pa_brand-purelux","8":"pa_kasutusotstarve-lisatulede-paigaldus-autole","9":"pa_uhiku-hind-487-55e-tk","10":"pa_voimsus-432w-ref-50-5000k","12":"first","13":"onbackorder","14":"sale","15":"taxable","16":"shipping-taxable","17":"purchasable","18":"product-type-simple"},"_links":{"self":[{"href":"https:\/\/chemicalstore.ee\/ru\/wp-json\/wp\/v2\/product\/6015","targetHints":{"allow":["GET"]}}],"collection":[{"href":"https:\/\/chemicalstore.ee\/ru\/wp-json\/wp\/v2\/product"}],"about":[{"href":"https:\/\/chemicalstore.ee\/ru\/wp-json\/wp\/v2\/types\/product"}],"replies":[{"embeddable":true,"href":"https:\/\/chemicalstore.ee\/ru\/wp-json\/wp\/v2\/comments?post=6015"}],"wp:featuredmedia":[{"embeddable":true,"href":"https:\/\/chemicalstore.ee\/ru\/wp-json\/wp\/v2\/media\/6016"}],"wp:attachment":[{"href":"https:\/\/chemicalstore.ee\/ru\/wp-json\/wp\/v2\/media?parent=6015"}],"wp:term":[{"taxonomy":"product_brand","embeddable":true,"href":"https:\/\/chemicalstore.ee\/ru\/wp-json\/wp\/v2\/product_brand?post=6015"},{"taxonomy":"product_cat","embeddable":true,"href":"https:\/\/chemicalstore.ee\/ru\/wp-json\/wp\/v2\/product_cat?post=6015"},{"taxonomy":"product_tag","embeddable":true,"href":"https:\/\/chemicalstore.ee\/ru\/wp-json\/wp\/v2\/product_tag?post=6015"}],"curies":[{"name":"wp","href":"https:\/\/api.w.org\/{rel}","templated":true}]}}