{"id":5998,"date":"2024-11-16T14:30:14","date_gmt":"2024-11-16T14:30:14","guid":{"rendered":"https:\/\/chemicalstore.ee\/toode\/listuli-panther-s800-gen2-paneel-sirge-78-cm-purelux-2\/"},"modified":"2024-11-16T14:30:30","modified_gmt":"2024-11-16T14:30:30","slug":"lisatuli-panther-s800-gen2-paneel-sirge-78-cm-purelux-2","status":"publish","type":"product","link":"https:\/\/chemicalstore.ee\/ru\/toode\/lisatuli-panther-s800-gen2-paneel-sirge-78-cm-purelux-2\/","title":{"rendered":"Lisatuli Panther S800 Gen2 Paneel &#8211; Sirge  78 cm  &#8211; Purelux"},"content":{"rendered":"<p>Purelux Panther S800 Gen2 on Pantheri tooteperekonna uusim liige, mis t\u00e4iendab \u00fclipopulaarse lisavalgustite sarja 80 cm laiust ava! Tegemist on \u00fclit\u00f5husa valguskahuriga, mille oma suuruse kohta \u0161okeeriv valgusvoog paneb vaikima ka k\u00f5ige n\u00f5udlikumad hifif\u00e4nnid. Suure j\u00f5udlusega Panther S800, nagu ka teised Panther Gen2 seeria tuled, on varustatud uuendatud valgusmustriga, mis koos selle klassi j\u00f5udlusega loob kombineeritud valgusvihu, mis v\u00f5ib ulatuda nii kaugele kui ka valgustada valgusti servi. tee. K\u00f5ikidel Pantheri seeria paneelidel on Purelux PowerBoost\u00ae tehnoloogia, t\u00e4nu millele saab valgust nupuvajutusega sisse l\u00fclitada kas maanteeliikluseks lubatud piiratud v\u00f5imsusega re\u017eiimis v\u00f5i maastikus\u00f5iduks m\u00f5eldud PowerBoost re\u017eiimis. Piiramatu PowerBoost\u00ae eemaldab valguselt k\u00f5ik piirangud ja vallandab k\u00f5netu 21 991 luumenise valgusv\u00f5imsuse, millega v\u00f5ib ulatuda kuni 700 meetrini (@ 1 luks)! T\u00e4nu kahele erinevale v\u00f5imsusre\u017eiimile saab kaamo l\u00f5putut pimedust taltsutada nii pimedatel teel\u00f5ikudel kui ka t\u00e4iesti valgustamata maastikuradadel Erinevalt tavap\u00e4rasest ei pea tule erineva aktiveerimiseks lisajuhet \u00fchendama ega lahti \u00fchendama toitere\u017eiimid, kuid PowerBoost\u00ae ja liiklusre\u017eiimi vahel vahetamine on enneolematult lihtne, vajutades tule otsas olevat nuppu . Viimati kasutatud v\u00f5imsusre\u017eiim j\u00e4\u00e4b lambi &#8220;m\u00e4llu&#8221; ja seega ei pea te muretsema nt maanteel s\u00f5ites, et lamp l\u00fclitub alati maksimaalse v\u00f5imsusega sisse, kui toide on v\u00e4lja l\u00fclitatud ja auto vahel hakkab uuesti liikuma. Erinevus Purelux PowerBoost\u00ae ja maanteeliiklusre\u017eiimi vahel on kasutusel selgelt n\u00e4ha &#8211; PowerBoost re\u017eiim on oluliselt efektiivsem ja seda ei tohiks kasutada tavaliikluses s\u00f5ites, ainult maastikul Panther S800 Gen2 valgusmuster on lai k\u00fclgsuunas ning see valgustab t\u00f5husalt ka s\u00f5iduki \u00fcmbrust, tekitamata h\u00e4irivat valguspalli otse v\u00f6\u00f6ri ette. Lisaks on valgusvihk vertikaalselt madal, t\u00e4nu millele on olnud v\u00f5imalik suunata rohkem valgust tee\u00e4\u00e4rtele ja kallastele, kuid see on piisavalt k\u00f5rge ka k\u00fcnklikul maastikul, mis v\u00e4hendab teravate varjude teket, nt lumevallide taga. M\u00f5\u00f5detav ulatus Purelux PowerBoost re\u017eiimis on kuni 729 m @ 1 luksi ja piiratud v\u00f5imsusega re\u017eiimis on m\u00f5\u00f5detud ulatus 379 m @ 1 luksi, nii et olenemata sellest, kas s\u00f5idate teedel, erametsaradadel v\u00f5i suletud radadel, see tuli ei p\u00f5le j\u00e4ta teid h\u00e4tta S\u00f5na ovaalne kirjeldab k\u00f5ige paremini esilaternat, mis on pehmelt piiritletud \u00fcles-alla, t\u00e4nu millele sobib Panther S800 Gen2 ka sellistesse paigaldistesse, kus lisaks paremale levialale on ka t\u00f5hus l\u00e4hedal asuvate valgustus. alasid soovitakse! T\u00e4pselt viimistletud valgusmuster on m\u00f5eldud teenindama enamikku lisavalgustite kasutajaid ning see toimib v\u00e4ga h\u00e4sti nii traditsioonilistes lisavalgustite paigaldustes kui ka katusepaigaldustes, olenemata s\u00f5iduki suurusest!<\/p>\n","protected":false},"excerpt":{"rendered":"<p>PureluxTarne p\u00f5hisisu, Lisatulehoidik EL numbrim\u00e4rgile, Purelux, Bracket, 2tk, Relee kaablikomplekt Purelux HD, 500W, M\u00e4rkus! Suure v\u00f5imsuse t\u00f5ttu ei ole valgustis ega juhtmestikus pistikuid, seega tuleb \u00fchendus ise teha.<\/p>\n","protected":false},"featured_media":5999,"comment_status":"closed","ping_status":"open","template":"","meta":{"_monsterinsights_skip_tracking":false,"_monsterinsights_sitenote_active":false,"_monsterinsights_sitenote_note":"","_monsterinsights_sitenote_category":0},"product_brand":[],"product_cat":[708],"product_tag":[],"class_list":{"0":"post-5998","1":"product","2":"type-product","3":"status-publish","4":"has-post-thumbnail","6":"product_cat-lisatuled","7":"pa_brand-purelux","8":"pa_kasutusotstarve-lisatulede-paigaldus-autole","9":"pa_uhiku-hind-407-65e-tk","10":"pa_voimsus-324w-ref-30-5000k","12":"first","13":"onbackorder","14":"sale","15":"taxable","16":"shipping-taxable","17":"purchasable","18":"product-type-simple"},"_links":{"self":[{"href":"https:\/\/chemicalstore.ee\/ru\/wp-json\/wp\/v2\/product\/5998","targetHints":{"allow":["GET"]}}],"collection":[{"href":"https:\/\/chemicalstore.ee\/ru\/wp-json\/wp\/v2\/product"}],"about":[{"href":"https:\/\/chemicalstore.ee\/ru\/wp-json\/wp\/v2\/types\/product"}],"replies":[{"embeddable":true,"href":"https:\/\/chemicalstore.ee\/ru\/wp-json\/wp\/v2\/comments?post=5998"}],"wp:featuredmedia":[{"embeddable":true,"href":"https:\/\/chemicalstore.ee\/ru\/wp-json\/wp\/v2\/media\/5999"}],"wp:attachment":[{"href":"https:\/\/chemicalstore.ee\/ru\/wp-json\/wp\/v2\/media?parent=5998"}],"wp:term":[{"taxonomy":"product_brand","embeddable":true,"href":"https:\/\/chemicalstore.ee\/ru\/wp-json\/wp\/v2\/product_brand?post=5998"},{"taxonomy":"product_cat","embeddable":true,"href":"https:\/\/chemicalstore.ee\/ru\/wp-json\/wp\/v2\/product_cat?post=5998"},{"taxonomy":"product_tag","embeddable":true,"href":"https:\/\/chemicalstore.ee\/ru\/wp-json\/wp\/v2\/product_tag?post=5998"}],"curies":[{"name":"wp","href":"https:\/\/api.w.org\/{rel}","templated":true}]}}