{"id":5981,"date":"2024-11-16T14:30:14","date_gmt":"2024-11-16T14:30:14","guid":{"rendered":"https:\/\/chemicalstore.ee\/toode\/lisatuli-panther-s540-gen3-paneel-sirge-54-cm-purelux-3\/"},"modified":"2024-11-16T14:30:28","modified_gmt":"2024-11-16T14:30:28","slug":"lisatuli-panther-s540-gen3-paneel-sirge-54-cm-purelux-3","status":"publish","type":"product","link":"https:\/\/chemicalstore.ee\/ru\/toode\/lisatuli-panther-s540-gen3-paneel-sirge-54-cm-purelux-3\/","title":{"rendered":"Lisatuli Panther S540 Gen3 Paneel &#8211; Sirge  54 cm &#8211; Purelux"},"content":{"rendered":"<p>Purelux Panther S540 Gen3 on v\u00e4ga v\u00f5imas lisavalguspaneel, mis \u00fchendab endas \u00e4geda j\u00f5udluse, maanteeliikluseks optimeeritud kombineeritud valgusvihu ja stiilse v\u00e4limuse. Sellel tulel on kaks erinevat v\u00f5imsusre\u017eiimi, t\u00e4nu millele saab sisse l\u00fclitada kas maanteeliikluseks heaks kiidetud m\u00f5\u00f5dukama v\u00f5imsusre\u017eiimi v\u00f5i kogu valgusv\u00f5imsuse vabastava PowerBoost\u00ae re\u017eiimi. Piiramatu PowerBoost\u00ae re\u017eiim t\u00f5stab maksimaalset valgusv\u00f5imsust n\u00f5udvatel l\u00f5ikudel s\u00f5idukogemuse t\u00e4iesti uuele tasemele, kuna valgusv\u00f5imsust m\u00f5\u00f5detakse kuni 15238 luumenit ja ulatust kuni 645 meetrit (@ 1 luks). V\u00f5imsusre\u017eiimi saab h\u00f5lpsasti muuta kerel olevale nupule vajutades, seega pole vaja teha t\u00f6\u00f6mahukaid \u00fchendusi! Kui Pantheri taltsutamatu j\u00f5udlus on \u00fchendatud suurep\u00e4rase disaini ja \u00fche parima kombineeritud esitulega turul, on \u00fctlematagi selge, miks see aasta-aastalt oma suurusklassi tippu v\u00f5tab! M\u00e4rkus! Sama lamp on saadaval ka valge korpusega: Purelux Panther S540 Gen3 White erinevalt tavap\u00e4rasest ei pea lambi erinevate toitere\u017eiimide aktiveerimiseks lisajuhet \u00fchendama ega lahti \u00fchendama, vaid PowerBoost\u00ae ja maanteeliiklusre\u017eiimi vahel vahetamine toimub enneolematult. kergendada, vajutades lambi otsas olevat nuppu. Viimati kasutatud v\u00f5imsusre\u017eiim j\u00e4\u00e4b lambi &#8220;m\u00e4llu&#8221; ja seega ei pea te muretsema nt maanteel s\u00f5ites, et lamp l\u00fclitub alati maksimaalse v\u00f5imsusega sisse, kui toide on v\u00e4lja l\u00fclitatud ja auto vahel hakkab uuesti liikuma. Selgelt on n\u00e4ha erinevus Purelux PowerBoost\u00ae ja maanteeliiklusre\u017eiimi vahel \u2013 PowerBoost re\u017eiim on oluliselt efektiivsem ja seda ei tohiks kasutada tavaliikluses s\u00f5ites, ainult maastikul Panther S540 valgusvihk koosneb ristk\u00fclikukujulisest laiast kaugtulest , mis on t\u00e4iuslik kombinatsioon nii valikust kui laiusest. Valgusvihk avaneb otse v\u00f6\u00f6rist ja valgustab terve tee k\u00fcljelt k\u00fcljele, samas kui valgusvihu keskel asuv heledam p\u00f5hipunkt suunab valguse kaugele ette. Vertikaalses suunas on valgusvihk pehmelt piiritletud nagu teistelt Pantheri seeria tuledelt, t\u00e4nu millele ei l\u00e4he valgus asjatult taevasse kaduma ning v\u00f6\u00f6ri ette ei teki pimestavat valguskera. Koonuse k\u00f5rgus on optimeeritud nii, et see oleks piisav isegi k\u00fcnklikul maastikul ja rasketehnika katusepaigaldustes.<\/p>\n","protected":false},"excerpt":{"rendered":"<p>PureluxTarne p\u00f5hisisu, Reguleeritav lisavalgustihoidik EU numbrim\u00e4rgile, Purelux, Relee kaablikomplekt Purelux Pro Serie 12V, HD DTP (1 v\u00e4ljund),Tugiraud 2 tk<\/p>\n","protected":false},"featured_media":5982,"comment_status":"closed","ping_status":"open","template":"","meta":{"_monsterinsights_skip_tracking":false,"_monsterinsights_sitenote_active":false,"_monsterinsights_sitenote_note":"","_monsterinsights_sitenote_category":0},"product_brand":[],"product_cat":[708],"product_tag":[],"class_list":{"0":"post-5981","1":"product","2":"type-product","3":"status-publish","4":"has-post-thumbnail","6":"product_cat-lisatuled","7":"pa_brand-purelux","8":"pa_kasutusotstarve-lisatulede-paigaldus-autole","9":"pa_uhiku-hind-347-70e-tk","10":"pa_voimsus-216w-ref-30-5000k","12":"first","13":"onbackorder","14":"sale","15":"taxable","16":"shipping-taxable","17":"purchasable","18":"product-type-simple"},"_links":{"self":[{"href":"https:\/\/chemicalstore.ee\/ru\/wp-json\/wp\/v2\/product\/5981","targetHints":{"allow":["GET"]}}],"collection":[{"href":"https:\/\/chemicalstore.ee\/ru\/wp-json\/wp\/v2\/product"}],"about":[{"href":"https:\/\/chemicalstore.ee\/ru\/wp-json\/wp\/v2\/types\/product"}],"replies":[{"embeddable":true,"href":"https:\/\/chemicalstore.ee\/ru\/wp-json\/wp\/v2\/comments?post=5981"}],"wp:featuredmedia":[{"embeddable":true,"href":"https:\/\/chemicalstore.ee\/ru\/wp-json\/wp\/v2\/media\/5982"}],"wp:attachment":[{"href":"https:\/\/chemicalstore.ee\/ru\/wp-json\/wp\/v2\/media?parent=5981"}],"wp:term":[{"taxonomy":"product_brand","embeddable":true,"href":"https:\/\/chemicalstore.ee\/ru\/wp-json\/wp\/v2\/product_brand?post=5981"},{"taxonomy":"product_cat","embeddable":true,"href":"https:\/\/chemicalstore.ee\/ru\/wp-json\/wp\/v2\/product_cat?post=5981"},{"taxonomy":"product_tag","embeddable":true,"href":"https:\/\/chemicalstore.ee\/ru\/wp-json\/wp\/v2\/product_tag?post=5981"}],"curies":[{"name":"wp","href":"https:\/\/api.w.org\/{rel}","templated":true}]}}