{"id":5959,"date":"2024-11-16T14:30:14","date_gmt":"2024-11-16T14:30:14","guid":{"rendered":"https:\/\/chemicalstore.ee\/toode\/lisatuli-panther-s300-gen2-paneel-sirge-30-cm-purelux-5\/"},"modified":"2024-11-16T14:30:25","modified_gmt":"2024-11-16T14:30:25","slug":"lisatuli-panther-s300-gen2-paneel-sirge-30-cm-purelux-5","status":"publish","type":"product","link":"https:\/\/chemicalstore.ee\/ru\/toode\/lisatuli-panther-s300-gen2-paneel-sirge-30-cm-purelux-5\/","title":{"rendered":"Lisatuli Panther S300 Gen2 Paneel &#8211; Sirge  30 cm &#8211; Purelux"},"content":{"rendered":"<p>Purelux Panther S300 Gen2 on \u00fclipopulaarse Pantheri seeria v\u00e4ikseima lisavalgustuspaneeli uuendatud versioon. Algne S300 j\u00e4ttis teised sama suurusklassi paneelid k\u00f5igis piirkondades kaugele maha ning uuendatud Gen2 versioon suurendab veelgi teistega v\u00f5rreldes seatud pesavahet uuendatud reflektortehnoloogia ja valgusvihuga. T\u00e4nu helkuritele on paneeli valgusmuster n\u00fc\u00fcd varasemast laiem ehk teisis\u00f5nu valgustab see laiemat teel\u00f5igu \u00fchtlaselt k\u00fcljelt k\u00fcljele kohe v\u00f6\u00f6rist. K\u00f5ik Pantheri seeria paneelid on varustatud Purelux PowerBoost\u00ae tehnoloogiaga, t\u00e4nu millele saab valgust sisse l\u00fclitada kas maanteeliikluseks heakskiidetud piiratud v\u00f5imsusega re\u017eiimiga v\u00f5i maastikus\u00f5iduks m\u00f5eldud PowerBoost re\u017eiimiga. Piiramatu PowerBoost\u00ae eemaldab valguselt k\u00f5ik piirangud ja vallandab k\u00f5netu 7561 luumenise valgusv\u00f5imsuse, millega v\u00f5ib ulatuda kuni peaaegu poole kilomeetrini (@ 1 luks)! T\u00e4nu kahele erinevale v\u00f5imsusre\u017eiimile saab kamohooaja l\u00f5putut pimedust taltsutada nii pimedatel teel\u00f5ikudel kui ka t\u00e4iesti valgustamata maastikuradadel V\u00e4ikese tulena on Purelux Panther S300 Gen2 \u00fcsna v\u00f5imekas ja t\u00e4nu sellele suurusega, saab seda paigaldada diskreetselt, nt v\u00f5redele v\u00f5i juba olemasoleva valgustuss\u00fcsteemi t\u00e4iendamiseks, n\u00e4iteks veoautosse. Olenemata sellest, kas paigalduse sihtm\u00e4rk on s\u00f5iduauto, maastikus\u00f5iduk v\u00f5i kaubik, l\u00f5bus\u00f5iduk v\u00f5i veoauto, muudab Purelux Panther S300 Gen2 teie s\u00f5idukogemuse oluliselt paremaks, erinevalt tavap\u00e4rasest, ei pea erinevate toitere\u017eiimide aktiveerimiseks lisajuhet \u00fchendama ega lahti \u00fchendama lambist, kuid \u00fcleminek PowerBoost\u00ae ja maanteeliiklusre\u017eiimi vahel on v\u00f5imalik enneolematult lihtsalt, vajutades lambi otsas olevat nuppu. Viimati kasutatud v\u00f5imsusre\u017eiim j\u00e4\u00e4b lambi &#8220;m\u00e4llu&#8221; ja seega ei pea te muretsema nt maanteel s\u00f5ites, et lamp l\u00fclitub alati maksimaalse v\u00f5imsusega sisse, kui toide on v\u00e4lja l\u00fclitatud ja auto vahel hakkab uuesti liikuma. Erinevus Purelux PowerBoost\u00ae ja maanteeliiklusre\u017eiimi vahel on kasutusel selgelt m\u00e4rgatav &#8211; PowerBoost re\u017eiim on oluliselt efektiivsem ja seda ei tohiks kasutada tavaliikluses s\u00f5ites, ainult maastikul Gen2 mudeli Panther S300 valgusmuster on m\u00e4rgatavalt erinev oma eelk\u00e4ijast. Sellel mudelil on valgusvihk k\u00fclgmiselt laiem ning see valgustab t\u00f5husalt ka s\u00f5iduki \u00fcmbrust, tekitamata h\u00e4irivat valguskera otse esiosa ette. Lisaks on valgusvihk vertikaalselt madalam, t\u00e4nu millele on olnud v\u00f5imalik suunata \u00fcha rohkem valgust tee- ja kallaste \u00e4\u00e4rde, kuid see on siiski piisavalt k\u00f5rge ka k\u00fcnklikul maastikul, mis v\u00e4hendab teravate varjude teke, nt lumevallide taga. Vaatamata eelmise versiooniga v\u00f5rreldes selgelt laiemale valgusvihule on Purelux PowerBoost re\u017eiimis valgusvihu m\u00f5\u00f5detud ulatus kuni 481 m @ 1 luksi ja isegi piiratud re\u017eiimis 390 m @ 1 luksi Valgusvihku kirjeldab k\u00f5ige paremini s\u00f5na ovaalne, mis on \u00fcles-alla suunas pehmelt piiritletud, mist\u00f5ttu Panther S300 Gen2 sobib n\u00fc\u00fcd ka sellistesse paigalduskohtadesse, kus soovitakse lisaks paremale levialale ka efektiivset \u00fcmbritsevate alade valgustamist! T\u00e4pselt viimistletud valgusmuster on m\u00f5eldud teenindama enamikku lisavalgustite kasutajaid ning see toimib v\u00e4ga h\u00e4sti nii traditsioonilistes lisavalgustite paigaldustes kui ka katusepaigaldustes, olenemata s\u00f5iduki suurusest! T\u00e4nu langetatud valgusvihule sobib valgusti paigaldamiseks ka teepinna l\u00e4hedale. Neutraalne v\u00e4rvitemperatuur on maanteeliikluseks optimaalne, kuna h\u00f5lbustab nt. maastikukujude ja takistuste vaatlemine ning see ei peegelda juhi silmadesse looduse valge lumikatte pimestavat heledust ega moonuta sihtm\u00e4rgi v\u00e4rve. Lisaks toimib neutraalne v\u00e4rvitemperatuur halbades ilmastikutingimustes paremini kui jahedad toonid ning see aitab l\u00f5putulna n\u00e4ivas pimeduses silmad teravana hoida. 5000K v\u00e4rvitemperatuur sobib mugavalt ka uuematesse tavaliste LED- v\u00f5i Xenon-tuledega autodesse. Loomulikult sobib valgusti ka rasketehnika varustamiseks, sest v\u00e4iksus v\u00f5imaldab korralikku paigaldust n\u00e4iteks esiv\u00f5re taha ning kahe v\u00f5i enama valgustiga saab ehitada korraliku terviku ka katusele. T\u00e4nu PowerBoost re\u017eiimile on Purelux Panther S300 Gen2 nupuvalik isegi suletud radadel v\u00f5i ainult maastikul liikuvatele s\u00f5idukitele, nt mootorsaanidele, ATV-dele ja maastikuautodele.<\/p>\n","protected":false},"excerpt":{"rendered":"<p>Purelux2 x Tarne p\u00f5hisisu, Lisavalgustihoidik EU numbrim\u00e4rgile, Purelux (2 tulele, paksus 2 mm), Relee kaablikomplekt Purelux Pro Serie 12V, DT-2 (2 v\u00e4ljundit),Tugiraud 2 tk<\/p>\n","protected":false},"featured_media":5960,"comment_status":"closed","ping_status":"open","template":"","meta":{"_monsterinsights_skip_tracking":false,"_monsterinsights_sitenote_active":false,"_monsterinsights_sitenote_note":"","_monsterinsights_sitenote_category":0},"product_brand":[],"product_cat":[708],"product_tag":[],"class_list":{"0":"post-5959","1":"product","2":"type-product","3":"status-publish","4":"has-post-thumbnail","6":"product_cat-lisatuled","7":"pa_brand-purelux","8":"pa_kasutusotstarve-lisatulede-paigaldus-autole","9":"pa_uhiku-hind-187-28e-tk","10":"pa_voimsus-108w-ref-30-5000k","12":"first","13":"onbackorder","14":"sale","15":"taxable","16":"shipping-taxable","17":"purchasable","18":"product-type-simple"},"_links":{"self":[{"href":"https:\/\/chemicalstore.ee\/ru\/wp-json\/wp\/v2\/product\/5959","targetHints":{"allow":["GET"]}}],"collection":[{"href":"https:\/\/chemicalstore.ee\/ru\/wp-json\/wp\/v2\/product"}],"about":[{"href":"https:\/\/chemicalstore.ee\/ru\/wp-json\/wp\/v2\/types\/product"}],"replies":[{"embeddable":true,"href":"https:\/\/chemicalstore.ee\/ru\/wp-json\/wp\/v2\/comments?post=5959"}],"wp:featuredmedia":[{"embeddable":true,"href":"https:\/\/chemicalstore.ee\/ru\/wp-json\/wp\/v2\/media\/5960"}],"wp:attachment":[{"href":"https:\/\/chemicalstore.ee\/ru\/wp-json\/wp\/v2\/media?parent=5959"}],"wp:term":[{"taxonomy":"product_brand","embeddable":true,"href":"https:\/\/chemicalstore.ee\/ru\/wp-json\/wp\/v2\/product_brand?post=5959"},{"taxonomy":"product_cat","embeddable":true,"href":"https:\/\/chemicalstore.ee\/ru\/wp-json\/wp\/v2\/product_cat?post=5959"},{"taxonomy":"product_tag","embeddable":true,"href":"https:\/\/chemicalstore.ee\/ru\/wp-json\/wp\/v2\/product_tag?post=5959"}],"curies":[{"name":"wp","href":"https:\/\/api.w.org\/{rel}","templated":true}]}}