{"id":5920,"date":"2024-11-16T14:30:14","date_gmt":"2024-11-16T14:30:14","guid":{"rendered":"https:\/\/chemicalstore.ee\/toode\/lisatuli-9200-umar-22-cm-purelux-3\/"},"modified":"2024-11-16T14:30:18","modified_gmt":"2024-11-16T14:30:18","slug":"lisatuli-9200-umar-22-cm-purelux-3","status":"publish","type":"product","link":"https:\/\/chemicalstore.ee\/ru\/toode\/lisatuli-9200-umar-22-cm-purelux-3\/","title":{"rendered":"Lisatuli 9200 &#8211; \u00dcmar  22 cm &#8211; Purelux"},"content":{"rendered":"<p>Purelux 9200 on v\u00e4ga suure j\u00f5udlusega \u00fcmmargune 9&#8243; lisavalgusti, mis on nii oma valgusv\u00f5imsuse kui ka muude tippomaduste poolest oma suuruskategooria tipus. See valgusti on varustatud n\u00e4iteks kahev\u00e4rvilise parkimistulega ( valge ja oran\u017e), neutraalne 5000K v\u00e4rvitemperatuur ja kaks erinevat v\u00f5imsusre\u017eiimi, mille vahel saab vahetada vaid nupule vajutades. mis eemaldab piirajad ja vabastab t\u00e4ielikult m\u00f5\u00f5detud valgusvoo 10487 luumenit V\u00f5imsad LED-id koos t\u00e4iustatud objektiivi ja reflektortehnoloogiaga loovad kvaliteetse kombineeritud valgusvihu, t\u00e4nu millele on 9200 valgusv\u00f5imsusest tee valgustamiseks piisav. ees m\u00f5\u00f5detuna kuni 551 meetrit (1 @ luks), samas suunavad valgust \u00fchtlaselt pingilt pingile, erinevalt tavap\u00e4rasest ei pea lambi erinevate v\u00f5imsusre\u017eiimide aktiveerimiseks lisajuhet \u00fchendama v\u00f5i lahti \u00fchendama. PowerBoost\u00ae ja maanteeliiklusre\u017eiim tehakse enneolematult lihtsasti lambiga, vajutades l\u00f5pus nuppu. Viimati kasutatud v\u00f5imsusre\u017eiim j\u00e4\u00e4b lambi &#8220;m\u00e4llu&#8221; ja seega ei pea te nt maanteel s\u00f5ites muretsema, et vahepeal voolu v\u00e4ljal\u00fclitamisel l\u00fclitub lamp alati maksimaalse v\u00f5imsusega sisse ja auto hakkab uuesti liikuma. N\u00e4ete selgelt erinevust Purelux PowerBoost\u2122 ja maanteeliiklusre\u017eiimi vahel &#8211; PowerBoost\u00ae re\u017eiim on oluliselt t\u00f5husam ja seda ei tohiks kasutada tavalises liikluses, vaid maastikul, erinevalt paljudest muudest \u00fcmaratest lisatuledest 9200 on tavap\u00e4rasest lihavam ja valgus levib eredalt, k\u00fclgsuunas laiast p\u00f5hisagarast \u00fchtlaselt kogu tee laiusele. K\u00f5rgussuunas on valgusvihk pehmelt piiritletud, et hulkuv valgus ei p\u00e4\u00e4seks asjatult t\u00e4histaeva poole ega keskenduks h\u00e4irivalt vihmast p\u00fchitud asfaldile eesoleval teel\u00f5igul. 9200 ei tekita ka v\u00f6\u00f6ri ette eredat valguskera, mis h\u00e4iriks juhi taju. T\u00e4nu suurep\u00e4rasele valgusvihule ei vaja 9200 toetamiseks laiema v\u00f5i kitsama valgusmustriga lisatulesid ning kahe 9200 v\u00f5imsusega saab ka k\u00f5ige laiema teeosa valgustada nii, et metsaloomad. kraavist s\u00f5iduteele t\u00f5rjumine ja v\u00e4ikesel kruusal distantsi poole pedaalivad jalgratturid on aegsasti m\u00e4rgatavad. Kahe v\u00f5i enama tulega saab valgusvihku suunata ka kas paralleelselt v\u00f5i \u00fcksteise peale, nii et valgust saab suunata just sinna, kuhu seda k\u00f5ige rohkem vaja on rasketehnika varustusest ning t\u00e4nu oma tohutule valgusv\u00f5imsusele ja PowerBoost\u00ae funktsioonile sobib h\u00e4sti ka maastikus\u00f5idukitele, millega s\u00f5idetakse pimedusest kihutatuna p\u00f5hjamaa valgustamata maastikuradadel. mis neelab kogu \u00fcmbritseva valguse. Toitere\u017eiimi muutmise nupp asub lambi tagak\u00fcljel k\u00e4eulatuses ning see toimib mehaanilise l\u00fclitina, mis t\u00e4hendab, et viimati kasutatud seadistus j\u00e4\u00e4b alati lambi m\u00e4llu.<\/p>\n","protected":false},"excerpt":{"rendered":"<p>Purelux3 x Tarne p\u00f5hisisu, Lisavalgustihoidik EU numbrim\u00e4rgile, 3 tulele, Relee kaablikomplekt Purelux Pro Series 12V, HD DTP (1 tk. 3-v\u00e4ljund), Tugiraud 4 tk.<\/p>\n","protected":false},"featured_media":5921,"comment_status":"closed","ping_status":"open","template":"","meta":{"_monsterinsights_skip_tracking":false,"_monsterinsights_sitenote_active":false,"_monsterinsights_sitenote_note":"","_monsterinsights_sitenote_category":0},"product_brand":[],"product_cat":[708],"product_tag":[],"class_list":{"0":"post-5920","1":"product","2":"type-product","3":"status-publish","4":"has-post-thumbnail","6":"product_cat-lisatuled","7":"pa_brand-purelux","8":"pa_kasutusotstarve-lisatulede-paigaldus-autole","9":"pa_uhiku-hind-206-13e-tk","10":"pa_voimsus-200w-ref-30-5000k","12":"first","13":"onbackorder","14":"sale","15":"taxable","16":"shipping-taxable","17":"purchasable","18":"product-type-simple"},"_links":{"self":[{"href":"https:\/\/chemicalstore.ee\/ru\/wp-json\/wp\/v2\/product\/5920","targetHints":{"allow":["GET"]}}],"collection":[{"href":"https:\/\/chemicalstore.ee\/ru\/wp-json\/wp\/v2\/product"}],"about":[{"href":"https:\/\/chemicalstore.ee\/ru\/wp-json\/wp\/v2\/types\/product"}],"replies":[{"embeddable":true,"href":"https:\/\/chemicalstore.ee\/ru\/wp-json\/wp\/v2\/comments?post=5920"}],"wp:featuredmedia":[{"embeddable":true,"href":"https:\/\/chemicalstore.ee\/ru\/wp-json\/wp\/v2\/media\/5921"}],"wp:attachment":[{"href":"https:\/\/chemicalstore.ee\/ru\/wp-json\/wp\/v2\/media?parent=5920"}],"wp:term":[{"taxonomy":"product_brand","embeddable":true,"href":"https:\/\/chemicalstore.ee\/ru\/wp-json\/wp\/v2\/product_brand?post=5920"},{"taxonomy":"product_cat","embeddable":true,"href":"https:\/\/chemicalstore.ee\/ru\/wp-json\/wp\/v2\/product_cat?post=5920"},{"taxonomy":"product_tag","embeddable":true,"href":"https:\/\/chemicalstore.ee\/ru\/wp-json\/wp\/v2\/product_tag?post=5920"}],"curies":[{"name":"wp","href":"https:\/\/api.w.org\/{rel}","templated":true}]}}