{"id":5886,"date":"2024-11-16T14:30:14","date_gmt":"2024-11-16T14:30:14","guid":{"rendered":"https:\/\/chemicalstore.ee\/toode\/lisatuli-major-s800-paneel-sirge-77-cm-purelux\/"},"modified":"2026-01-14T18:27:06","modified_gmt":"2026-01-14T18:27:06","slug":"lisatuli-major-s800-paneel-sirge-77-cm-purelux","status":"publish","type":"product","link":"https:\/\/chemicalstore.ee\/ru\/toode\/lisatuli-major-s800-paneel-sirge-77-cm-purelux\/","title":{"rendered":"Lisatuli Major S800 Paneel &#8211; Sirge  77 cm  &#8211; Purelux"},"content":{"rendered":"<p>Purelux Major S800 on \u0161okeeriva valgusv\u00e4ljundiga m\u00fcraka-klassi lisavalguspaneel, mis on aastatega tuntust kogunud Major S530 paneeli tugevam suur vend. Suuruse ja v\u00f5imsuse suhte poolest \u00fcle olev Major S800 on varustatud nt. kahe erineva v\u00f5imsusre\u017eiimiga, millest kumbki ei j\u00e4ta kasutajat k\u00fclmaks. Maanteeliikluseks heakskiidetud piiratud v\u00f5imsusega re\u017eiimis toodab paneel laia, kvaliteetset 390 meetri pikkust komposiitkiire valgusv\u00f5imsusega 5544 luumenit, samas kui Purelux PowerBoost\u00ae re\u017eiim, mis on m\u00f5eldud maastikul kasutamiseks, l\u00fclitab sisse piiramatu valgusv\u00f5imsuse. mille m\u00f5\u00f5detud valgusv\u00f5imsus on 21 629 luumenit kuni 765 meetrini (@ 1 luks) kandes valgusvihku. Paneelil m\u00f5\u00f5detud n\u00e4idud r\u00e4\u00e4givad selle j\u00f5udluse kohta k\u00fclma t\u00f5e, mis t\u00f5stab selle oma suurusklassi tippudesse. Seega ei ole Major S800 kindlasti laisk m\u00e4nguasi ja seet\u00f5ttu julgeme seda soovitada k\u00f5ikidele rakendustele, kus maksimaalne valgusv\u00f5imsus on \u00fcks piirtingimusi M\u00e4rkus &#8211; PowerBoost re\u017eiim on oluliselt t\u00f5husam ja seda ei tohiks kasutada tavaliikluses s\u00f5ites, ainult maastikul Major S800 tasakaalustatud kombineeritud valgusvihk avaneb kogu tee laiuses ja suunab valguse t\u00f5husalt maanteel\u00f5igu suunas. tee ees. Valguskiir on lihav, kuid vertikaalsuunas pehmelt piiritletud, t\u00e4nu millele ei teki v\u00f6\u00f6ri ette n\u00e4htavust h\u00e4irivat selget valguskera ning samas saab valgust paremini ka pinkide poole suunata. . Ka vertikaalselt pehmelt piiritletud valgusvihk ei valgusta asjatult puude latvu. Majori pro\u017eektor t\u00f6\u00f6tab suurep\u00e4raselt nii numbrim\u00e4rgi kohal kui ka katusele paigaldatuna ning valgustab t\u00f5husalt nii k\u00e4\u00e4nulisi kui ka l\u00f5putuid sirgeid teel\u00f5ike. Valgusvihu k\u00f5rgus teeb Majorist ideaalse partneri ka k\u00fcnklikul mastil, sest n\u00e4iteks istmete taga pole juhti segavaid teravaid varje V\u00e4liselt on Major S800 omaga truult tume, stiilne must optika ja profiilid kaasaegsele ajastule. Lisaks on selle l\u00f6\u00f6gikindel, praktiliselt purunematu pol\u00fckarbonaadist l\u00e4\u00e4ts t\u00e4iesti raamita, mis t\u00e4hendab, et selle \u00fcmber pole raami, mis koguks lund, j\u00e4\u00e4d v\u00f5i mustust. Nii p\u00fcsib paneel kauem puhas ka halbade ilmastikutingimuste korral ning selle saab paigaldada ka k\u00f5rgele, kus puhastamine v\u00f5ib osutuda v\u00e4ljakutseks. Major S800 sobib suurep\u00e4raselt s\u00f5iduautodele, kaubikutele ja maastikus\u00f5idukitele ning rasketehnika osadele. T\u00e4nu PowerBoost\u00ae tehnoloogiale on paneel suurep\u00e4rane valik kasutamiseks ka ehitusplatsidel v\u00f5i maastikus\u00f5idukitel. Valgustiga on kaasas nii traditsioonilised otsajalad kui ka reguleeritava laiusega siini kinnitused, mis j\u00e4\u00e4vad valgusti alla, nii et paigaldusv\u00f5imalused. on peaaegu piiramatud. Paigaldamist h\u00f5lbustab 2-pooluseline DTP-pistik, mis on juba lambi toitejuhtmes paigas. Lai t\u00f6\u00f6pingevahemik (9-30 V) v\u00f5imaldab paigaldada nii 12V kui 24V s\u00fcsteemidesse. Maanteeliikluseks lubatud valgusti toitere\u017eiimi saab paigaldada kasutamiseks eraldi valgusti toitekaablist tuleva plussjuhtmega, mis v\u00f5imaldab \u00fchenduse teha n\u00e4iteks eraldi l\u00fcliti tagant. Sel juhul saab paneeli toitere\u017eiimi muuta maanteel lubatud ja PowerBoost\u00ae re\u017eiimi vahel, kui see on vajalik, kasutades selleks l\u00fclitit, n\u00e4iteks s\u00f5iduki kokpitist. Lisaks on lamp vastavalt ECE R10 standardile kaitstud raadioh\u00e4irete eest. Kaheaastane (24 kuud) garantii!<\/p>\n","protected":false},"excerpt":{"rendered":"<p>PureluxPurelux Major S800, 2 x otsajalad, 2 x reguleeritava laiusega s\u00e4\u00e4reosa, toitekaabli vastand, \u00dchendus- ja paigaldusjuhend (FI\/SE\/NO\/DK)<\/p>\n","protected":false},"featured_media":5887,"comment_status":"closed","ping_status":"open","template":"","meta":{"_monsterinsights_skip_tracking":false,"_monsterinsights_sitenote_active":false,"_monsterinsights_sitenote_note":"","_monsterinsights_sitenote_category":0},"product_brand":[],"product_cat":[708],"product_tag":[],"class_list":{"0":"post-5886","1":"product","2":"type-product","3":"status-publish","4":"has-post-thumbnail","6":"product_cat-lisatuled","7":"pa_brand-purelux","8":"pa_kasutusotstarve-lisatulede-paigaldus-autole","9":"pa_uhiku-hind-329-90e-tk","10":"pa_voimsus-320w-ref-50-6000k","12":"first","13":"onbackorder","14":"sale","15":"taxable","16":"shipping-taxable","17":"purchasable","18":"product-type-simple"},"_links":{"self":[{"href":"https:\/\/chemicalstore.ee\/ru\/wp-json\/wp\/v2\/product\/5886","targetHints":{"allow":["GET"]}}],"collection":[{"href":"https:\/\/chemicalstore.ee\/ru\/wp-json\/wp\/v2\/product"}],"about":[{"href":"https:\/\/chemicalstore.ee\/ru\/wp-json\/wp\/v2\/types\/product"}],"replies":[{"embeddable":true,"href":"https:\/\/chemicalstore.ee\/ru\/wp-json\/wp\/v2\/comments?post=5886"}],"wp:featuredmedia":[{"embeddable":true,"href":"https:\/\/chemicalstore.ee\/ru\/wp-json\/wp\/v2\/media\/5887"}],"wp:attachment":[{"href":"https:\/\/chemicalstore.ee\/ru\/wp-json\/wp\/v2\/media?parent=5886"}],"wp:term":[{"taxonomy":"product_brand","embeddable":true,"href":"https:\/\/chemicalstore.ee\/ru\/wp-json\/wp\/v2\/product_brand?post=5886"},{"taxonomy":"product_cat","embeddable":true,"href":"https:\/\/chemicalstore.ee\/ru\/wp-json\/wp\/v2\/product_cat?post=5886"},{"taxonomy":"product_tag","embeddable":true,"href":"https:\/\/chemicalstore.ee\/ru\/wp-json\/wp\/v2\/product_tag?post=5886"}],"curies":[{"name":"wp","href":"https:\/\/api.w.org\/{rel}","templated":true}]}}