{"id":5882,"date":"2024-11-16T14:29:56","date_gmt":"2024-11-16T14:29:56","guid":{"rendered":"https:\/\/chemicalstore.ee\/toode\/listuli-7200-umar-18-cm-wrc-purelux\/"},"modified":"2024-11-16T14:30:11","modified_gmt":"2024-11-16T14:30:11","slug":"lisatuli-7200-umar-18-cm-wrc-purelux","status":"publish","type":"product","link":"https:\/\/chemicalstore.ee\/ru\/toode\/lisatuli-7200-umar-18-cm-wrc-purelux\/","title":{"rendered":"Lisatuli  7200 &#8211; \u00dcmar  18 cm  (WRC) &#8211; Purelux"},"content":{"rendered":"<p>Purelux 7200 on v\u00e4ga suure j\u00f5udlusega \u00fcmmargune 7&#8243; lisavalgusti, mis on nii oma valgusv\u00f5imsuse kui ka muude tippomaduste poolest oma suuruskategooria tipus. See valgusti on varustatud n\u00e4iteks kahev\u00e4rvilise parkimistulega ( valge ja oran\u017e), neutraalne 5000K v\u00e4rvitemperatuur ja kaks erinevat v\u00f5imsusre\u017eiimi, mille vahel saab vahetada vaid nupule vajutades. mis eemaldab piirajad ja vabastab t\u00e4ielikult m\u00f5\u00f5detud valgusv\u00f5imsuse 6562. V\u00f5imsad LED-id koos t\u00e4iustatud l\u00e4\u00e4tse ja reflektortehnoloogiaga loovad kvaliteetse kombineeritud valgusvihu, t\u00e4nu millele on 7200 valgusv\u00f5imsus piisav, et valgustada eesolevat teed kuni 468 meetrit (1 @ luksi), samas kui helkurpinnad suunavad valgust \u00fchtlaselt pingilt pingile.Erinevalt tavap\u00e4rasest ei pea lambi erinevate toitere\u017eiimide aktiveerimiseks lisajuhtmeid \u00fchendama ega lahti \u00fchendama, selle asemel on PowerBoost\u00ae ja maanteere\u017eiimi vahel l\u00fclitumine enneolematult lihtne, vajutades lambi otsas olevat nuppu. Viimati kasutatud v\u00f5imsusre\u017eiim j\u00e4\u00e4b lambi &#8220;m\u00e4llu&#8221; ja seega ei pea te nt maanteel s\u00f5ites muretsema, et vahepeal voolu v\u00e4ljal\u00fclitamisel l\u00fclitub lamp alati maksimaalse v\u00f5imsusega sisse ja auto hakkab uuesti liikuma.M\u00e4rkus! N\u00e4ete selgelt erinevust Purelux PowerBoost\u2122 ja maanteeliiklusre\u017eiimi vahel \u2013 PowerBoost\u00ae re\u017eiim on oluliselt t\u00f5husam ja seda ei tohiks kasutada tavalises maanteeliikluses s\u00f5ites, vaid ainult maastikul.Erinevalt paljudest teistest \u00fcmmargustest lisatuledest on 7200 valgusvihk tavap\u00e4rasest t\u00e4idlasem ning valgus hajub heledast, k\u00fclgsuunas laiast kaugtulest \u00fchtlaselt \u00fcle tee laiuse. K\u00f5rgussuunas on valgusvihk pehmelt piiritletud, et hulkuv valgus ei p\u00e4\u00e4seks asjatult t\u00e4histaeva poole ega keskenduks h\u00e4irivalt vihmast p\u00fchitud asfaldile eesoleval teel\u00f5igul. 7200 ei tekita ka v\u00f6\u00f6ri ette eredat valguskera, mis h\u00e4iriks juhi taju. T\u00e4nu suurep\u00e4rasele valgusvihule ei vaja 7200 toetamiseks laiema v\u00f5i kitsama valgusmustriga lisatulesid ning kahe 7200 v\u00f5imsusega saab ka k\u00f5ige laiema teel\u00f5igu valgustada nii, et metsaloomad v\u00e4lja tr\u00fcgivad. kraavist s\u00f5iduteele ja v\u00e4ikesel m\u00e4el kaugusesse pedaalivaid jalgrattureid on aegsasti m\u00e4rgata. Kahe v\u00f5i enama valgustiga saab ka kiiri suunata kas paralleelselt v\u00f5i \u00fcksteise peale, nii saab valguse suunata just sinna, kuhu seda k\u00f5ige rohkem vaja on.Oma suuruse t\u00f5ttu sobib 7200 suurep\u00e4raselt s\u00f5iduautodesse ja kaubikutesse, kuid t\u00e4nu oma tohutule valgusv\u00f5imsusele ja PowerBoost\u00ae funktsioonile sobib see h\u00e4sti ka maastikus\u00f5idukitele, millega s\u00f5idetakse valgustamata maastikuradadel. p\u00f5hjamaa, mida distsiplineerib pimedus, mis neelab enda \u00fcmber kogu valguse. Toitere\u017eiimi muutmise nupp asub lambi tagak\u00fcljel k\u00e4eulatuses ning see toimib mehaanilise l\u00fclitina, mis t\u00e4hendab, et viimati kasutatud seadistus j\u00e4\u00e4b alati lambi m\u00e4llu.<\/p>\n","protected":false},"excerpt":{"rendered":"<p>Purelux4 x Tarne p\u00f5hisisu, Lisavalgustihoidja Purelux WRC, 4 tulele, Relee kaablikomplekt Purelux Pro Serie 12V, HD DTP (1 tk. 4 v\u00e4ljundit), Tugiraud 4 tk.<\/p>\n","protected":false},"featured_media":5883,"comment_status":"closed","ping_status":"open","template":"","meta":{"_monsterinsights_skip_tracking":false,"_monsterinsights_sitenote_active":false,"_monsterinsights_sitenote_note":"","_monsterinsights_sitenote_category":0},"product_brand":[],"product_cat":[708],"product_tag":[],"class_list":{"0":"post-5882","1":"product","2":"type-product","3":"status-publish","4":"has-post-thumbnail","6":"product_cat-lisatuled","7":"pa_brand-purelux","8":"pa_kasutusotstarve-lisatulede-paigaldus-autole","9":"pa_uhiku-hind-165-58e-tk","10":"pa_voimsus-108w-ref-25-5000k","12":"first","13":"onbackorder","14":"sale","15":"taxable","16":"shipping-taxable","17":"purchasable","18":"product-type-simple"},"_links":{"self":[{"href":"https:\/\/chemicalstore.ee\/ru\/wp-json\/wp\/v2\/product\/5882","targetHints":{"allow":["GET"]}}],"collection":[{"href":"https:\/\/chemicalstore.ee\/ru\/wp-json\/wp\/v2\/product"}],"about":[{"href":"https:\/\/chemicalstore.ee\/ru\/wp-json\/wp\/v2\/types\/product"}],"replies":[{"embeddable":true,"href":"https:\/\/chemicalstore.ee\/ru\/wp-json\/wp\/v2\/comments?post=5882"}],"wp:featuredmedia":[{"embeddable":true,"href":"https:\/\/chemicalstore.ee\/ru\/wp-json\/wp\/v2\/media\/5883"}],"wp:attachment":[{"href":"https:\/\/chemicalstore.ee\/ru\/wp-json\/wp\/v2\/media?parent=5882"}],"wp:term":[{"taxonomy":"product_brand","embeddable":true,"href":"https:\/\/chemicalstore.ee\/ru\/wp-json\/wp\/v2\/product_brand?post=5882"},{"taxonomy":"product_cat","embeddable":true,"href":"https:\/\/chemicalstore.ee\/ru\/wp-json\/wp\/v2\/product_cat?post=5882"},{"taxonomy":"product_tag","embeddable":true,"href":"https:\/\/chemicalstore.ee\/ru\/wp-json\/wp\/v2\/product_tag?post=5882"}],"curies":[{"name":"wp","href":"https:\/\/api.w.org\/{rel}","templated":true}]}}