{"id":5848,"date":"2024-11-16T14:29:56","date_gmt":"2024-11-16T14:29:56","guid":{"rendered":"https:\/\/chemicalstore.ee\/toode\/lisatuli-road-curve-c530-slim-paneel-curve-53-cm-purelux-3\/"},"modified":"2024-11-16T14:30:06","modified_gmt":"2024-11-16T14:30:06","slug":"lisatuli-road-curve-c530-slim-paneel-curve-53-cm-purelux-3","status":"publish","type":"product","link":"https:\/\/chemicalstore.ee\/ru\/toode\/lisatuli-road-curve-c530-slim-paneel-curve-53-cm-purelux-3\/","title":{"rendered":"Lisatuli Road Curve C530 Slim paneel &#8211; Curve 53 cm   &#8211; Purelux"},"content":{"rendered":"<p>Purelux Road Curve C530 Slim on v\u00e4ga t\u00e4pse valgusmustriga graatsiline lisavalguspaneel, mis t\u00f6\u00f6tati v\u00e4lja testid v\u00f5itnud enimm\u00fc\u00fcdud Purelux Road Curve p\u00f5hjal. C530 Slim kulmineerub Curve&#8217;i aastatepikkuse arendust\u00f6\u00f6ga t\u00e4iesti uueks, madala raamiga ja \u00f5hukese raamiga lisavalgustiks, mis on varustatud selle hooaja ihaldatuimate funktsioonidega. Valgustil on maanteeliikluseks optimeeritud kitsas valgusvihk, neutraalne 5000K v\u00e4rvitemperatuur, kaks erinevat v\u00f5imsusre\u017eiimi, valge ja oran\u017e parkimistuli, moodne stiilne tume optika ja raamita objektiiv. T\u00e4nu kahele toitere\u017eiimile saab paneeli sisse l\u00fclitada kas maanteeliikluseks heakskiidetud v\u00e4iksema v\u00f5imsusega re\u017eiimi v\u00f5i maastikul kasutamiseks sobiva Purelux Powerboost\u00ae re\u017eiimi, mis kasutab valguse kogu potentsiaali, moodustades t\u00e4pse kombineeritud valgusvihu. valgus, mis ulatub \u00fcle poole kilomeetri (523 m @ 1 luks) m\u00f5\u00f5detud valgusv\u00f5imsusega 7869 luumenit M\u00e4rkus! Erinevus Purelux PowerBoost\u00ae ja maanteeliiklusre\u017eiimi vahel on selgelt n\u00e4ha kasutusel \u2013 PowerBoost\u00ae re\u017eiim on oluliselt efektiivsem ja seda ei tohiks kasutada tavaliikluses s\u00f5ites, vaid t\u00f5esti ulatuslik lisavalgustitest Rootsis. Road Curve C530 Slim on s\u00e4ilitanud k\u00f5ik p\u00f5hifunktsioonid, kuid neid on veelgi t\u00e4iustatud. \u00dcks enim kiidetud omadusi on Curve t\u00e4pne ja optimaalne valgusvihk, mis s\u00e4ilib ka selles mudelis. Lisaks on valgusti sisse toodud Purelux PowerBoost\u00ae funktsioon, millega saab valgusv\u00f5imsust mitmekordistada nt maastikul kasutamiseks. Paneel on muudetud ka senisest tunduvalt \u00f5hemaks ja madalamaks, mis v\u00f5imaldab kenasti paigaldada k\u00f5ikidesse s\u00f5idukitesse The Road Curve on alati olnud tuntud vertikaalsuunas t\u00e4pselt piiritletud pro\u017eektori poolest ning seda pole muudetud ka Slim mudeli puhul. Lambi valgusvihk l\u00f5ikab v\u00e4lja tarbetu \u00fcles-alla hajutatud valguse, mis v\u00f5imaldab suunata kogu valguse nii kaugele ette kui laialt teeservadesse ehk t\u00e4pselt sinna, kuhu vaja. T\u00e4nu ainulaadsele kiirele t\u00f6\u00f6tab C530 suurep\u00e4raselt teedel, mis tunduvad l\u00f5putult sirged ja ka v\u00e4ga halbades ilmastikutingimustes, sest n\u00e4iteks lumetormi saabudes paneel ei valgusta taevast alla langevaid valgeid n\u00f5udepesulappe, vaid fokuseerib valgus ainult eesoleval teel. Madal valgusvihk v\u00f5imaldab valgusti paigaldada ka praktiliselt igale k\u00f5rgusele ning erinevalt paljudest \u00fcmarama valgusvihuga valgustitest t\u00f6\u00f6tab C530 suurep\u00e4raselt ka kilbi alla paigaldatuna.<\/p>\n","protected":false},"excerpt":{"rendered":"<p>PureluxTarne p\u00f5hisisu, Reguleeritav lisavalgustihoidik EU numbrim\u00e4rgile, Purelux Relee kaablikomplekt Purelux Pro Serie 12V, DT (1 v\u00e4ljund), Klambrid, 2 tk<\/p>\n","protected":false},"featured_media":5849,"comment_status":"closed","ping_status":"open","template":"","meta":{"_monsterinsights_skip_tracking":false,"_monsterinsights_sitenote_active":false,"_monsterinsights_sitenote_note":"","_monsterinsights_sitenote_category":0},"product_brand":[],"product_cat":[708],"product_tag":[],"class_list":{"0":"post-5848","1":"product","2":"type-product","3":"status-publish","4":"has-post-thumbnail","6":"product_cat-lisatuled","7":"pa_brand-purelux","8":"pa_kasutusotstarve-lisatulede-paigaldus-autole","9":"pa_uhiku-hind-322-60e-tk","10":"pa_voimsus-160w-ref-37-5-5000k","12":"first","13":"onbackorder","14":"sale","15":"taxable","16":"shipping-taxable","17":"purchasable","18":"product-type-simple"},"_links":{"self":[{"href":"https:\/\/chemicalstore.ee\/ru\/wp-json\/wp\/v2\/product\/5848","targetHints":{"allow":["GET"]}}],"collection":[{"href":"https:\/\/chemicalstore.ee\/ru\/wp-json\/wp\/v2\/product"}],"about":[{"href":"https:\/\/chemicalstore.ee\/ru\/wp-json\/wp\/v2\/types\/product"}],"replies":[{"embeddable":true,"href":"https:\/\/chemicalstore.ee\/ru\/wp-json\/wp\/v2\/comments?post=5848"}],"wp:featuredmedia":[{"embeddable":true,"href":"https:\/\/chemicalstore.ee\/ru\/wp-json\/wp\/v2\/media\/5849"}],"wp:attachment":[{"href":"https:\/\/chemicalstore.ee\/ru\/wp-json\/wp\/v2\/media?parent=5848"}],"wp:term":[{"taxonomy":"product_brand","embeddable":true,"href":"https:\/\/chemicalstore.ee\/ru\/wp-json\/wp\/v2\/product_brand?post=5848"},{"taxonomy":"product_cat","embeddable":true,"href":"https:\/\/chemicalstore.ee\/ru\/wp-json\/wp\/v2\/product_cat?post=5848"},{"taxonomy":"product_tag","embeddable":true,"href":"https:\/\/chemicalstore.ee\/ru\/wp-json\/wp\/v2\/product_tag?post=5848"}],"curies":[{"name":"wp","href":"https:\/\/api.w.org\/{rel}","templated":true}]}}