{"id":5816,"date":"2024-11-16T14:29:56","date_gmt":"2024-11-16T14:29:56","guid":{"rendered":"https:\/\/chemicalstore.ee\/toode\/listuli-bull-9-umar-23-cm-purelux-3\/"},"modified":"2024-11-16T14:30:01","modified_gmt":"2024-11-16T14:30:01","slug":"lisatuli-bull-9-umar-23-cm-purelux-3","status":"publish","type":"product","link":"https:\/\/chemicalstore.ee\/ru\/toode\/lisatuli-bull-9-umar-23-cm-purelux-3\/","title":{"rendered":"Lisatuli Bull 9 &#8211; \u00fcmar  23 cm   &#8211; Purelux"},"content":{"rendered":"<p>Purelux Bull 9 on \u00fcmmargune lisatuli, mis konkureerib oma klassis, \u00fchendades endas tipptasemel j\u00f5udluse, \u00fche parima kombineeritud valgusvihu turul ja oran\u017ei hoiatustule, mis on R65 standardi j\u00e4rgi maanteeliikluseks heaks kiidetud. See uue p\u00f5lvkonna lisatuli on m\u00f5eldud spetsiaalselt rasketehnikale, t\u00f6\u00f6masinatele, kaubikutele ja praktiliselt k\u00f5ikidele sellistele s\u00f5idukitele, millega s\u00f5idetakse nii teedel kui ehitusobjektidel, kuid t\u00e4nu erakordselt heale valgusvihule sobib see suurep\u00e4raselt ka neile, kes ainult maanteel s\u00f5ita. Selleks, et lamp t\u00f6\u00f6taks parimal v\u00f5imalikul viisil v\u00f5imalikult paljudel eesm\u00e4rkidel, on see varustatud ka kahe erineva v\u00f5imsusre\u017eiimiga: piiratud re\u017eiim v\u00f5imaldab vastuv\u00f5etavat kasutamist maanteeliikluses, PowerBoost\u00ae re\u017eiim aga kasutab \u00e4ra kogu lambi potentsiaali. lamp alati, kui olukord seda n\u00f5uab \u2013 olenemata piirangutest. Kui PowerBoost\u00ae on sisse l\u00fclitatud, plahvatab valgus m\u00f5\u00f5detud valgusv\u00f5imsusega kuni 14233 luumenit rohkem kui poole kilomeetrini (@ 1 luks), muutes s\u00f5idukit \u00fcmbritseva l\u00f5putu pimeduse. alistuda isegi t\u00e4iesti valgustamata ja v\u00e4ljakutseid pakkuvatel maastikumarsruutidel. Bull 9 pole mitte ainult ilus avaldus, vaid k\u00f5ik selle omadused on optimeeritud kahte asja silmas pidades: valgusel peab olema kvaliteetne p\u00f5hjamaa teedele sobiv valgusvihk, mis tagab n\u00e4htavuse nii kaugele ette kui ka laiale. tee servad, samuti erakordsed j\u00f5udlusv\u00f5imed maastikul ja ehitusplatsil s\u00f5ltumata s\u00f5idumarsruudist v\u00f5i muudest v\u00e4listest teguritest. Erinevus Purelux PowerBoost\u00ae ja maanteeliiklusre\u017eiimi vahel on kasutamisel selgelt n\u00e4ha &#8211; PowerBoost\u00ae re\u017eiim on oluliselt t\u00f5husam ja seda ei tohiks kasutada tavaliikluses s\u00f5ites, ainult maastikul Bull 9 valgusvihk koosneb a keskelt kaugele ulatuv, lai ja intensiivne kaugtuli, mis suunab valguse kogu tee laiusest kaugele ette, valgustades samal ajal erakordselt \u00fchtlaselt teed piirnevaid kaldaid. Vertikaalses suunas on valgusvihk pehmelt piiritletud, mis t\u00e4hendab, et valgust ei suunata asjatult taeva poole, vaid valgusvihk on siiski piisavalt k\u00f5rge, et s\u00f5ita ka rulluval maastikul. Bulli valgusvihu teeb ainulaadseks see, et sarnaselt paljudele teistele lisatuledele ei tekita see mingeid leebeid, juhi n\u00e4htavust h\u00e4irivaid efekte, n\u00e4iteks ere valguskera v\u00f6\u00f6ri ees v\u00f5i hajutatud valguspeegeldusi valgusvihu servadel. Ellips-stiilis pro\u017eektor sobib nii numbrim\u00e4rgi kohale kui ka katusele paigaldamiseks, seega on tegemist v\u00e4ga mitmek\u00fclgse valgustiga.<\/p>\n","protected":false},"excerpt":{"rendered":"<p>Purelux4 x Tarne p\u00f5hisisu, Lisavalgustihoidja Purelux HD, 4 tulele, Relee kaablikomplekt Purelux Pro Serie 12V, HD DTP, (1 tk. 4 v\u00e4ljundit),Tugiraud, 4 tk.<\/p>\n","protected":false},"featured_media":5817,"comment_status":"closed","ping_status":"open","template":"","meta":{"_monsterinsights_skip_tracking":false,"_monsterinsights_sitenote_active":false,"_monsterinsights_sitenote_note":"","_monsterinsights_sitenote_category":0},"product_brand":[],"product_cat":[708],"product_tag":[],"class_list":{"0":"post-5816","1":"product","2":"type-product","3":"status-publish","4":"has-post-thumbnail","6":"product_cat-lisatuled","7":"pa_brand-purelux","8":"pa_kasutusotstarve-lisatulede-paigaldus-autole","9":"pa_uhiku-hind-255-58e-tk","10":"pa_voimsus-240w-ref-25-5000k","12":"first","13":"onbackorder","14":"sale","15":"taxable","16":"shipping-taxable","17":"purchasable","18":"product-type-simple"},"_links":{"self":[{"href":"https:\/\/chemicalstore.ee\/ru\/wp-json\/wp\/v2\/product\/5816","targetHints":{"allow":["GET"]}}],"collection":[{"href":"https:\/\/chemicalstore.ee\/ru\/wp-json\/wp\/v2\/product"}],"about":[{"href":"https:\/\/chemicalstore.ee\/ru\/wp-json\/wp\/v2\/types\/product"}],"replies":[{"embeddable":true,"href":"https:\/\/chemicalstore.ee\/ru\/wp-json\/wp\/v2\/comments?post=5816"}],"wp:featuredmedia":[{"embeddable":true,"href":"https:\/\/chemicalstore.ee\/ru\/wp-json\/wp\/v2\/media\/5817"}],"wp:attachment":[{"href":"https:\/\/chemicalstore.ee\/ru\/wp-json\/wp\/v2\/media?parent=5816"}],"wp:term":[{"taxonomy":"product_brand","embeddable":true,"href":"https:\/\/chemicalstore.ee\/ru\/wp-json\/wp\/v2\/product_brand?post=5816"},{"taxonomy":"product_cat","embeddable":true,"href":"https:\/\/chemicalstore.ee\/ru\/wp-json\/wp\/v2\/product_cat?post=5816"},{"taxonomy":"product_tag","embeddable":true,"href":"https:\/\/chemicalstore.ee\/ru\/wp-json\/wp\/v2\/product_tag?post=5816"}],"curies":[{"name":"wp","href":"https:\/\/api.w.org\/{rel}","templated":true}]}}