{"id":5768,"date":"2024-11-16T14:29:40","date_gmt":"2024-11-16T14:29:40","guid":{"rendered":"https:\/\/chemicalstore.ee\/toode\/listuli-heat-7200-umar-18-cm-purelux\/"},"modified":"2024-11-16T14:29:53","modified_gmt":"2024-11-16T14:29:53","slug":"lisatuli-heat-7200-umar-18-cm-purelux","status":"publish","type":"product","link":"https:\/\/chemicalstore.ee\/ru\/toode\/lisatuli-heat-7200-umar-18-cm-purelux\/","title":{"rendered":"Lisatuli Heat 7200 &#8211; \u00fcmar  18 cm   &#8211; Purelux"},"content":{"rendered":"<p>Purelux Heat 7200 on t\u00e4iesti unikaalne \u00fcmmargune lisavalgusti, mis \u00fchendab endas suurep\u00e4rase j\u00f5udluse, elemendid pika ja pimeda talve \u00fcletamiseks ning funktsioonid, mis parandavad oluliselt s\u00f5idukogemust samas valguses \u2013 kasutades t\u00e4nap\u00e4eva parimat tehnoloogiat! Moodne tumeda optika ja profiiliga viimistletud Heat 7200 sisaldab nt. raamita ja automaatselt soojendusega objektiiv, aastaringselt vastupidav konstruktsioon, valge ja oran\u017e parkimistuli ning kaks erinevat toitere\u017eiimi. T\u00e4nu t\u00e4iustatud reflektortehnoloogiale ja t\u00f5husatele LED-idele on sellel ka suurep\u00e4rane kombineeritud valgusvihk, mis valgustab teie ees olevat laia teel\u00f5iku peaaegu poole kilomeetri ulatuses m\u00f5\u00f5detud valgusv\u00f5imsusega kuni 6039 luumenit (Purelux PowerBoost\u00ae). muda, mis pritsib paratamatult sinult objektiivile hetkega, kasutades ainulaadset ja energias\u00e4\u00e4stlikku tehnoloogiat: valguse m\u00f5lemal k\u00fcljel asuvad k\u00fcttetakistid juhivad soojust l\u00e4bi karastatud klaasist l\u00e4\u00e4tse kogu l\u00e4\u00e4tse esiosani, sulades seda kiiresti. Erinevalt paljudest teistest soojendusega l\u00e4\u00e4tsega varustatud lisatuledest saab Heat 7200 \u00fchendada l\u00e4\u00e4tse soojendamiseks kas traditsioonilisel viisil, alati lisatule p\u00f5lemisel v\u00f5i juba auto k\u00e4ivitamise staadiumis. L\u00e4\u00e4tse saab seega sulatada juba tagaaias enne teele asumist v\u00f5i vahetult p\u00e4rast seda, et pimedale teel\u00f5igule j\u00f5udes miski valgust ei piiraks! K\u00fctteelemendid l\u00fclituvad automaatselt sisse ja v\u00e4lja, kui temperatuur t\u00f5useb \u00fcle 70\u00b0C. Soovi korral saab k\u00fcttejuhtme \u00fchendada ka eraldi l\u00fcliti taha, nii saab juht ise valida, millal on sisse l\u00fclitatud lisatulede takistid. Ehteks on kroonis loomulikult Pureluxile iseloomulik PowerBoost\u00ae re\u017eiim, mis v\u00f5imaldab nii maanteeliikluseks lubatud piiratud v\u00f5imsusega re\u017eiimi kasutamine ja maastikul liiklemiseks m\u00f5eldud piiramatu valgusv\u00f5imsuse kasutamine. Kui PowerBoost\u00ae on sisse l\u00fclitatud, on \u00fche valgusti m\u00f5\u00f5detud ulatus kuni 435 meetrit (@ 1 luks) ning loomulikult saab kahe v\u00f5i enama tulega nii valgusvihu laiust kui ka ulatust veelgi suurendada. Toitere\u017eiime saab muuta vaid lambi tagak\u00fcljel asuvale nupule vajutades, seega pole vaja eraldi \u00fchendusi teha!<\/p>\n","protected":false},"excerpt":{"rendered":"<p>Purelux2 x Tarne p\u00f5hisisu, Lisavalgustihoidik EU numbrim\u00e4rgile, Purelux, 2 tulele, Relee kaablikomplekt Purelux Pro Serie 12V, HD DTP (2 v\u00e4ljundit), Bracket Purelux Stabilisaator, 2 tk<\/p>\n","protected":false},"featured_media":5769,"comment_status":"closed","ping_status":"open","template":"","meta":{"_monsterinsights_skip_tracking":false,"_monsterinsights_sitenote_active":false,"_monsterinsights_sitenote_note":"","_monsterinsights_sitenote_category":0},"product_brand":[],"product_cat":[708],"product_tag":[],"class_list":{"0":"post-5768","1":"product","2":"type-product","3":"status-publish","4":"has-post-thumbnail","6":"product_cat-lisatuled","7":"pa_brand-purelux","8":"pa_kasutusotstarve-lisatulede-paigaldus-autole","9":"pa_uhiku-hind-210-25e-tk","10":"pa_voimsus-135w-ref-25-5000k","12":"first","13":"onbackorder","14":"sale","15":"taxable","16":"shipping-taxable","17":"purchasable","18":"product-type-simple"},"_links":{"self":[{"href":"https:\/\/chemicalstore.ee\/ru\/wp-json\/wp\/v2\/product\/5768","targetHints":{"allow":["GET"]}}],"collection":[{"href":"https:\/\/chemicalstore.ee\/ru\/wp-json\/wp\/v2\/product"}],"about":[{"href":"https:\/\/chemicalstore.ee\/ru\/wp-json\/wp\/v2\/types\/product"}],"replies":[{"embeddable":true,"href":"https:\/\/chemicalstore.ee\/ru\/wp-json\/wp\/v2\/comments?post=5768"}],"wp:featuredmedia":[{"embeddable":true,"href":"https:\/\/chemicalstore.ee\/ru\/wp-json\/wp\/v2\/media\/5769"}],"wp:attachment":[{"href":"https:\/\/chemicalstore.ee\/ru\/wp-json\/wp\/v2\/media?parent=5768"}],"wp:term":[{"taxonomy":"product_brand","embeddable":true,"href":"https:\/\/chemicalstore.ee\/ru\/wp-json\/wp\/v2\/product_brand?post=5768"},{"taxonomy":"product_cat","embeddable":true,"href":"https:\/\/chemicalstore.ee\/ru\/wp-json\/wp\/v2\/product_cat?post=5768"},{"taxonomy":"product_tag","embeddable":true,"href":"https:\/\/chemicalstore.ee\/ru\/wp-json\/wp\/v2\/product_tag?post=5768"}],"curies":[{"name":"wp","href":"https:\/\/api.w.org\/{rel}","templated":true}]}}