{"id":5755,"date":"2024-11-16T14:29:40","date_gmt":"2024-11-16T14:29:40","guid":{"rendered":"https:\/\/chemicalstore.ee\/toode\/listuli-panther-aero-s1050-paneel-sirge-103cm-juhtmekomplekt-purelux\/"},"modified":"2024-11-16T14:29:52","modified_gmt":"2024-11-16T14:29:52","slug":"lisatuli-panther-aero-s1050-paneel-sirge-103cm-juhtmekomplekt-purelux","status":"publish","type":"product","link":"https:\/\/chemicalstore.ee\/ru\/toode\/lisatuli-panther-aero-s1050-paneel-sirge-103cm-juhtmekomplekt-purelux\/","title":{"rendered":"Lisatuli Panther Aero S1050 paneel- sirge  103cm + Juhtmekomplekt &#8211; Purelux"},"content":{"rendered":"<p>Purelux Panther Aero S1050 on \u00e4\u00e4rmiselt \u00f5huke ja madala profiiliga lisavalgusti, mis on m\u00f5eldud kasutamiseks raskemate s\u00f5idukite, n\u00e4iteks maasturite, kaubikute ja veoautode varustuses. T\u00e4nu oma pikkusele (1026 mm) sobib see valgusti k\u00f5ige paremini paigaldada s\u00f5iduki katusele, kus saab \u00e4ra kasutada paneeli aerod\u00fcnaamikat ning lisaks avaneb k\u00f5rgele paigaldades selle valgusvihk v\u00e4ga \u00fchtlaselt, k\u00fcljelt k\u00fcljele. pikast teel\u00f5igust tulede ees. Nagu k\u00f5ik teised Purelux Pantheri lisatuled, on ka see mudel kahe v\u00f5imsusega: valgustit saab kasutada kas maanteeliikluseks heakskiidetud piiratud v\u00f5imsusega re\u017eiimis v\u00f5i t\u00e4isv\u00f5imsust vabastavas re\u017eiimis Purelux PowerBoost\u00ae, kus tuli toodab m\u00f5\u00f5detud valgusv\u00f5imsust. \u00fcle 16 000 luumeni ja ulatus 586 meetrit 1 luksi m\u00f5\u00f5detud ulatusega! Muljetavaldav ja suure j\u00f5udlusega valgusti professionaalsete juhtide n\u00f5udlikele vajadustele Panther Aero S1050 pole mitte ainult suure j\u00f5udlusega, vaid ka v\u00e4ga stiilne ja kaasaegne lisavalgusti. See h\u00f5lmab nt. ainulaadne kahev\u00e4rviline parkimistuli, stiilne tume optika ja raamita objektiiv, mis garanteerib viimistletud v\u00e4limuse. K\u00f5ik see koos tule madala kerega (k\u00f5rgus vaid 42 mm) teeb Purelux Panther Aero S1050-st suurejoonelise t\u00e4ienduse kogu s\u00f5idukile. Panther Aero S1050 valgusvihk sobib suurep\u00e4raselt l\u00f5putuna n\u00e4ivate pimedate teede taltsutamiseks! meie riik. See mitte ainult ei valgusta kaugelt otse ette, vaid valgusmuster avaneb eredalt ka pinkidel ja teeservadel, tekitamata auto ette h\u00e4irivat valguskera. Lisaks on valgusmuster pehmelt piiritletud \u00fcles-alla suunas, et valgus oleks suunatud t\u00e4pselt sinna, kuhu seda k\u00f5ige rohkem vaja on ning t\u00e4nu sellele on v\u00f5imalik lamp paigaldada mitte ainult katusele, vaid ka l\u00e4hemale. teepinnale, nt veoauto kaitserauale, kui paigalduskaugus on piisav. Pantheri kvaliteetne valgusmuster suurendab oluliselt s\u00f5iduohutust, sest saad juhina rohkem reaktsiooniaega nt \u00fcle tee jooksvate metsaloomade v\u00f5i ees ootavate takistuste korral.<\/p>\n","protected":false},"excerpt":{"rendered":"<p>PureluxTarne p\u00f5hisisu, Relee juhtmestiku komplekt Purelux HD, 12V, M\u00e4rkus! Suure v\u00f5imsuse t\u00f5ttu ei ole valgustis ega juhtmestikus pistikuid, seega tuleb \u00fchendus ise teha.<\/p>\n","protected":false},"featured_media":5756,"comment_status":"closed","ping_status":"open","template":"","meta":{"_monsterinsights_skip_tracking":false,"_monsterinsights_sitenote_active":false,"_monsterinsights_sitenote_note":"","_monsterinsights_sitenote_category":0},"product_brand":[],"product_cat":[708],"product_tag":[],"class_list":{"0":"post-5755","1":"product","2":"type-product","3":"status-publish","4":"has-post-thumbnail","6":"product_cat-lisatuled","7":"pa_brand-purelux","8":"pa_kasutusotstarve-lisatulede-paigaldus-autole","9":"pa_uhiku-hind-429-80e-tk","10":"pa_voimsus-216w-ref-50-5000k","12":"first","13":"onbackorder","14":"sale","15":"taxable","16":"shipping-taxable","17":"purchasable","18":"product-type-simple"},"_links":{"self":[{"href":"https:\/\/chemicalstore.ee\/ru\/wp-json\/wp\/v2\/product\/5755","targetHints":{"allow":["GET"]}}],"collection":[{"href":"https:\/\/chemicalstore.ee\/ru\/wp-json\/wp\/v2\/product"}],"about":[{"href":"https:\/\/chemicalstore.ee\/ru\/wp-json\/wp\/v2\/types\/product"}],"replies":[{"embeddable":true,"href":"https:\/\/chemicalstore.ee\/ru\/wp-json\/wp\/v2\/comments?post=5755"}],"wp:featuredmedia":[{"embeddable":true,"href":"https:\/\/chemicalstore.ee\/ru\/wp-json\/wp\/v2\/media\/5756"}],"wp:attachment":[{"href":"https:\/\/chemicalstore.ee\/ru\/wp-json\/wp\/v2\/media?parent=5755"}],"wp:term":[{"taxonomy":"product_brand","embeddable":true,"href":"https:\/\/chemicalstore.ee\/ru\/wp-json\/wp\/v2\/product_brand?post=5755"},{"taxonomy":"product_cat","embeddable":true,"href":"https:\/\/chemicalstore.ee\/ru\/wp-json\/wp\/v2\/product_cat?post=5755"},{"taxonomy":"product_tag","embeddable":true,"href":"https:\/\/chemicalstore.ee\/ru\/wp-json\/wp\/v2\/product_tag?post=5755"}],"curies":[{"name":"wp","href":"https:\/\/api.w.org\/{rel}","templated":true}]}}