{"id":5742,"date":"2024-11-16T14:29:40","date_gmt":"2024-11-16T14:29:40","guid":{"rendered":"https:\/\/chemicalstore.ee\/toode\/lisatuli-panther-aero-s800-paneel-sirge-78cm-purelux\/"},"modified":"2024-11-16T14:29:50","modified_gmt":"2024-11-16T14:29:50","slug":"lisatuli-panther-aero-s800-paneel-sirge-78cm-purelux","status":"publish","type":"product","link":"https:\/\/chemicalstore.ee\/ru\/toode\/lisatuli-panther-aero-s800-paneel-sirge-78cm-purelux\/","title":{"rendered":"Lisatuli Panther Aero S800 paneel- sirge 78cm &#8211; Purelux"},"content":{"rendered":"<p>Purelux Panther Aero S800 esindab stiilselt oma suurusklassi parimat madala profiiliga lisavalgustit! Tegemist on v\u00e4ga sihvaka ja aerod\u00fcnaamilise kujuga lisavalgustusega, milles on lisaks kaasaegsele v\u00e4limusele \u00fchendatud nii kvaliteetne viimistlus kui ka tippomadused, mis on justkui loodud meie riigi pimedatele teedele. Tumeda optika ja raamita objektiiviga viimistletud madala profiiliga Panther Aero S800 on varustatud ka nt. kahev\u00e4rvilise parkimistulega, aastaringsed tingimused vastupidava konstruktsiooniga ja kahe erineva v\u00f5imsusre\u017eiimiga. Valgustit saab valida kasutamiseks kas piiratud v\u00f5imsusega maanteeliikluseks heakskiidetud re\u017eiimis v\u00f5i t\u00e4isv\u00f5imsust vabastavas Purelux PowerBoost\u00ae re\u017eiimis, kus lamp pakub m\u00f5\u00f5detud valgusv\u00f5imsust kuni 12361 luumenit ja m\u00f5\u00f5detud ulatust 550 meetrit @ 1 lux Panther Aero S800 on suurep\u00e4rane valik nii professionaalsete kui ka eraliiklejate valgustusvajadusteks ning seda saab kasutada nii rasketehnika kui ka tavaliste kaubikute ja s\u00f5iduautode varustuse osana. T\u00e4nu madalale struktuurile saab seda paigaldada ka kitsastesse kohtadesse, n\u00e4iteks p\u00f5rkeraudade vahele, muutes valgusti korralikuks ja m\u00e4rkamatuks osaks kogu s\u00f5idukist. Kompaktne disain koos tumeda v\u00e4limuse ja muude stiili t\u00f5stvate elementidega muudab Purelux Panther Aero S800 suurejooneliseks lisandiks igale s\u00f5idukile. Panther Aero S800 esituli sobib suurep\u00e4raselt meie riigi l\u00f5putuna n\u00e4ivate pimedate teede taltsutamiseks. See mitte ainult ei valgusta kaugelt otse ette, vaid valgusmuster avaneb eredalt ka pinkidel ja teeservadel, tekitamata auto ette h\u00e4irivat valguskera. Lisaks on valgusmuster pehmelt piiratud suunaga \u00fcles-alla, et valgus oleks suunatud just sinna, kuhu seda k\u00f5ige rohkem vaja on ning t\u00e4nu sellele on v\u00f5imalik lamp paigaldada teekatte l\u00e4hedale, nt alla numbrim\u00e4rk \u00f5huv\u00f5tuavas. Kuid valgusvihk on piisavalt k\u00f5rge ka laepaigaldiste jaoks, kus paneeli aerod\u00fcnaamika tagab madala \u00f5hutakistuse! Pantheri kvaliteetne valgusmuster suurendab oluliselt s\u00f5iduohutust, sest saad juhina rohkem reaktsiooniaega nt \u00fcle tee jooksvate metsaloomade v\u00f5i ees ootavate takistuste korral.<\/p>\n","protected":false},"excerpt":{"rendered":"<p>PureluxTarne p\u00f5hisisu, EL numbrim\u00e4rgi lisavalgustihoidja, Purelux Relee kaablikomplekt Purelux Pro Serie 12V, HD DTP (1 v\u00e4ljund)<\/p>\n","protected":false},"featured_media":5743,"comment_status":"closed","ping_status":"open","template":"","meta":{"_monsterinsights_skip_tracking":false,"_monsterinsights_sitenote_active":false,"_monsterinsights_sitenote_note":"","_monsterinsights_sitenote_category":0},"product_brand":[],"product_cat":[708],"product_tag":[],"class_list":{"0":"post-5742","1":"product","2":"type-product","3":"status-publish","4":"has-post-thumbnail","6":"product_cat-lisatuled","7":"pa_brand-purelux","8":"pa_kasutusotstarve-lisatulede-paigaldus-autole","9":"pa_uhiku-hind-327-70e-tk","10":"pa_voimsus-162w-ref-50-5000k","12":"first","13":"onbackorder","14":"sale","15":"taxable","16":"shipping-taxable","17":"purchasable","18":"product-type-simple"},"_links":{"self":[{"href":"https:\/\/chemicalstore.ee\/ru\/wp-json\/wp\/v2\/product\/5742","targetHints":{"allow":["GET"]}}],"collection":[{"href":"https:\/\/chemicalstore.ee\/ru\/wp-json\/wp\/v2\/product"}],"about":[{"href":"https:\/\/chemicalstore.ee\/ru\/wp-json\/wp\/v2\/types\/product"}],"replies":[{"embeddable":true,"href":"https:\/\/chemicalstore.ee\/ru\/wp-json\/wp\/v2\/comments?post=5742"}],"wp:featuredmedia":[{"embeddable":true,"href":"https:\/\/chemicalstore.ee\/ru\/wp-json\/wp\/v2\/media\/5743"}],"wp:attachment":[{"href":"https:\/\/chemicalstore.ee\/ru\/wp-json\/wp\/v2\/media?parent=5742"}],"wp:term":[{"taxonomy":"product_brand","embeddable":true,"href":"https:\/\/chemicalstore.ee\/ru\/wp-json\/wp\/v2\/product_brand?post=5742"},{"taxonomy":"product_cat","embeddable":true,"href":"https:\/\/chemicalstore.ee\/ru\/wp-json\/wp\/v2\/product_cat?post=5742"},{"taxonomy":"product_tag","embeddable":true,"href":"https:\/\/chemicalstore.ee\/ru\/wp-json\/wp\/v2\/product_tag?post=5742"}],"curies":[{"name":"wp","href":"https:\/\/api.w.org\/{rel}","templated":true}]}}