{"id":5734,"date":"2024-11-16T14:29:40","date_gmt":"2024-11-16T14:29:40","guid":{"rendered":"https:\/\/chemicalstore.ee\/toode\/listuli-panther-aero-s540-paneel-sirge-54-cm-xbb-obd-dongle-powerunit-uhendusrelee-purelux-2\/"},"modified":"2024-11-16T14:29:49","modified_gmt":"2024-11-16T14:29:49","slug":"lisatuli-panther-aero-s540-paneel-sirge-54-cm-xbb-obd-dongle-powerunit-uhendusrelee-purelux","status":"publish","type":"product","link":"https:\/\/chemicalstore.ee\/ru\/toode\/lisatuli-panther-aero-s540-paneel-sirge-54-cm-xbb-obd-dongle-powerunit-uhendusrelee-purelux\/","title":{"rendered":"Lisatuli Panther Aero S540 paneel -sirge 54 cm + XBB OBD Dongle &#038; PowerUnit \u00fchendusrelee &#8211; Purelux"},"content":{"rendered":"<p>Purelux Panther Aero S540 esindab stiilselt k\u00f5ige populaarsemat lisavalguspaneelide suurusklassi. Tegemist on v\u00e4ga sihvaka ja aerod\u00fcnaamilise disainiga lisavalgusega, milles on lisaks modernsele v\u00e4limusele \u00fchendatud nii suurep\u00e4rane suuruse ja v\u00f5imsuse suhe kui ka tippomadused, mis on justkui loodud meie riigi pimedatele teedele. Tumeda optika ja raamita objektiiviga viimistletud madala profiiliga Panther Aero S540 on varustatud ka nt. kahev\u00e4rvilise parkimistulega, aastaringsed tingimused vastupidava konstruktsiooniga ja kahe erineva v\u00f5imsusre\u017eiimiga. Valgustit saab kasutada kas maanteeliikluseks heaks kiidetud piiratud v\u00f5imsusega re\u017eiimis v\u00f5i t\u00e4isv\u00f5imsust vabastavas re\u017eiimis Purelux PowerBoost\u00ae, kus lamp pakub m\u00f5\u00f5detud valgusv\u00f5imsust kuni 8151 luumenit ja m\u00f5\u00f5detud ulatust 479 meetrit @ 1 lux Panther Aero S540 on suurep\u00e4rane valik nii professionaalsete kui ka eraautojuhtide valgustusvajaduste jaoks ning sobib oma suuruse poolest ideaalselt, alates s\u00f5iduautodest kuni raskeveokiteni. T\u00e4nu madalale raamile saab paneeli paigaldada ka kitsastesse kohtadesse, n\u00e4iteks kaitseraua vahele v\u00f5i t\u00e4ielikult maski taha. Kompaktne disain koos tumeda v\u00e4limuse ja muude stiili lisavate elementidega muudab Purelux Panther Aero S540 suurejooneliseks lisandiks igale s\u00f5idukile. Panther Aero 540 valgusvihk sobib suurep\u00e4raselt meie riigi l\u00f5putult pikkade pimedate teede taltsutamiseks. See mitte ainult ei valgusta kaugelt otse ette, vaid valgusmuster avaneb eredalt ka pinkidel ja teeservadel, tekitamata auto ette h\u00e4irivat valguskera. Lisaks on valgusmuster pehmelt piiratud suunaga \u00fcles-alla, et valgus oleks suunatud just sinna, kuhu seda k\u00f5ige rohkem vaja on ning t\u00e4nu sellele on v\u00f5imalik lamp paigaldada teekatte l\u00e4hedale, nt alla numbrim\u00e4rk \u00f5huv\u00f5tuavas. Kuid valgusvihk on piisavalt k\u00f5rge ka laepaigaldiste jaoks, kus paneeli aerod\u00fcnaamika tagab madala \u00f5hutakistuse! Pantheri kvaliteetne valgusmuster suurendab oluliselt s\u00f5iduohutust, sest saad juhina rohkem reaktsiooniaega nt \u00fcle tee jooksvate metsaloomade v\u00f5i ees ootavate takistuste korral.<\/p>\n","protected":false},"excerpt":{"rendered":"<p>PureluxTarne p\u00f5hisisu, Reguleeritav lisavalgustihoidik EU numbrim\u00e4rgile, Purelux, Relee kaablikomplekt Purelux Pro Serie 12V, DT-2 (1 v\u00e4ljund), Klambrid, 2 tk,XBB OBD Dongle &#038; PowerUnit \u00fchendusrelee<\/p>\n","protected":false},"featured_media":5735,"comment_status":"closed","ping_status":"open","template":"","meta":{"_monsterinsights_skip_tracking":false,"_monsterinsights_sitenote_active":false,"_monsterinsights_sitenote_note":"","_monsterinsights_sitenote_category":0},"product_brand":[],"product_cat":[708],"product_tag":[],"class_list":{"0":"post-5734","1":"product","2":"type-product","3":"status-publish","4":"has-post-thumbnail","6":"product_cat-lisatuled","7":"pa_brand-purelux","8":"pa_kasutusotstarve-lisatulede-paigaldus-autole","9":"pa_uhiku-hind-491-60e-tk","10":"pa_voimsus-108w-ref-25-5000k","12":"first","13":"onbackorder","14":"sale","15":"taxable","16":"shipping-taxable","17":"purchasable","18":"product-type-simple"},"_links":{"self":[{"href":"https:\/\/chemicalstore.ee\/ru\/wp-json\/wp\/v2\/product\/5734","targetHints":{"allow":["GET"]}}],"collection":[{"href":"https:\/\/chemicalstore.ee\/ru\/wp-json\/wp\/v2\/product"}],"about":[{"href":"https:\/\/chemicalstore.ee\/ru\/wp-json\/wp\/v2\/types\/product"}],"replies":[{"embeddable":true,"href":"https:\/\/chemicalstore.ee\/ru\/wp-json\/wp\/v2\/comments?post=5734"}],"wp:featuredmedia":[{"embeddable":true,"href":"https:\/\/chemicalstore.ee\/ru\/wp-json\/wp\/v2\/media\/5735"}],"wp:attachment":[{"href":"https:\/\/chemicalstore.ee\/ru\/wp-json\/wp\/v2\/media?parent=5734"}],"wp:term":[{"taxonomy":"product_brand","embeddable":true,"href":"https:\/\/chemicalstore.ee\/ru\/wp-json\/wp\/v2\/product_brand?post=5734"},{"taxonomy":"product_cat","embeddable":true,"href":"https:\/\/chemicalstore.ee\/ru\/wp-json\/wp\/v2\/product_cat?post=5734"},{"taxonomy":"product_tag","embeddable":true,"href":"https:\/\/chemicalstore.ee\/ru\/wp-json\/wp\/v2\/product_tag?post=5734"}],"curies":[{"name":"wp","href":"https:\/\/api.w.org\/{rel}","templated":true}]}}