{"id":5708,"date":"2024-11-16T14:29:40","date_gmt":"2024-11-16T14:29:40","guid":{"rendered":"https:\/\/chemicalstore.ee\/toode\/lisatuli-panther-aero-s300-paneel-sirge-30-cm-purelux-4\/"},"modified":"2024-11-16T14:29:45","modified_gmt":"2024-11-16T14:29:45","slug":"lisatuli-panther-aero-s300-paneel-sirge-30-cm-purelux-4","status":"publish","type":"product","link":"https:\/\/chemicalstore.ee\/ru\/toode\/lisatuli-panther-aero-s300-paneel-sirge-30-cm-purelux-4\/","title":{"rendered":"Lisatuli Panther Aero S300 paneel &#8211; sirge 30 cm  &#8211; Purelux"},"content":{"rendered":"<p>Purelux Panther Aero S300 on v\u00e4ga kompaktne ja aerod\u00fcnaamilise kujuga lisavalguspaneel, mis lisaks moodsale v\u00e4limusele \u00fchendab endas nii suurep\u00e4rase suuruse ja v\u00f5imsuse suhte kui ka s\u00f5idukogemust parandavad tippomadused! Tumeda optika ja raamita objektiiviga viimistletud madala profiiliga Panther Aero S300 on varustatud ka nt. kahev\u00e4rvilise parkimistulega, aastaringsed tingimused vastupidava konstruktsiooniga ja kahe erineva v\u00f5imsusre\u017eiimiga. Valgustit saab valida kasutamiseks kas maanteeliikluseks heakskiidetud piiratud v\u00f5imsusega re\u017eiimis v\u00f5i t\u00e4isv\u00f5imsust vabastavas Purelux PowerBoost\u00ae re\u017eiimis, kus lamp pakub m\u00f5\u00f5detud valgusv\u00f5imsust kuni 3930 luumenit ja m\u00f5\u00f5detud ulatust 352 meetrit @ 1 luks! V\u00e4ikese valgustina on Purelux Panther Aero S300 seega igati v\u00f5imekas ning seda on v\u00f5imalik oma m\u00f5\u00f5tmetelt silmatorkamatult paigaldada nt grillidele v\u00f5i juba olemasolevat valgustuss\u00fcsteemi t\u00e4iendada n\u00e4iteks veoautosse. Lisaks sobib valgus suurep\u00e4raselt ATV-dele, k\u00f5rvuti v\u00f5idus\u00f5idum\u00e4ngudele ja isegi mootorratastele lisavalguseks. Olgu paigalduse sihiks s\u00f5iduauto v\u00f5i kaubik, hobis\u00f5iduk v\u00f5i veoauto, Purelux Panther Aero S300 muudab teie s\u00f5idukogemuse oluliselt paremaks \u2013 suurep\u00e4rane valik nii professionaalseks kui eras\u00f5iduks Panther Aero S300 esituli sobib suurep\u00e4raselt taltsutamiseks! meie riigi l\u00f5putuna n\u00e4ivad pimedad teed. See mitte ainult ei valgusta kaugelt otse ette, vaid valgusmuster avaneb eredalt ka pinkidel ja teeservadel, tekitamata auto ette h\u00e4irivat valguskera. Lisaks on valgusmuster pehmelt piiratud suunaga \u00fcles-alla, et valgus oleks suunatud just sinna, kuhu seda k\u00f5ige rohkem vaja on ning t\u00e4nu sellele on v\u00f5imalik lamp paigaldada ka teepinna l\u00e4hedale, nt alla numbrim\u00e4rk \u00f5huv\u00f5tuavas. Pantheri kvaliteetne valgusmuster suurendab oluliselt s\u00f5iduohutust, sest saad juhina rohkem reaktsiooniaega nt \u00fcle tee jooksvate metsaloomade v\u00f5i ees ootavate takistuste korral. Kahe v\u00f5i enama lambi abil saate veelgi rohkem valgustusv\u00f5imalusi ja saate luua oma vajadustele vastava. Pro\u017eektorid saad suunata kas k\u00f5rvuti v\u00f5i peale, muutes valgusmustri veelgi laiemaks v\u00f5i pikemaks.<\/p>\n","protected":false},"excerpt":{"rendered":"<p>Purelux2 x Tarne p\u00f5hisisu, Lisavalgustihoidik EU numbrim\u00e4rgile, Purelux (2 tulele, paksus 2 mm), Relee kaablikomplekt Purelux Pro Serie 12V, DT-2 (2 v\u00e4ljundit)<\/p>\n","protected":false},"featured_media":5709,"comment_status":"closed","ping_status":"open","template":"","meta":{"_monsterinsights_skip_tracking":false,"_monsterinsights_sitenote_active":false,"_monsterinsights_sitenote_note":"","_monsterinsights_sitenote_category":0},"product_brand":[],"product_cat":[708],"product_tag":[],"class_list":{"0":"post-5708","1":"product","2":"type-product","3":"status-publish","4":"has-post-thumbnail","6":"product_cat-lisatuled","7":"pa_brand-purelux","8":"pa_kasutusotstarve-lisatulede-paigaldus-autole","9":"pa_uhiku-hind-143-30e-tk","10":"pa_voimsus-54w-ref-17-5-5000k","12":"first","13":"onbackorder","14":"sale","15":"taxable","16":"shipping-taxable","17":"purchasable","18":"product-type-simple"},"_links":{"self":[{"href":"https:\/\/chemicalstore.ee\/ru\/wp-json\/wp\/v2\/product\/5708","targetHints":{"allow":["GET"]}}],"collection":[{"href":"https:\/\/chemicalstore.ee\/ru\/wp-json\/wp\/v2\/product"}],"about":[{"href":"https:\/\/chemicalstore.ee\/ru\/wp-json\/wp\/v2\/types\/product"}],"replies":[{"embeddable":true,"href":"https:\/\/chemicalstore.ee\/ru\/wp-json\/wp\/v2\/comments?post=5708"}],"wp:featuredmedia":[{"embeddable":true,"href":"https:\/\/chemicalstore.ee\/ru\/wp-json\/wp\/v2\/media\/5709"}],"wp:attachment":[{"href":"https:\/\/chemicalstore.ee\/ru\/wp-json\/wp\/v2\/media?parent=5708"}],"wp:term":[{"taxonomy":"product_brand","embeddable":true,"href":"https:\/\/chemicalstore.ee\/ru\/wp-json\/wp\/v2\/product_brand?post=5708"},{"taxonomy":"product_cat","embeddable":true,"href":"https:\/\/chemicalstore.ee\/ru\/wp-json\/wp\/v2\/product_cat?post=5708"},{"taxonomy":"product_tag","embeddable":true,"href":"https:\/\/chemicalstore.ee\/ru\/wp-json\/wp\/v2\/product_tag?post=5708"}],"curies":[{"name":"wp","href":"https:\/\/api.w.org\/{rel}","templated":true}]}}