{"id":5680,"date":"2024-11-16T14:29:40","date_gmt":"2024-11-16T14:29:40","guid":{"rendered":"https:\/\/chemicalstore.ee\/toode\/kaugjuhtimisega-lisatulede-juhtmestik12-24v-purelux\/"},"modified":"2026-04-05T10:03:53","modified_gmt":"2026-04-05T10:03:53","slug":"kaugjuhtimisega-lisatulede-juhtmestik12-24v-purelux","status":"publish","type":"product","link":"https:\/\/chemicalstore.ee\/ru\/toode\/kaugjuhtimisega-lisatulede-juhtmestik12-24v-purelux\/","title":{"rendered":"Kaugjuhtimisega lisatulede juhtmestik,12\/24V &#8211; Purelux"},"content":{"rendered":"<p>Pureluxi kaugjuhitav juhtmestik on lihtne lahendus \u00fche v\u00f5i kahe valgusti, n\u00e4iteks lisa- ja t\u00f6\u00f6tulede ning vilkurite paigaldamiseks. Juhtmete komplekt v\u00f5imaldab juhtida \u00fchendatud tulesid auto seest v\u00f5i \u00fcmbert ilma juhtmega l\u00fclitit kabiini t\u00f5mbamata, nii et nii paigaldamine kui kasutamine on vaevatu! Kaasasoleva puldiga saab traditsioonilisel viisil sisse v\u00f5i v\u00e4lja l\u00fclitada kas \u00fche v\u00f5i m\u00f5lemad tuled ning lisaks saab need ka vaid \u00fche nupuvajutusega vilkuma panna! Ehk siis m\u00f5lemat valgust saab juhtida puldist eraldi, nii et n\u00e4iteks saab ainult \u00fche tuledest sisse l\u00fclitada ja teise j\u00e4tta v\u00e4lja. See juhtmestik v\u00f5imaldab valgustite tavap\u00e4rast kasutamist ja n\u00e4iteks vajaduse vahetada \u00fchtlaselt p\u00f5levad t\u00f6\u00f6- ja t\u00e4helepanutuled ilma lisa\u00fchendusteta vilkuvate hoiatustulede vastu ka siis, kui tuledel endil pole vilkuvat funktsiooni. Juhtmekomplektis on kuus erinevat vilkuvat funktsiooni, mis muutuvad iga kaugjuhtimispuldi vajutusega. Funktsioone saab sirvida ka siis, kui tuled p\u00f5levad, nii on kohe n\u00e4ha, milline vilkur on aktiveeritud. Samuti v\u00f5imaldab juhtmestik panna \u00fche \u00fchendatud tuledest \u00fchtlaselt p\u00f5lema ja teist n\u00e4iteks vilkuma!Juhtmekomplekt sisaldab k\u00f5ike paigaldamiseks vajalikku: kaasas on juhtmestiku komplekt ise, kaugjuhtimispult, neli lamepistikut ning paigaldus- ja \u00fchendamisjuhend. Juhtmekomplektil on kaks v\u00e4ljundit, seega saab seda kasutada \u00fche v\u00f5i kahe valgusti paigaldamiseks, juhtmetel on \u00fchendamiseks valmis abiko pistikud. Sobib kasutamiseks nii 12V kui 24V s\u00fcsteemides, talub kogukoormust 300W.<\/p>\n","protected":false},"excerpt":{"rendered":"<p>Purelux<\/p>\n","protected":false},"featured_media":5681,"comment_status":"closed","ping_status":"open","template":"","meta":{"_monsterinsights_skip_tracking":false,"_monsterinsights_sitenote_active":false,"_monsterinsights_sitenote_note":"","_monsterinsights_sitenote_category":0},"product_brand":[],"product_cat":[708],"product_tag":[],"class_list":{"0":"post-5680","1":"product","2":"type-product","3":"status-publish","4":"has-post-thumbnail","6":"product_cat-lisatuled","7":"pa_brand-purelux","8":"pa_kasutusotstarve-too-ja-lisavalgustite-ja-prozektorite-uhendamine","9":"pa_sobivus-koikidele-autodele-veoautole-ja-tehnikale","10":"pa_uhiku-hind-44-90e-tk","12":"first","13":"onbackorder","14":"sale","15":"taxable","16":"shipping-taxable","17":"purchasable","18":"product-type-simple"},"_links":{"self":[{"href":"https:\/\/chemicalstore.ee\/ru\/wp-json\/wp\/v2\/product\/5680","targetHints":{"allow":["GET"]}}],"collection":[{"href":"https:\/\/chemicalstore.ee\/ru\/wp-json\/wp\/v2\/product"}],"about":[{"href":"https:\/\/chemicalstore.ee\/ru\/wp-json\/wp\/v2\/types\/product"}],"replies":[{"embeddable":true,"href":"https:\/\/chemicalstore.ee\/ru\/wp-json\/wp\/v2\/comments?post=5680"}],"wp:featuredmedia":[{"embeddable":true,"href":"https:\/\/chemicalstore.ee\/ru\/wp-json\/wp\/v2\/media\/5681"}],"wp:attachment":[{"href":"https:\/\/chemicalstore.ee\/ru\/wp-json\/wp\/v2\/media?parent=5680"}],"wp:term":[{"taxonomy":"product_brand","embeddable":true,"href":"https:\/\/chemicalstore.ee\/ru\/wp-json\/wp\/v2\/product_brand?post=5680"},{"taxonomy":"product_cat","embeddable":true,"href":"https:\/\/chemicalstore.ee\/ru\/wp-json\/wp\/v2\/product_cat?post=5680"},{"taxonomy":"product_tag","embeddable":true,"href":"https:\/\/chemicalstore.ee\/ru\/wp-json\/wp\/v2\/product_tag?post=5680"}],"curies":[{"name":"wp","href":"https:\/\/api.w.org\/{rel}","templated":true}]}}