{"id":5671,"date":"2024-11-16T14:29:40","date_gmt":"2024-11-16T14:29:40","guid":{"rendered":"https:\/\/chemicalstore.ee\/toode\/lisatulede-alus-hd-2-paneelile-purelux\/"},"modified":"2024-11-16T14:29:42","modified_gmt":"2024-11-16T14:29:42","slug":"lisatulede-alus-hd-2-paneelile-purelux","status":"publish","type":"product","link":"https:\/\/chemicalstore.ee\/ru\/toode\/lisatulede-alus-hd-2-paneelile-purelux\/","title":{"rendered":"Lisatulede alus HD, 2 paneelile &#8211; Purelux"},"content":{"rendered":"<p>Pureluxi numbrim\u00e4rgi taha paigaldatav HD-seeria lisatulestatiiv, millega saab paigaldada kaks valguspaneeli auto esistangele.Plaadihoidja \u00fclemises ja alumises nurgas on k\u00f5rvad, mille k\u00fclge saab paneele lihtsalt kinnitada. Riiul on diskreetselt paigaldatud numbrim\u00e4rgi taha, nii et paigaldus muutub kenaks ja riiulist endast pole midagi n\u00e4ha peale k\u00f5rvade, mille k\u00fclge paneelid on kinnitatud. HD-riiul on paksem kui tavaline hammas (3 mm) ning selle robustne ja vastupidav struktuur garanteerib, et hammas ei paindu ega nihku isegi suuremate paneelide raskuse all seni, kuni esistange k\u00fclge kinnitamine on korralikult tehtud. See ainulaadne \u00fcksus on suurep\u00e4rane lahendus paigalduskohtadele, kus on vaja v\u00f5imalikult palju valgust!Valgustite statiivil on 12 x 16 mm sooned, mis v\u00f5imaldavad kinnitada erinevaid lisavalguspaneele. Lisaks on kilbihoidikul mitmeid kinnitusavasid, mis v\u00f5imaldavad hoidiku h\u00f5lpsasti esistange k\u00fclge paigaldada. HD-seeria alused \u00fchilduvad EU reg numbritega. Kinnitusavade vaheline kaugus igas reas on 388 mm, nagi kogulaius on 430 mm.<\/p>\n","protected":false},"excerpt":{"rendered":"<p>Purelux<\/p>\n","protected":false},"featured_media":5672,"comment_status":"closed","ping_status":"open","template":"","meta":{"_monsterinsights_skip_tracking":false,"_monsterinsights_sitenote_active":false,"_monsterinsights_sitenote_note":"","_monsterinsights_sitenote_category":0},"product_brand":[],"product_cat":[708],"product_tag":[],"class_list":{"0":"post-5671","1":"product","2":"type-product","3":"status-publish","4":"has-post-thumbnail","6":"product_cat-lisatuled","7":"pa_brand-purelux","8":"pa_kasutusotstarve-lisatulede-paigaldus-autole","9":"pa_sobivus-sobib-eu-reg-numbritele","10":"pa_uhiku-hind-39-90e-tk","12":"first","13":"onbackorder","14":"sale","15":"taxable","16":"shipping-taxable","17":"purchasable","18":"product-type-simple"},"_links":{"self":[{"href":"https:\/\/chemicalstore.ee\/ru\/wp-json\/wp\/v2\/product\/5671","targetHints":{"allow":["GET"]}}],"collection":[{"href":"https:\/\/chemicalstore.ee\/ru\/wp-json\/wp\/v2\/product"}],"about":[{"href":"https:\/\/chemicalstore.ee\/ru\/wp-json\/wp\/v2\/types\/product"}],"replies":[{"embeddable":true,"href":"https:\/\/chemicalstore.ee\/ru\/wp-json\/wp\/v2\/comments?post=5671"}],"wp:featuredmedia":[{"embeddable":true,"href":"https:\/\/chemicalstore.ee\/ru\/wp-json\/wp\/v2\/media\/5672"}],"wp:attachment":[{"href":"https:\/\/chemicalstore.ee\/ru\/wp-json\/wp\/v2\/media?parent=5671"}],"wp:term":[{"taxonomy":"product_brand","embeddable":true,"href":"https:\/\/chemicalstore.ee\/ru\/wp-json\/wp\/v2\/product_brand?post=5671"},{"taxonomy":"product_cat","embeddable":true,"href":"https:\/\/chemicalstore.ee\/ru\/wp-json\/wp\/v2\/product_cat?post=5671"},{"taxonomy":"product_tag","embeddable":true,"href":"https:\/\/chemicalstore.ee\/ru\/wp-json\/wp\/v2\/product_tag?post=5671"}],"curies":[{"name":"wp","href":"https:\/\/api.w.org\/{rel}","templated":true}]}}