{"id":5654,"date":"2024-11-16T14:29:40","date_gmt":"2024-11-16T14:29:40","guid":{"rendered":"https:\/\/chemicalstore.ee\/toode\/lisatulede-alus-wrc-3-1-lisatulele-purelux\/"},"modified":"2024-11-16T14:29:41","modified_gmt":"2024-11-16T14:29:41","slug":"lisatulede-alus-wrc-3-1-lisatulele-purelux","status":"publish","type":"product","link":"https:\/\/chemicalstore.ee\/ru\/toode\/lisatulede-alus-wrc-3-1-lisatulele-purelux\/","title":{"rendered":"Lisatulede alus WRC, 3 + 1 lisatulele &#8211; Purelux"},"content":{"rendered":"<p>Pureluxi numbrim\u00e4rgi taha paigaldatav WRC-seeria lisatulehoidik, millega saab paigaldada kolm t\u00e4iendavat \u00fcmartuld ja \u00fche lisatulede paneeli auto esistangele. Numbrialuse \u00fclaservas on kolm eraldi k\u00f5rvak maksimaalse l\u00e4bim\u00f5\u00f5duga 240 mm \u00fcmarate lisatulede jaoks ja all kaks paneeli kinnitamiseks. Riiul on paigaldatud m\u00e4rkamatult numbrim\u00e4rgi taha, nii et paigaldus on korralik ja nagist pole midagi lisa n\u00e4ha. WRC hammas on paksem kui tavaline hammas (3 mm) ning selle kindel ja vastupidav struktuur tagab, et see ei paindu ega nihku isegi suuremate tulede raskuse all seni, kuni kinnitus esistange k\u00fclge on \u00f5igesti reguleeritud. See ainulaadne \u00fcksus on suurep\u00e4rane lahendus paigalduskohtadele, kus on vaja v\u00f5imalikult palju valgust!Valgustite statiivil on 10,5 x 25 mm sooned, mis v\u00f5imaldavad mitmek\u00fclgselt paigaldada erinevaid lisavalgusteid, aga ka nende reguleerimist s\u00fcgavuse suunas. Numbrim\u00e4rgihoidikul on ka mitu kinnitusauku, mis v\u00f5imaldavad selle h\u00f5lpsasti kaitseraua k\u00fclge paigaldada. WRC-sarja nagid \u00fchilduvad EU reg numbritega. Kinnitusavade vaheline kaugus \u00fclemises reas on 245 mm ja alumises reas 350 mm.Aluse kogulaius on 520 mm.<\/p>\n","protected":false},"excerpt":{"rendered":"<p>Purelux<\/p>\n","protected":false},"featured_media":5655,"comment_status":"closed","ping_status":"open","template":"","meta":{"_monsterinsights_skip_tracking":false,"_monsterinsights_sitenote_active":false,"_monsterinsights_sitenote_note":"","_monsterinsights_sitenote_category":0},"product_brand":[],"product_cat":[708],"product_tag":[],"class_list":{"0":"post-5654","1":"product","2":"type-product","3":"status-publish","4":"has-post-thumbnail","6":"product_cat-lisatuled","7":"pa_brand-purelux","8":"pa_kasutusotstarve-lisatulede-paigaldus-autole","9":"pa_sobivus-sobib-eu-reg-numbritele","10":"pa_uhiku-hind-44-90e-tk","12":"first","13":"onbackorder","14":"sale","15":"taxable","16":"shipping-taxable","17":"purchasable","18":"product-type-simple"},"_links":{"self":[{"href":"https:\/\/chemicalstore.ee\/ru\/wp-json\/wp\/v2\/product\/5654","targetHints":{"allow":["GET"]}}],"collection":[{"href":"https:\/\/chemicalstore.ee\/ru\/wp-json\/wp\/v2\/product"}],"about":[{"href":"https:\/\/chemicalstore.ee\/ru\/wp-json\/wp\/v2\/types\/product"}],"replies":[{"embeddable":true,"href":"https:\/\/chemicalstore.ee\/ru\/wp-json\/wp\/v2\/comments?post=5654"}],"wp:featuredmedia":[{"embeddable":true,"href":"https:\/\/chemicalstore.ee\/ru\/wp-json\/wp\/v2\/media\/5655"}],"wp:attachment":[{"href":"https:\/\/chemicalstore.ee\/ru\/wp-json\/wp\/v2\/media?parent=5654"}],"wp:term":[{"taxonomy":"product_brand","embeddable":true,"href":"https:\/\/chemicalstore.ee\/ru\/wp-json\/wp\/v2\/product_brand?post=5654"},{"taxonomy":"product_cat","embeddable":true,"href":"https:\/\/chemicalstore.ee\/ru\/wp-json\/wp\/v2\/product_cat?post=5654"},{"taxonomy":"product_tag","embeddable":true,"href":"https:\/\/chemicalstore.ee\/ru\/wp-json\/wp\/v2\/product_tag?post=5654"}],"curies":[{"name":"wp","href":"https:\/\/api.w.org\/{rel}","templated":true}]}}