{"id":5613,"date":"2024-11-16T14:29:24","date_gmt":"2024-11-16T14:29:24","guid":{"rendered":"https:\/\/chemicalstore.ee\/toode\/vilkurflash-1200-paneel-1220mm-purelux\/"},"modified":"2024-11-16T14:29:36","modified_gmt":"2024-11-16T14:29:36","slug":"vilkurflash-1200-paneel-1220mmjuhtpaneel-purelux","status":"publish","type":"product","link":"https:\/\/chemicalstore.ee\/ru\/toode\/vilkurflash-1200-paneel-1220mmjuhtpaneel-purelux\/","title":{"rendered":"Vilkur,Flash 1200 &#8211; Paneel-1220mm+juhtpaneel &#8211; Purelux"},"content":{"rendered":"<p>Purelux Flash Panel on t\u00f5eliselt madala profiiliga ja stiilne vilkurkapaneel, mis on m\u00f5eldud eelk\u00f5ige n\u00f5udlikuks professionaalseks kasutamiseks ja maasturitele. 1220 mm pikkune vilkurkapaneel sobib nii linnamaasturitele (paljudele mudelitele on 1200 mm versioon ideaalis just katuse laiune) kui ka raskeveokitele, nt.veoautodele ning erinevatele t\u00f6\u00f6masinatele.Vilkurkapaneeli k\u00f5ige olulisem \u00fclesanne on juhtida kasutusobjektil liikujate t\u00e4helepanu, et tagada nii t\u00f6\u00f6tajate kui ka teiste piirkonnas liikujate ohutus. Purelux Flash Paneli 13 erinevat v\u00f5imsusre\u017eiimi ja vajadusel v\u00e4ga ere valgustus tagavad, et paneeliga varustatud s\u00f5iduk v\u00f5i masin ei j\u00e4\u00e4 kindlasti m\u00e4rkamatuks.Paneeli korpus on vibratsiooni- ja korrosioonikindel ning vastavalt IP67 standardile vee- ja tolmukindel. Lisaks on objektiiv valmistatud praktiliselt purunematust pol\u00fckarbonaadist, mis t\u00e4hendab, et te ei pea muretsema \u00fchegi kasutuse ajal valguskindluse p\u00e4rast. 10-30V t\u00f6\u00f6pinge v\u00f5imaldab sama paneeli kasutada nii s\u00f5iduautodes ja kaubikutes (nt hooldus-, varu- ja paigalduss\u00f5idukid) kui ka rasketehnikas (veoautod, veoautod, erinevad t\u00f6\u00f6masinad jne). 360\u00b0 valgustus!Vilkurpaneel on liikluseks E-sertifikaadiga ja sellelt leitud ECE R65 Class 2 kinnitus t\u00e4hendab, et valgusti on lubatud kasutada nii p\u00e4eval kui \u00f6\u00f6sel. Flash Panelil on spetsiaalselt p\u00e4evaseks ja \u00f6iseks kasutamiseks m\u00f5eldud vilkumisfunktsioonid, millest paneel vilgub t\u00e4isv\u00f5imsusel p\u00e4evasel re\u017eiimil, tagades parima v\u00f5imaliku n\u00e4htavuse ning \u00f6\u00f6re\u017eiimis on valgusv\u00f5imsus v\u00e4henenud, et ei tekiks liiga palju valgust. pimestada juhti ja teisi piirkonnas liikujaid.Stiilne ja kaasaegne v\u00e4limus koos eriti madala profiiliga v\u00f5imaldab stiilse paigalduse igale s\u00f5idukile v\u00f5i t\u00f6\u00f6masinale, olgu see siis vanem v\u00f5i v\u00e4rske s\u00f5iduk. Lisaks v\u00e4hendab paneeli \u00f5huke profiil v\u00f5rreldes traditsiooniliste tuletornipaneelidega \u00f5hutakistust, v\u00e4hendades seel\u00e4bi oluliselt tuulem\u00fcra. Paigaldusjalad t\u00f5stavad paneeli paigalduspinnalt veidi maha, v\u00f5imaldades \u00f5huvoolul paneeli alla voolata, samuti on tagatud valguse n\u00e4htavus n\u00e4iteks veoki katuselt. Paneel on ette n\u00e4htud fikseeritud paigaldamiseks.Purelux Flash Panel on ECE R65 Class 2 sertifikaadiga, seega saab seda kasutada Euroopa maanteeliikluses! Tunnistuses olev 2. klassi m\u00e4rgistus t\u00e4hendab, et paneelil on nii p\u00e4eva- kui ka \u00f6\u00f6re\u017eiim.M\u00c4RKUS! Saadaval on ka suuremad, Flash Panel 1400 ja v\u00e4iksemad Flash Panel 800 mudelid, samuti Flash Panel 400 ja Flash Panel 250 mudelid magnetkinnituse ja sigaretis\u00fc\u00fctaja adapteriga.M\u00e4rkus! Osta saab kas lihtsalt hoiatustule v\u00f5i komplekti, millega on lisaks paneelile kaasas Purelux Flash Panel Controller l\u00fclitipaneel, millega saab hoiatustuli juhtida n\u00e4iteks s\u00f5iduki salongist!L\u00fclitipaneelil ei ole m\u00e4rgutule otse\u00fchendust, \u00fchendus tuleb ise teha.<\/p>\n","protected":false},"excerpt":{"rendered":"<p>PureluxTarne sisu Lighthouse paneel,Purelux Flash Panel, 1220 mm,Kinnitusjalgade komplekt,Kinnituspoldid,Toitejuhe, 5000 mm<\/p>\n","protected":false},"featured_media":5623,"comment_status":"closed","ping_status":"open","template":"","meta":{"_monsterinsights_skip_tracking":false,"_monsterinsights_sitenote_active":false,"_monsterinsights_sitenote_note":"","_monsterinsights_sitenote_category":0},"product_brand":[],"product_cat":[708],"product_tag":[],"class_list":{"0":"post-5613","1":"product","2":"type-product","3":"status-publish","4":"has-post-thumbnail","6":"product_cat-lisatuled","7":"pa_brand-purelux","8":"pa_kasutusotstarve-hoiatustuli","9":"pa_uhiku-hind-504-80e-tk","10":"pa_voimsus-186w-12-24v","12":"first","13":"onbackorder","14":"sale","15":"taxable","16":"shipping-taxable","17":"purchasable","18":"product-type-simple"},"_links":{"self":[{"href":"https:\/\/chemicalstore.ee\/ru\/wp-json\/wp\/v2\/product\/5613","targetHints":{"allow":["GET"]}}],"collection":[{"href":"https:\/\/chemicalstore.ee\/ru\/wp-json\/wp\/v2\/product"}],"about":[{"href":"https:\/\/chemicalstore.ee\/ru\/wp-json\/wp\/v2\/types\/product"}],"replies":[{"embeddable":true,"href":"https:\/\/chemicalstore.ee\/ru\/wp-json\/wp\/v2\/comments?post=5613"}],"wp:featuredmedia":[{"embeddable":true,"href":"https:\/\/chemicalstore.ee\/ru\/wp-json\/wp\/v2\/media\/5623"}],"wp:attachment":[{"href":"https:\/\/chemicalstore.ee\/ru\/wp-json\/wp\/v2\/media?parent=5613"}],"wp:term":[{"taxonomy":"product_brand","embeddable":true,"href":"https:\/\/chemicalstore.ee\/ru\/wp-json\/wp\/v2\/product_brand?post=5613"},{"taxonomy":"product_cat","embeddable":true,"href":"https:\/\/chemicalstore.ee\/ru\/wp-json\/wp\/v2\/product_cat?post=5613"},{"taxonomy":"product_tag","embeddable":true,"href":"https:\/\/chemicalstore.ee\/ru\/wp-json\/wp\/v2\/product_tag?post=5613"}],"curies":[{"name":"wp","href":"https:\/\/api.w.org\/{rel}","templated":true}]}}