{"id":5609,"date":"2024-11-16T14:29:24","date_gmt":"2024-11-16T14:29:24","guid":{"rendered":"https:\/\/chemicalstore.ee\/toode\/lisatuliblack-760-umar-18cm-purelux-5\/"},"modified":"2024-11-16T14:29:35","modified_gmt":"2024-11-16T14:29:35","slug":"lisatuliblack-760-umar-18cm-purelux-5","status":"publish","type":"product","link":"https:\/\/chemicalstore.ee\/ru\/toode\/lisatuliblack-760-umar-18cm-purelux-5\/","title":{"rendered":"Lisatuli,Black 760-\u00fcmar 18cm &#8211; Purelux"},"content":{"rendered":"<p>Purelux Black 760 on Pureluxi k\u00f5igi aegade enimm\u00fc\u00fcdud 7&#8243; lisavalgustite seeria uusim ja parim versioon. See on ka maineka Purelux Black 9120 v\u00e4ikevend, mis on sarnaselt suurele vennale varustatud muuhulgas , imeline disain, suurep\u00e4rane j\u00f5udlus ja kahev\u00e4rviline X seisutuli V\u00f5rreldes eelmise versiooniga on lisatule ulatust suurendatud ning valgusmuster on objektiivide abil veelgi parem liikluses kasutamiseks. on suunatud alates eest laiemaks, et lisavalgus valgustaks ka tee \u00e4\u00e4rest algavaid kaldaid s\u00f5iduki l\u00e4hedalt \u00dche tulega luuakse muljetavaldav m\u00f5\u00f5detud ulatus 403 meetrit (@1lux). saab veelgi suurendada nii pikkuse kui laiuse suunas, paigaldades mitu valgustit paralleelselt. Oma suuruse t\u00f5ttu sobib valgusti suurep\u00e4raselt nt s\u00f5iduautodele ja kaubikutele, kuid seda saab kasutada ka raskeveokite varustuse osana.Valguse v\u00e4rvitemperatuur on optimaalne 5200K, mis v\u00e4hendab silmade v\u00e4sitamist ja h\u00f5lbustab takistuste tuvastamist. Must 760 stiilne tume optika muudab lambi kaasaegseks, t\u00e4nu millele saab sellest korralik osa veelgi uuemate s\u00f5idukite lisavalgustuslahendusest. Valgusti imelise v\u00e4limuse l\u00f5petab stiilne X-kujuline parkimistuli, mida saab valgustada kas traditsioonilisel viisil valge v\u00f5i t\u00e4nap\u00e4eval populaarse oran\u017eina. Must 760, nagu ka teised Pureluxi uusimad lisatuled, on varustatud raamita objektiiviga, mist\u00f5ttu ei ole l\u00e4ve ja valguse serva vahel l\u00e4ve, mis kogub lund, j\u00e4\u00e4d ja mustust. Nii on valgustit lihtne puhtana hoida ja seda on kerge hooldusega ka k\u00f5rgele paigaldada.<\/p>\n","protected":false},"excerpt":{"rendered":"<p>PureluxLisavalgusti Purelux Black 760, 4 tk,Lisavalgusti Purelux HD, 4 tulele,Relee juhtmestiku komplekt Purelux Pro Serie 12V, 4 v\u00e4ljundit,Klambrid, 4 tk<\/p>\n","protected":false},"featured_media":5610,"comment_status":"closed","ping_status":"open","template":"","meta":{"_monsterinsights_skip_tracking":false,"_monsterinsights_sitenote_active":false,"_monsterinsights_sitenote_note":"","_monsterinsights_sitenote_category":0},"product_brand":[],"product_cat":[708],"product_tag":[],"class_list":{"0":"post-5609","1":"product","2":"type-product","3":"status-publish","4":"has-post-thumbnail","6":"product_cat-lisatuled","7":"pa_brand-purelux","8":"pa_kasutusotstarve-auto-lisatuled","9":"pa_uhiku-hind-190-08e-tk","10":"pa_voimsus-60w-ref-40-5200k","12":"first","13":"onbackorder","14":"sale","15":"taxable","16":"shipping-taxable","17":"purchasable","18":"product-type-simple"},"_links":{"self":[{"href":"https:\/\/chemicalstore.ee\/ru\/wp-json\/wp\/v2\/product\/5609","targetHints":{"allow":["GET"]}}],"collection":[{"href":"https:\/\/chemicalstore.ee\/ru\/wp-json\/wp\/v2\/product"}],"about":[{"href":"https:\/\/chemicalstore.ee\/ru\/wp-json\/wp\/v2\/types\/product"}],"replies":[{"embeddable":true,"href":"https:\/\/chemicalstore.ee\/ru\/wp-json\/wp\/v2\/comments?post=5609"}],"wp:featuredmedia":[{"embeddable":true,"href":"https:\/\/chemicalstore.ee\/ru\/wp-json\/wp\/v2\/media\/5610"}],"wp:attachment":[{"href":"https:\/\/chemicalstore.ee\/ru\/wp-json\/wp\/v2\/media?parent=5609"}],"wp:term":[{"taxonomy":"product_brand","embeddable":true,"href":"https:\/\/chemicalstore.ee\/ru\/wp-json\/wp\/v2\/product_brand?post=5609"},{"taxonomy":"product_cat","embeddable":true,"href":"https:\/\/chemicalstore.ee\/ru\/wp-json\/wp\/v2\/product_cat?post=5609"},{"taxonomy":"product_tag","embeddable":true,"href":"https:\/\/chemicalstore.ee\/ru\/wp-json\/wp\/v2\/product_tag?post=5609"}],"curies":[{"name":"wp","href":"https:\/\/api.w.org\/{rel}","templated":true}]}}