{"id":5583,"date":"2024-11-16T14:29:24","date_gmt":"2024-11-16T14:29:24","guid":{"rendered":"https:\/\/chemicalstore.ee\/toode\/lisatuli-paneelheat-s530-sirge-53cm-purelux-3\/"},"modified":"2024-11-16T14:29:32","modified_gmt":"2024-11-16T14:29:32","slug":"lisatuli-paneelheat-s530-sirge-53cm-purelux-3","status":"publish","type":"product","link":"https:\/\/chemicalstore.ee\/ru\/toode\/lisatuli-paneelheat-s530-sirge-53cm-purelux-3\/","title":{"rendered":"Lisatuli paneel,Heat S530 -sirge 53cm &#8211; Purelux"},"content":{"rendered":"<p>Purelux Heat S530 on uus, uuendatud versioon tuntud Purelux Heat paneelist, mille funktsioonide hulka kuuluvad nt. automaatselt soojendusega objektiiv ja kaasaegne kahev\u00e4rviline parkimistuli (oran\u017e ja valge). Heat S530 saab erandkorras \u00fchendada l\u00e4\u00e4tse soojendamiseks kas traditsioonilisel viisil, alati kui lisatuli p\u00f5leb v\u00f5i juba auto k\u00e4ivitamise staadiumis! Kui paneel on \u00fchendatud l\u00e4\u00e4tse soojendamiseks iga kord, kui s\u00f5iduk s\u00f5idab, saab l\u00e4\u00e4tse sulatada juba n\u00e4iteks tagaaias enne teele asumist v\u00f5i kohe p\u00e4rast teele asumist valgustatud l\u00f5igul s\u00f5ites. Nii on Heat valmis pimedat teel\u00f5igu valgustama kohe, kui sinna j\u00f5uate. Lisaks v\u00e4ldib see l\u00e4\u00e4tse k\u00fclmumist, kui lumes v\u00f5i tuisus tuleb n\u00e4iteks teise s\u00f5iduki taga s\u00f5ites valgus v\u00e4lja l\u00fclitada. Heat t\u00f5mbab lisaks muudele omadustele t\u00e4helepanu ka oma v\u00f5imsusega, sest tootja s\u00f5nul pakub see maanteeliikluses kasutamiseks tohutut valgusv\u00f5imsust 11 600 luumenit ja m\u00f5\u00f5detud ulatust 434 meetrit @ 1 luks. See paneel on oma klassi tipus nii funktsionaalsuse kui ka v\u00e4limuse poolest!Heat S530 kasutab objektiivi soojendamiseks ainulaadset ja energias\u00e4\u00e4stlikku tehnoloogiat: Soojendustakistid asuvad paneeli m\u00f5lemas servas ja juhivad soojust l\u00e4bi karastatud klaasist l\u00e4\u00e4tse kogu paneeli l\u00e4\u00e4tseni. Klaaspind juhib soojust palju t\u00f5husamalt kui pol\u00fckarbonaat, mis v\u00f5imaldab l\u00e4\u00e4tsel kiiresti sulada. Takistid l\u00fclituvad olenevalt \u00fchendusest automaatselt sisse kas s\u00f5iduki v\u00f5i lisatule enda k\u00e4ivitumisel ning l\u00fclituvad automaatselt v\u00e4lja, kui temperatuur t\u00f5useb \u00fcle 90\u00b0C. Nii ei pea juht ise objektiivi sulatamise p\u00e4rast muretsema, vaid saab keskenduda ainult liiklusele. See on suurep\u00e4rane omadus eriti P\u00f5hjamaade pikaks ja k\u00fclmaks talveks, mil lisatuled peavad taluma ekstreemseid tingimusi. Muidugi saab soovi korral k\u00fcttejuhtme \u00fchendada ka eraldi l\u00fcliti taha, nii saab juht ise valida, millal on lisatulede takistid sisse l\u00fclitatud.<\/p>\n","protected":false},"excerpt":{"rendered":"<p>PureluxTarne p\u00f5hisisu,Reguleeritav Lisatulehoidik EU numbrim\u00e4rgile, Purelux,Relee juhtmestiku komplekt Purelux Pro Serie 12V, HD DTP (1 v\u00e4ljund),Klambrid, 2 tk<\/p>\n","protected":false},"featured_media":5584,"comment_status":"closed","ping_status":"open","template":"","meta":{"_monsterinsights_skip_tracking":false,"_monsterinsights_sitenote_active":false,"_monsterinsights_sitenote_note":"","_monsterinsights_sitenote_category":0},"product_brand":[],"product_cat":[708],"product_tag":[],"class_list":{"0":"post-5583","1":"product","2":"type-product","3":"status-publish","4":"has-post-thumbnail","6":"product_cat-lisatuled","7":"pa_brand-purelux","8":"pa_kasutusotstarve-auto-lisatuled","9":"pa_uhiku-hind-310-60e-tk","10":"pa_voimsus-150w-ref-50-5000k","12":"first","13":"onbackorder","14":"sale","15":"taxable","16":"shipping-taxable","17":"purchasable","18":"product-type-simple"},"_links":{"self":[{"href":"https:\/\/chemicalstore.ee\/ru\/wp-json\/wp\/v2\/product\/5583","targetHints":{"allow":["GET"]}}],"collection":[{"href":"https:\/\/chemicalstore.ee\/ru\/wp-json\/wp\/v2\/product"}],"about":[{"href":"https:\/\/chemicalstore.ee\/ru\/wp-json\/wp\/v2\/types\/product"}],"replies":[{"embeddable":true,"href":"https:\/\/chemicalstore.ee\/ru\/wp-json\/wp\/v2\/comments?post=5583"}],"wp:featuredmedia":[{"embeddable":true,"href":"https:\/\/chemicalstore.ee\/ru\/wp-json\/wp\/v2\/media\/5584"}],"wp:attachment":[{"href":"https:\/\/chemicalstore.ee\/ru\/wp-json\/wp\/v2\/media?parent=5583"}],"wp:term":[{"taxonomy":"product_brand","embeddable":true,"href":"https:\/\/chemicalstore.ee\/ru\/wp-json\/wp\/v2\/product_brand?post=5583"},{"taxonomy":"product_cat","embeddable":true,"href":"https:\/\/chemicalstore.ee\/ru\/wp-json\/wp\/v2\/product_cat?post=5583"},{"taxonomy":"product_tag","embeddable":true,"href":"https:\/\/chemicalstore.ee\/ru\/wp-json\/wp\/v2\/product_tag?post=5583"}],"curies":[{"name":"wp","href":"https:\/\/api.w.org\/{rel}","templated":true}]}}