{"id":5562,"date":"2024-11-16T14:29:24","date_gmt":"2024-11-16T14:29:24","guid":{"rendered":"https:\/\/chemicalstore.ee\/toode\/lisatuli-paneelroad-curve-c550-55-cm-purelux-3\/"},"modified":"2024-11-16T14:29:29","modified_gmt":"2024-11-16T14:29:29","slug":"lisatuli-paneelroad-curve-c550-55-cm-purelux-3","status":"publish","type":"product","link":"https:\/\/chemicalstore.ee\/ru\/toode\/lisatuli-paneelroad-curve-c550-55-cm-purelux-3\/","title":{"rendered":"Lisatuli paneel,Road Curve C550 55 cm &#8211; Purelux"},"content":{"rendered":"<p>Purelux Road Curve C550 on Pureluxi k\u00f5igi aegade enimm\u00fc\u00fcdud testiv\u00f5itnud lisavalgustipaneeli uus uuendatud versioon V2.0! Lisaks stiilsele tumedale v\u00e4lisilmele kuuluvad C550 funktsioonide hulka nt. raamita objektiiv, kahev\u00e4rviline (valge ja oran\u017e) parkimistuli ja kaks erinevat toitere\u017eiimi. Paneeli saab l\u00fclitada kas maanteeliikluseks heakskiidetud toitere\u017eiimile v\u00f5i alternatiivina maastikus\u00f5iduks m\u00f5eldud PowerBoost\u00ae re\u017eiimile, mis kasutab paneeli piiramatut valgusv\u00f5imsust. PowerBoost\u00ae re\u017eiimis on C550 v\u00f5imeline tootma m\u00f5\u00f5detud valgusv\u00f5imsust 7135 luumenit ja m\u00f5\u00f5detud ulatust 530 meetrit (@ 1 luks)! Lisaks tippomadustele on lamp l\u00e4binud korrosioonitesti nn soolapihustustestiga vastavalt MIL-STD standardile! Road Curve C550 on puhtalt P\u00f5hjamaade pimedatele ja k\u00e4\u00e4nulistele teedele m\u00f5eldud lisavalguspaneel, mis lisaks uuendatud tippomadustele s\u00e4ilitab ka eelmises mudelis kiidus\u00f5nu p\u00e4lvinud t\u00e4pselt m\u00e4\u00e4ratletud valgusvihu!M\u00e4rkus! Purelux PowerBoost\u00ae ja maanteeliiklusre\u017eiimi erinevus on kasutamisel selgelt n\u00e4ha \u2013 PowerBoost re\u017eiim on oluliselt t\u00f5husam ja seet\u00f5ttu ei tohiks seda kasutada tavaliikluses, vaid ainult maastikul.<\/p>\n","protected":false},"excerpt":{"rendered":"<p>PureluxTarne p\u00f5hisisu,Reguleeritav Lisatulehoidik EU numbrim\u00e4rgile, Purelux,Relee juhtmestiku komplekt Purelux Pro Serie 12V, DT (1 v\u00e4ljund)<\/p>\n","protected":false},"featured_media":5563,"comment_status":"closed","ping_status":"open","template":"","meta":{"_monsterinsights_skip_tracking":false,"_monsterinsights_sitenote_active":false,"_monsterinsights_sitenote_note":"","_monsterinsights_sitenote_category":0},"product_brand":[],"product_cat":[708],"product_tag":[],"class_list":{"0":"post-5562","1":"product","2":"type-product","3":"status-publish","4":"has-post-thumbnail","6":"product_cat-lisatuled","7":"pa_brand-purelux","8":"pa_kasutusotstarve-auto-lisatuled","9":"pa_uhiku-hind-548-70e-tk","10":"pa_voimsus-120w-ref-40-5000k","12":"first","13":"onbackorder","14":"sale","15":"taxable","16":"shipping-taxable","17":"purchasable","18":"product-type-simple"},"_links":{"self":[{"href":"https:\/\/chemicalstore.ee\/ru\/wp-json\/wp\/v2\/product\/5562","targetHints":{"allow":["GET"]}}],"collection":[{"href":"https:\/\/chemicalstore.ee\/ru\/wp-json\/wp\/v2\/product"}],"about":[{"href":"https:\/\/chemicalstore.ee\/ru\/wp-json\/wp\/v2\/types\/product"}],"replies":[{"embeddable":true,"href":"https:\/\/chemicalstore.ee\/ru\/wp-json\/wp\/v2\/comments?post=5562"}],"wp:featuredmedia":[{"embeddable":true,"href":"https:\/\/chemicalstore.ee\/ru\/wp-json\/wp\/v2\/media\/5563"}],"wp:attachment":[{"href":"https:\/\/chemicalstore.ee\/ru\/wp-json\/wp\/v2\/media?parent=5562"}],"wp:term":[{"taxonomy":"product_brand","embeddable":true,"href":"https:\/\/chemicalstore.ee\/ru\/wp-json\/wp\/v2\/product_brand?post=5562"},{"taxonomy":"product_cat","embeddable":true,"href":"https:\/\/chemicalstore.ee\/ru\/wp-json\/wp\/v2\/product_cat?post=5562"},{"taxonomy":"product_tag","embeddable":true,"href":"https:\/\/chemicalstore.ee\/ru\/wp-json\/wp\/v2\/product_tag?post=5562"}],"curies":[{"name":"wp","href":"https:\/\/api.w.org\/{rel}","templated":true}]}}