{"id":5542,"date":"2024-11-16T14:29:24","date_gmt":"2024-11-16T14:29:24","guid":{"rendered":"https:\/\/chemicalstore.ee\/toode\/lisatuli-heat-9200umar-22cmwrc-purelux\/"},"modified":"2024-11-16T14:29:27","modified_gmt":"2024-11-16T14:29:27","slug":"lisatuli-heat-9200umar-22cmwrc-purelux","status":"publish","type":"product","link":"https:\/\/chemicalstore.ee\/ru\/toode\/lisatuli-heat-9200umar-22cmwrc-purelux\/","title":{"rendered":"Lisatuli Heat 9200,\u00fcmar 22cm(WRC) &#8211; Purelux"},"content":{"rendered":"<p>Purelux Heat 9200 on omas klassis t\u00e4iesti ainulaadne \u00fcmar lisavalgusti, mille terviklike omaduste hulka kuuluvad nt. automaatselt soojendusega objektiiv, kahev\u00e4rviline parkimistuli ja kaks erinevat toitere\u017eiimi. T\u00e4nu kahele v\u00f5imsusre\u017eiimile saab valgusti l\u00fclitada kas maanteeliikluseks heakskiidetud j\u00f5ure\u017eiimile v\u00f5i alternatiivina maastikus\u00f5iduks sobivale Purelux PowerBoost\u00ae re\u017eiimile, mis vabastab kogu lambi piiramatu valgusv\u00f5imsuse kasutamiseks. PowerBoost\u00ae re\u017eiimis t\u00f5useb valgusv\u00f5imsus tootja s\u00f5nul \u00fc\u00fcratu 14 600 luumenini ja \u00fche valgusti m\u00f5\u00f5detud ulatus on 552 meetrit @ 1 luks ning kahe v\u00f5i enama tulega saab ulatust ja valgusvihu laiust veelgi suurendada. ! Heat 9200 sobib oma suuruse t\u00f5ttu suurep\u00e4raselt nt kaubikutele, veoautodele ja maastikus\u00f5idukitele, aga ka suurematele s\u00f5iduautodele ning raskeveokite varustusse. T\u00e4nu PowerBoost re\u017eiimile on Heat \u00f5ige valik ka t\u00f6\u00f6masinatele v\u00f5i s\u00f5idukitele, mis liiguvad ainult maastikul, n\u00e4iteks Off-Road autod.K\u00f5ik Heati omadused on lihvitud Pohjola keerulisi olusid silmas pidades, millest annab tunnistust nt. isesulav l\u00e4\u00e4ts. Heat 9200 saab erandkorras \u00fchendada l\u00e4\u00e4tse soojendamiseks kas traditsioonilisel viisil, alati lisatule p\u00f5lemisel v\u00f5i juba auto k\u00e4ivitamise staadiumis! Kui lisatuli l\u00fclitada l\u00e4\u00e4tse soojendamiseks sisse alati, kui s\u00f5iduk s\u00f5idab, saab l\u00e4\u00e4tse sulatada juba enne teele asumist tagahoovis v\u00f5i valgustatud teel\u00f5igul s\u00f5ites kohe p\u00e4rast teele asumist. Nii on Heat 9200 valmis valgustama pimedat teel\u00f5igu kohe, kui selleni j\u00f5uate. Lisaks v\u00e4ldib see l\u00e4\u00e4tse k\u00fclmumist, kui n\u00e4iteks teise s\u00f5iduki taha s\u00f5ites tuleb vilkuriga tuli v\u00e4lja l\u00fclitada. Heat kasutab objektiivi soojendamiseks ainulaadset ja energias\u00e4\u00e4stlikku tehnoloogiat: Soojendustakistid asuvad m\u00f5lemal pool valgust ja juhivad soojust l\u00e4bi karastatud klaasist l\u00e4\u00e4tse kogu l\u00e4\u00e4tse esik\u00fcljele. Klaaspind juhib soojust oluliselt t\u00f5husamalt kui pol\u00fckarbonaat, v\u00f5imaldades l\u00e4\u00e4tsel kiiresti sulada. Olenevalt \u00fchendusest l\u00fclituvad takistid automaatselt sisse kas s\u00f5iduki v\u00f5i lisatuli enda k\u00e4ivitumisel ning l\u00fclituvad automaatselt v\u00e4lja, kui temperatuur t\u00f5useb \u00fcle 70\u00b0C. Muidugi saab soovi korral k\u00fcttejuhtme \u00fchendada ka eraldi l\u00fcliti taha, nii saab juht ise valida, millal on lisatulede takistid sisse l\u00fclitatud.Juveeliks kroonis on loomulikult Pureluxi PowerBoost\u00ae tehnoloogia, mis v\u00f5imaldab kasutada nii maanteeliikluseks lubatud piiratud v\u00f5imsusega re\u017eiimi kui ka maastikuliikluseks m\u00f5eldud piiramatut valgusv\u00f5imsust. Kui PowerBoost\u00ae on sisse l\u00fclitatud, on \u00fche valgusti m\u00f5\u00f5detud ulatus kuni 552 meetrit (@ 1 luks) ning loomulikult saab kahe v\u00f5i enama tulega nii valgusvihu laiust kui ka ulatust veelgi suurendada. Toitere\u017eiime saab h\u00f5lpsasti vahetada, vajutades lambi tagak\u00fcljel asuvat nuppu, nii et pole vaja eraldi \u00fchendusi teha!<\/p>\n","protected":false},"excerpt":{"rendered":"<p>Purelux4 x Tarne p\u00f5hisisu,Lisatulede alus,Purelux WRC, 4 tulele,Relee juhtmestiku komplekt Purelux Pro Serie 12V, HD DTP, (2 tk 2-v\u00e4ljundiga),Tugiraud, 4 tk<\/p>\n","protected":false},"featured_media":5543,"comment_status":"closed","ping_status":"open","template":"","meta":{"_monsterinsights_skip_tracking":false,"_monsterinsights_sitenote_active":false,"_monsterinsights_sitenote_note":"","_monsterinsights_sitenote_category":0},"product_brand":[],"product_cat":[708],"product_tag":[],"class_list":{"0":"post-5542","1":"product","2":"type-product","3":"status-publish","4":"has-post-thumbnail","6":"product_cat-lisatuled","7":"pa_brand-purelux","8":"pa_kasutusotstarve-auto-lisatuled","9":"pa_uhiku-hind-256-55e-tk","10":"pa_voimsus-200w-ref-50-5000k","12":"first","13":"onbackorder","14":"sale","15":"taxable","16":"shipping-taxable","17":"purchasable","18":"product-type-simple"},"_links":{"self":[{"href":"https:\/\/chemicalstore.ee\/ru\/wp-json\/wp\/v2\/product\/5542","targetHints":{"allow":["GET"]}}],"collection":[{"href":"https:\/\/chemicalstore.ee\/ru\/wp-json\/wp\/v2\/product"}],"about":[{"href":"https:\/\/chemicalstore.ee\/ru\/wp-json\/wp\/v2\/types\/product"}],"replies":[{"embeddable":true,"href":"https:\/\/chemicalstore.ee\/ru\/wp-json\/wp\/v2\/comments?post=5542"}],"wp:featuredmedia":[{"embeddable":true,"href":"https:\/\/chemicalstore.ee\/ru\/wp-json\/wp\/v2\/media\/5543"}],"wp:attachment":[{"href":"https:\/\/chemicalstore.ee\/ru\/wp-json\/wp\/v2\/media?parent=5542"}],"wp:term":[{"taxonomy":"product_brand","embeddable":true,"href":"https:\/\/chemicalstore.ee\/ru\/wp-json\/wp\/v2\/product_brand?post=5542"},{"taxonomy":"product_cat","embeddable":true,"href":"https:\/\/chemicalstore.ee\/ru\/wp-json\/wp\/v2\/product_cat?post=5542"},{"taxonomy":"product_tag","embeddable":true,"href":"https:\/\/chemicalstore.ee\/ru\/wp-json\/wp\/v2\/product_tag?post=5542"}],"curies":[{"name":"wp","href":"https:\/\/api.w.org\/{rel}","templated":true}]}}