{"id":5488,"date":"2024-11-16T14:29:09","date_gmt":"2024-11-16T14:29:09","guid":{"rendered":"https:\/\/chemicalstore.ee\/toode\/lisatuli-paneel-flash-s560sirge-56cm-purelux-3\/"},"modified":"2024-11-16T14:29:19","modified_gmt":"2024-11-16T14:29:19","slug":"lisatuli-paneelroad-curve-c790-curve-79cm-purelux","status":"publish","type":"product","link":"https:\/\/chemicalstore.ee\/ru\/toode\/lisatuli-paneelroad-curve-c790-curve-79cm-purelux\/","title":{"rendered":"Lisatuli paneel,Road Curve C790 curve 79cm &#8211; Purelux"},"content":{"rendered":"<p>Purelux Road Curve C790 on kauaoodatud, suurem ja v\u00f5imsam versioon, mis on v\u00e4lja t\u00f6\u00f6tatud Pureluxi kuulsa Road Curve lisavalgustuspaneeli baasil, mille omadused on oma klassi parimad! Lisaks stiilsele tumedale v\u00e4lisilmele kuuluvad C790 funktsioonide hulka nt. raamita objektiiv, kahev\u00e4rviline (valge ja oran\u017e) parkimistuli ja kaks erinevat toitere\u017eiimi. Paneelilt saab sisse l\u00fclitada kas maanteeliikluseks heakskiidetud j\u00f5ure\u017eiimi v\u00f5i maastikus\u00f5iduks m\u00f5eldud Purelux PowerBoost\u00ae re\u017eiimi, mis kasutab paneeli piiramatut valgusv\u00f5imsust. PowerBoost re\u017eiimis suudab C790 tootja s\u00f5nul toota h\u00e4mmastavat valgusv\u00f5imsust kuni 16 500 luumenit ja m\u00f5\u00f5detud ulatust tublisti \u00fcle poole kilomeetri (1 @ luksi)! Vertikaalselt rangelt m\u00e4\u00e4ratletud ja k\u00fclgsuunas \u00fchtlaselt leviv valgusvihk suunab kogu paneeli valgusvoo t\u00e4pselt \u00f5igesse kohta ning valgust ei uputa n\u00e4iteks puulatvadesse.M\u00e4rkus! N\u00e4ete selgelt Purelux PowerBoost\u00ae ja maanteeliiklusre\u017eiimi erinevust &#8211; PowerBoost re\u017eiim on oluliselt t\u00f5husam ja seda ei tohiks kasutada tavalises maanteeliikluses s\u00f5ites, ainult maastikul.<\/p>\n","protected":false},"excerpt":{"rendered":"<p>PureluxTarne p\u00f5hisisu,Lisatulehoidik EU numbrim\u00e4rgile, Purelux,Relee juhtmestiku komplekt Purelux Pro Serie 12V, HD,DTP (1 v\u00e4ljund)<\/p>\n","protected":false},"featured_media":5496,"comment_status":"closed","ping_status":"open","template":"","meta":{"_monsterinsights_skip_tracking":false,"_monsterinsights_sitenote_active":false,"_monsterinsights_sitenote_note":"","_monsterinsights_sitenote_category":0},"product_brand":[],"product_cat":[708],"product_tag":[],"class_list":{"0":"post-5488","1":"product","2":"type-product","3":"status-publish","4":"has-post-thumbnail","6":"product_cat-lisatuled","7":"pa_brand-purelux","8":"pa_kasutusotstarve-auto-lisatuled","9":"pa_uhiku-hind-447-70e-tk","10":"pa_voimsus-180w-ref-40-5000k","12":"first","13":"onbackorder","14":"sale","15":"taxable","16":"shipping-taxable","17":"purchasable","18":"product-type-simple"},"_links":{"self":[{"href":"https:\/\/chemicalstore.ee\/ru\/wp-json\/wp\/v2\/product\/5488","targetHints":{"allow":["GET"]}}],"collection":[{"href":"https:\/\/chemicalstore.ee\/ru\/wp-json\/wp\/v2\/product"}],"about":[{"href":"https:\/\/chemicalstore.ee\/ru\/wp-json\/wp\/v2\/types\/product"}],"replies":[{"embeddable":true,"href":"https:\/\/chemicalstore.ee\/ru\/wp-json\/wp\/v2\/comments?post=5488"}],"wp:featuredmedia":[{"embeddable":true,"href":"https:\/\/chemicalstore.ee\/ru\/wp-json\/wp\/v2\/media\/5496"}],"wp:attachment":[{"href":"https:\/\/chemicalstore.ee\/ru\/wp-json\/wp\/v2\/media?parent=5488"}],"wp:term":[{"taxonomy":"product_brand","embeddable":true,"href":"https:\/\/chemicalstore.ee\/ru\/wp-json\/wp\/v2\/product_brand?post=5488"},{"taxonomy":"product_cat","embeddable":true,"href":"https:\/\/chemicalstore.ee\/ru\/wp-json\/wp\/v2\/product_cat?post=5488"},{"taxonomy":"product_tag","embeddable":true,"href":"https:\/\/chemicalstore.ee\/ru\/wp-json\/wp\/v2\/product_tag?post=5488"}],"curies":[{"name":"wp","href":"https:\/\/api.w.org\/{rel}","templated":true}]}}