{"id":5484,"date":"2024-11-16T14:29:09","date_gmt":"2024-11-16T14:29:09","guid":{"rendered":"https:\/\/chemicalstore.ee\/toode\/lisatuli-paneel-flash-s560sirge-56cm-purelux-2\/"},"modified":"2024-11-16T14:29:18","modified_gmt":"2024-11-16T14:29:18","slug":"lisatuli-paneel-flash-s560sirge-56cm-purelux-2","status":"publish","type":"product","link":"https:\/\/chemicalstore.ee\/ru\/toode\/lisatuli-paneel-flash-s560sirge-56cm-purelux-2\/","title":{"rendered":"Lisatuli Paneel Flash S560,sirge 56cm &#8211; Purelux"},"content":{"rendered":"<p>Purelux Flash S560 on \u00e4\u00e4rmiselt stiilne t\u00e4iendus tootja populaarsele Flash-seeriale, mis toimib traditsioonilise kaugtulena, aga ka hoiatustulena. Paneeli 40 tippkvaliteetset Osram 5W LED-i pakuvad mugavat valgust \u2013 eriti pika t\u00f6\u00f6ajaga pakub Flash S560 valgusv\u00f5imsust 5000 m\u00f5\u00f5detud luumenit. Suur valgusv\u00f5imsus koos hoolikalt rakendatud uusima helkuritehnoloogiaga tagavad suurep\u00e4rase n\u00e4htavuse nii teeservadele kui ka kaugele ette. Valguse m\u00f5\u00f5detud ulatus on 400 meetrit (@ 1 luks). Lisaks on Flash S560 paneeli \u00fclaservas integreeritud 10 komplekti, mis sisaldavad mitut LED-i, mida saab seadistada t\u00f6\u00f6tama kas seisutuledena v\u00f5i hoiatustuledena. Parkimistuli saab p\u00f5leda kas elegantse kollakasoran\u017ei v\u00f5i ECE R7 heakskiiduga valgena. ECE R65 heakskiiduga hoiatustulede funktsiooni saab sisse l\u00fclitada n\u00e4iteks teet\u00f6\u00f6de ajal. M\u00e4rgutule olulisim \u00fclesanne on juhtida kasutusobjektil liikujate t\u00e4helepanu, et tagada nii t\u00f6\u00f6tajate kui ka teiste piirkonnas liikujate ohutus. Purelux Flash S560 paneeli mitmek\u00fclgsed funktsioonid tagavad nii s\u00f5idu- kui ka t\u00f6\u00f6ohutuse!Flash S560 lambi tume kaherealine optika, sihvakas korpus ja raamita nn &#8220;no edge&#8221; objektiiv moodustavad elegantse terviku, t\u00e4nu millele on s\u00f5idukist s\u00f5ltumata tagatud suurejooneline paigaldus. T\u00e4nu raamita l\u00e4\u00e4tsestruktuurile j\u00e4\u00e4b lambi esiosa ka kehvemate ilmastikuolude korral ja n\u00f5udlikul maastikul s\u00f5ites palju puhtamaks, sest nagu enamikul teistel lisatuledel, puudub ka selles valguses raami poolt moodustatud krae. Objektiiv on valmistatud UV-kaitsega, praktiliselt purunematust pol\u00fckarbonaadist. V\u00e4ga m\u00f5nus 5700K v\u00e4rvitemperatuur r\u00f5\u00f5mustab silma ka lumisel maastikul s\u00f5ites.<\/p>\n","protected":false},"excerpt":{"rendered":"<p>PureluxTarne p\u00f5hisisu,Pureluxi releekaablite komplekt lihtsaks \u00fchendamiseks, 1 tk,Klambrid, 2 tk,Otsa paigaldatav numbrim\u00e4rgi hoidik s\u00fcvistamiseks, 1 tk<\/p>\n","protected":false},"featured_media":5485,"comment_status":"closed","ping_status":"open","template":"","meta":{"_monsterinsights_skip_tracking":false,"_monsterinsights_sitenote_active":false,"_monsterinsights_sitenote_note":"","_monsterinsights_sitenote_category":0},"product_brand":[],"product_cat":[708],"product_tag":[],"class_list":{"0":"post-5484","1":"product","2":"type-product","3":"status-publish","4":"has-post-thumbnail","6":"product_cat-lisatuled","7":"pa_brand-purelux","8":"pa_kasutusotstarve-auto-lisatuled","9":"pa_uhiku-hind-289-60e-tk","10":"pa_voimsus-200w-ref-45-5700k","12":"first","13":"onbackorder","14":"sale","15":"taxable","16":"shipping-taxable","17":"purchasable","18":"product-type-simple"},"_links":{"self":[{"href":"https:\/\/chemicalstore.ee\/ru\/wp-json\/wp\/v2\/product\/5484","targetHints":{"allow":["GET"]}}],"collection":[{"href":"https:\/\/chemicalstore.ee\/ru\/wp-json\/wp\/v2\/product"}],"about":[{"href":"https:\/\/chemicalstore.ee\/ru\/wp-json\/wp\/v2\/types\/product"}],"replies":[{"embeddable":true,"href":"https:\/\/chemicalstore.ee\/ru\/wp-json\/wp\/v2\/comments?post=5484"}],"wp:featuredmedia":[{"embeddable":true,"href":"https:\/\/chemicalstore.ee\/ru\/wp-json\/wp\/v2\/media\/5485"}],"wp:attachment":[{"href":"https:\/\/chemicalstore.ee\/ru\/wp-json\/wp\/v2\/media?parent=5484"}],"wp:term":[{"taxonomy":"product_brand","embeddable":true,"href":"https:\/\/chemicalstore.ee\/ru\/wp-json\/wp\/v2\/product_brand?post=5484"},{"taxonomy":"product_cat","embeddable":true,"href":"https:\/\/chemicalstore.ee\/ru\/wp-json\/wp\/v2\/product_cat?post=5484"},{"taxonomy":"product_tag","embeddable":true,"href":"https:\/\/chemicalstore.ee\/ru\/wp-json\/wp\/v2\/product_tag?post=5484"}],"curies":[{"name":"wp","href":"https:\/\/api.w.org\/{rel}","templated":true}]}}