{"id":5468,"date":"2024-11-16T14:29:09","date_gmt":"2024-11-16T14:29:09","guid":{"rendered":"https:\/\/chemicalstore.ee\/toode\/juhtmevaba-haagise-valgustite-komplekttrailer-light-kit-purelux\/"},"modified":"2024-11-16T14:29:17","modified_gmt":"2024-11-16T14:29:17","slug":"juhtmevaba-haagise-valgustite-komplekttrailer-light-kit-purelux","status":"publish","type":"product","link":"https:\/\/chemicalstore.ee\/ru\/toode\/juhtmevaba-haagise-valgustite-komplekttrailer-light-kit-purelux\/","title":{"rendered":"Juhtmevaba haagise valgustite komplekt,Trailer Light Kit  &#8211; Purelux"},"content":{"rendered":"<p>Pureluxi haagise tulede komplekt on maanteeliikluseks heaks kiidetud neljafunktsiooniline tagatulede paar, t\u00e4isjuhtmevaba juhtimine, mida saab oma magnetkinnitustega paigaldada nt paadihaagisele v\u00f5i haagisele. Haagise tulede komplekti kuuluvatel tuledel on neli funktsiooni: automaatselt t\u00f6\u00f6tavad suunatuled, taga- ja pidurituled ning eraldi sisse l\u00fclitatav numbrim\u00e4rgi tuli. Tulede t\u00f6\u00f6p\u00f5him\u00f5te on lihtne &#8211; kaasas olev saatja on \u00fchendatud auto 7-kontaktilise pistikuga, mis loeb autost tulevaid signaale (nt suunatulede sissel\u00fclitamise infot) ja edastab signaalid tuledele, mis toimivad nn. vastuv\u00f5tjad, mis omakorda t\u00e4idavad autost tulevaid funktsioone. Saatja t\u00f6\u00f6ulatus on kuni 30 meetrit, seega on paigaldus v\u00f5imalik ka peale pikemat kombineerimist! \u00c4\u00e4rmiselt mugav, nt paadihaagises, kus soovitakse tuled eemaldada, kui paadi langetatakse v\u00f5i veest t\u00f5stetakse v\u00f5i haagistesse, kuhu \u00fchel v\u00f5i teisel p\u00f5hjusel ei taheta v\u00f5i ei saa paigaldada fikseeritud tuled. Juhtmevabad tuled toimivad ka suurep\u00e4rase avariivarundusena, kui k\u00e4ru enda tuled eba\u00f5nnestuvad. Toode tarnitakse mugavas transpordi\/hoiukotis! T\u00f6\u00f6tab 12V s\u00fcsteemides.Tulede sisseehitatud 2600 mAh akud tagavad tootja kinnitusel t\u00e4islaetud t\u00f6\u00f6aega kuni 8 tundi ja seega sobivad need ka pikemateks \u00fcleminekuteks! Aku laadimispesa asub valgusti tagak\u00fcljel silikoonist kaitseklapi all ning m\u00f5lema tule samaaegset laadimist saab h\u00f5lpsasti teha kaasasoleva 2-harulise Micro-USB laadimiskaabliga. Lisaks on kaasas laadimiseks auto sigaretis\u00fc\u00fctajale sobiv adapter. Tuledel on ka lihtsalt loetav aku laetuse oleku indikaator!<\/p>\n","protected":false},"excerpt":{"rendered":"<p>PureluxTarne sisu Tagumine tuli, parem (R)Tagumine tuli, vasak (L),Pistikuga \u00fchendatav 7-kontaktiline saatja,Abiko juhtmeklemmid, nn &#8220;Fast clip&#8221; kate,Kahe Micro-USB v\u00e4ljundiga USB laadimiskaabel,USB laadimispesa sigaretis\u00fc\u00fctaja jaoks,Kandekott\/hoiukott,Kasutusjuhend (EN, FI, SE, NO)<\/p>\n","protected":false},"featured_media":5469,"comment_status":"closed","ping_status":"open","template":"","meta":{"_monsterinsights_skip_tracking":false,"_monsterinsights_sitenote_active":false,"_monsterinsights_sitenote_note":"","_monsterinsights_sitenote_category":0},"product_brand":[],"product_cat":[708],"product_tag":[],"class_list":{"0":"post-5468","1":"product","2":"type-product","3":"status-publish","4":"has-post-thumbnail","6":"product_cat-lisatuled","7":"pa_brand-purelux","8":"pa_kasutusotstarve-treileri-tuled","9":"pa_omadused-lihtne-eemaldada-ja-paigaldada","10":"pa_uhiku-hind-129-90e-tk","12":"first","13":"onbackorder","14":"sale","15":"taxable","16":"shipping-taxable","17":"purchasable","18":"product-type-simple"},"_links":{"self":[{"href":"https:\/\/chemicalstore.ee\/ru\/wp-json\/wp\/v2\/product\/5468","targetHints":{"allow":["GET"]}}],"collection":[{"href":"https:\/\/chemicalstore.ee\/ru\/wp-json\/wp\/v2\/product"}],"about":[{"href":"https:\/\/chemicalstore.ee\/ru\/wp-json\/wp\/v2\/types\/product"}],"replies":[{"embeddable":true,"href":"https:\/\/chemicalstore.ee\/ru\/wp-json\/wp\/v2\/comments?post=5468"}],"wp:featuredmedia":[{"embeddable":true,"href":"https:\/\/chemicalstore.ee\/ru\/wp-json\/wp\/v2\/media\/5469"}],"wp:attachment":[{"href":"https:\/\/chemicalstore.ee\/ru\/wp-json\/wp\/v2\/media?parent=5468"}],"wp:term":[{"taxonomy":"product_brand","embeddable":true,"href":"https:\/\/chemicalstore.ee\/ru\/wp-json\/wp\/v2\/product_brand?post=5468"},{"taxonomy":"product_cat","embeddable":true,"href":"https:\/\/chemicalstore.ee\/ru\/wp-json\/wp\/v2\/product_cat?post=5468"},{"taxonomy":"product_tag","embeddable":true,"href":"https:\/\/chemicalstore.ee\/ru\/wp-json\/wp\/v2\/product_tag?post=5468"}],"curies":[{"name":"wp","href":"https:\/\/api.w.org\/{rel}","templated":true}]}}